{"id":4963,"date":"2025-10-07T13:40:50","date_gmt":"2025-10-07T13:40:50","guid":{"rendered":"https:\/\/www.michelinemusic.com\/chalet-vence\/"},"modified":"2025-10-07T15:31:11","modified_gmt":"2025-10-07T15:31:11","slug":"chalet-vence","status":"publish","type":"page","link":"https:\/\/www.michelinemusic.com\/fr\/chalet-vence\/","title":{"rendered":"Chalet Vence"},"content":{"rendered":"\t\t<div data-elementor-type=\"wp-page\" data-elementor-id=\"4963\" class=\"elementor elementor-4963 elementor-4766\">\n\t\t\t\t<div class=\"elementor-element elementor-element-a646df2 e-con-full e-flex e-con e-parent\" data-id=\"a646df2\" data-element_type=\"container\" data-e-type=\"container\">\n\t\t\t\t<div class=\"elementor-element elementor-element-58ebdea elementor-arrows-position-inside elementor-pagination-position-outside elementor-widget elementor-widget-image-carousel\" data-id=\"58ebdea\" data-element_type=\"widget\" data-e-type=\"widget\" data-settings=\"{&quot;slides_to_show&quot;:&quot;1&quot;,&quot;navigation&quot;:&quot;both&quot;,&quot;autoplay&quot;:&quot;yes&quot;,&quot;pause_on_hover&quot;:&quot;yes&quot;,&quot;pause_on_interaction&quot;:&quot;yes&quot;,&quot;autoplay_speed&quot;:5000,&quot;infinite&quot;:&quot;yes&quot;,&quot;effect&quot;:&quot;slide&quot;,&quot;speed&quot;:500}\" data-widget_type=\"image-carousel.default\">\n\t\t\t\t<div class=\"elementor-widget-container\">\n\t\t\t\t\t\t\t<div class=\"elementor-image-carousel-wrapper swiper\" role=\"region\" aria-roledescription=\"carousel\" aria-label=\"Image Carousel\" dir=\"ltr\">\n\t\t\t<div class=\"elementor-image-carousel swiper-wrapper\" aria-live=\"off\">\n\t\t\t\t\t\t\t\t<div class=\"swiper-slide\" role=\"group\" aria-roledescription=\"slide\" aria-label=\"1 sur 8\"><figure class=\"swiper-slide-inner\"><img decoding=\"async\" class=\"swiper-slide-image\" src=\"https:\/\/www.michelinemusic.com\/wp-content\/uploads\/2025\/10\/IMG_1594.jpeg\" alt=\"IMG_1594\" \/><\/figure><\/div><div class=\"swiper-slide\" role=\"group\" aria-roledescription=\"slide\" aria-label=\"2 sur 8\"><figure class=\"swiper-slide-inner\"><img decoding=\"async\" class=\"swiper-slide-image\" src=\"https:\/\/www.michelinemusic.com\/wp-content\/uploads\/2025\/10\/IMG_1590.jpeg\" alt=\"IMG_1590\" \/><\/figure><\/div><div class=\"swiper-slide\" role=\"group\" aria-roledescription=\"slide\" aria-label=\"3 sur 8\"><figure class=\"swiper-slide-inner\"><img decoding=\"async\" class=\"swiper-slide-image\" src=\"https:\/\/www.michelinemusic.com\/wp-content\/uploads\/2025\/10\/IMG_1589.jpeg\" alt=\"IMG_1589\" \/><\/figure><\/div><div class=\"swiper-slide\" role=\"group\" aria-roledescription=\"slide\" aria-label=\"4 sur 8\"><figure class=\"swiper-slide-inner\"><img decoding=\"async\" class=\"swiper-slide-image\" src=\"https:\/\/www.michelinemusic.com\/wp-content\/uploads\/2025\/10\/IMG_6886.jpeg\" alt=\"IMG_6886\" \/><\/figure><\/div><div class=\"swiper-slide\" role=\"group\" aria-roledescription=\"slide\" aria-label=\"5 sur 8\"><figure class=\"swiper-slide-inner\"><img decoding=\"async\" class=\"swiper-slide-image\" src=\"https:\/\/www.michelinemusic.com\/wp-content\/uploads\/2025\/10\/IMG_4905-2.jpeg\" alt=\"IMG_4905 2\" \/><\/figure><\/div><div class=\"swiper-slide\" role=\"group\" aria-roledescription=\"slide\" aria-label=\"6 sur 8\"><figure class=\"swiper-slide-inner\"><img decoding=\"async\" class=\"swiper-slide-image\" src=\"https:\/\/www.michelinemusic.com\/wp-content\/uploads\/2025\/10\/IMG_1781.jpeg\" alt=\"IMG_1781\" \/><\/figure><\/div><div class=\"swiper-slide\" role=\"group\" aria-roledescription=\"slide\" aria-label=\"7 sur 8\"><figure class=\"swiper-slide-inner\"><img decoding=\"async\" class=\"swiper-slide-image\" src=\"https:\/\/www.michelinemusic.com\/wp-content\/uploads\/2025\/10\/IMG_9191.jpg\" alt=\"IMG_9191\" \/><\/figure><\/div><div class=\"swiper-slide\" role=\"group\" aria-roledescription=\"slide\" aria-label=\"8 sur 8\"><figure class=\"swiper-slide-inner\"><img decoding=\"async\" class=\"swiper-slide-image\" src=\"https:\/\/www.michelinemusic.com\/wp-content\/uploads\/2025\/10\/IMG_6886.jpg\" alt=\"IMG_6886\" \/><\/figure><\/div>\t\t\t<\/div>\n\t\t\t\t\t\t\t\t\t\t\t\t<div class=\"elementor-swiper-button elementor-swiper-button-prev\" role=\"button\" tabindex=\"0\">\n\t\t\t\t\t\t<svg aria-hidden=\"true\" class=\"e-font-icon-svg e-eicon-chevron-left\" viewBox=\"0 0 1000 1000\" xmlns=\"http:\/\/www.w3.org\/2000\/svg\"><path d=\"M646 125C629 125 613 133 604 142L308 442C296 454 292 471 292 487 292 504 296 521 308 533L604 854C617 867 629 875 646 875 663 875 679 871 692 858 704 846 713 829 713 812 713 796 708 779 692 767L438 487 692 225C700 217 708 204 708 187 708 171 704 154 692 142 675 129 663 125 646 125Z\"><\/path><\/svg>\t\t\t\t\t<\/div>\n\t\t\t\t\t<div class=\"elementor-swiper-button elementor-swiper-button-next\" role=\"button\" tabindex=\"0\">\n\t\t\t\t\t\t<svg aria-hidden=\"true\" class=\"e-font-icon-svg e-eicon-chevron-right\" viewBox=\"0 0 1000 1000\" xmlns=\"http:\/\/www.w3.org\/2000\/svg\"><path d=\"M696 533C708 521 713 504 713 487 713 471 708 454 696 446L400 146C388 133 375 125 354 125 338 125 325 129 313 142 300 154 292 171 292 187 292 204 296 221 308 233L563 492 304 771C292 783 288 800 288 817 288 833 296 850 308 863 321 871 338 875 354 875 371 875 388 867 400 854L696 533Z\"><\/path><\/svg>\t\t\t\t\t<\/div>\n\t\t\t\t\n\t\t\t\t\t\t\t\t\t<div class=\"swiper-pagination\"><\/div>\n\t\t\t\t\t\t\t\t\t<\/div>\n\t\t\t\t\t\t<\/div>\n\t\t\t\t<\/div>\n\t\t\t\t<\/div>\n\t\t<div class=\"elementor-element elementor-element-f5f4e54 e-flex e-con-boxed e-con e-parent\" data-id=\"f5f4e54\" data-element_type=\"container\" data-e-type=\"container\">\n\t\t\t\t\t<div class=\"e-con-inner\">\n\t\t\t\t<div class=\"elementor-element elementor-element-04e0d23 elementor-widget elementor-widget-wpml-language-switcher\" data-id=\"04e0d23\" data-element_type=\"widget\" data-e-type=\"widget\" data-widget_type=\"wpml-language-switcher.default\">\n\t\t\t\t<div class=\"elementor-widget-container\">\n\t\t\t\t\t<div class=\"wpml-elementor-ls\">\n<div class=\"wpml-ls-statics-shortcode_actions wpml-ls wpml-ls-legacy-list-horizontal\">\n\t<ul role=\"menu\"><li class=\"wpml-ls-slot-shortcode_actions wpml-ls-item wpml-ls-item-en wpml-ls-first-item wpml-ls-item-legacy-list-horizontal\" role=\"none\">\n\t\t\t\t<a href=\"https:\/\/www.michelinemusic.com\/\" class=\"wpml-ls-link\" role=\"menuitem\"  aria-label=\"Passer \u00e0 Anglais\" title=\"Passer \u00e0 Anglais\" >\n                                                        <img decoding=\"async\"\n            class=\"wpml-ls-flag\"\n            src=\"https:\/\/www.michelinemusic.com\/wp-content\/plugins\/sitepress-multilingual-cms\/res\/flags\/en.svg\"\n            alt=\"Anglais\"\n            width=18\n            height=12\n    \/><\/a>\n\t\t\t<\/li><li class=\"wpml-ls-slot-shortcode_actions wpml-ls-item wpml-ls-item-nl wpml-ls-item-legacy-list-horizontal\" role=\"none\">\n\t\t\t\t<a href=\"https:\/\/www.michelinemusic.com\/nl\/\" class=\"wpml-ls-link\" role=\"menuitem\"  aria-label=\"Passer \u00e0 N\u00e9erlandais\" title=\"Passer \u00e0 N\u00e9erlandais\" >\n                                                        <img decoding=\"async\"\n            class=\"wpml-ls-flag\"\n            src=\"https:\/\/www.michelinemusic.com\/wp-content\/plugins\/sitepress-multilingual-cms\/res\/flags\/nl.svg\"\n            alt=\"N\u00e9erlandais\"\n            width=18\n            height=12\n    \/><\/a>\n\t\t\t<\/li><li class=\"wpml-ls-slot-shortcode_actions wpml-ls-item wpml-ls-item-fr wpml-ls-current-language wpml-ls-last-item wpml-ls-item-legacy-list-horizontal\" role=\"none\">\n\t\t\t\t<a href=\"https:\/\/www.michelinemusic.com\/fr\/\" class=\"wpml-ls-link\" role=\"menuitem\" >\n                                                        <img decoding=\"async\"\n            class=\"wpml-ls-flag\"\n            src=\"https:\/\/www.michelinemusic.com\/wp-content\/plugins\/sitepress-multilingual-cms\/res\/flags\/fr.svg\"\n            alt=\"Fran\u00e7ais\"\n            width=18\n            height=12\n    \/><\/a>\n\t\t\t<\/li><\/ul>\n<\/div>\n<\/div>\t\t\t\t<\/div>\n\t\t\t\t<\/div>\n\t\t\t\t\t<\/div>\n\t\t\t\t<\/div>\n\t\t<div class=\"elementor-element elementor-element-abc342f e-flex e-con-boxed e-con e-parent\" data-id=\"abc342f\" data-element_type=\"container\" data-e-type=\"container\">\n\t\t\t\t\t<div class=\"e-con-inner\">\n\t\t<div class=\"elementor-element elementor-element-9746f2e e-con-full e-flex e-con e-child\" data-id=\"9746f2e\" data-element_type=\"container\" data-e-type=\"container\">\n\t\t\t\t<div class=\"elementor-element elementor-element-d01ba3d elementor-widget elementor-widget-text-editor\" data-id=\"d01ba3d\" data-element_type=\"widget\" data-e-type=\"widget\" data-widget_type=\"text-editor.default\">\n\t\t\t\t<div class=\"elementor-widget-container\">\n\t\t\t\t\t\t\t\t\t<h3 class=\"page-medium-title\"><span style=\"color: #800000;\">Chalet de La Cigogne &#8211; Vence &#8211; Saint- Paul-de-Vence<br \/>\n<\/span><\/h3>\n<p><\/p>\n<p class=\"p1\">A seulement deux pas du village d&rsquo;artistes de Saint Paul de Vence, nich\u00e9 dans les montagnes et \u00e0 une demie heure de l&rsquo;a\u00e9roport de Nice et de la plage, le Chalet de La Cigogne vous accueille pour du bonheur. Un lieu pour s&rsquo;\u00e9chapper \u00e0 deux de la vie quotidienne, pour se promener dans les for\u00eats qui entourent la domaine et d\u00e9guster les sp\u00e9cialit\u00e9s qui ont le go\u00fbt du soleil. Un jour \u00e0 la mer, un jour dans les montagnes, fl\u00e2ner sur les march\u00e9s, d\u00e9couvrir des \u0153uvres d&rsquo;art au hasard des galeries et dans les mus\u00e9es de Vence et de Saint Paul de Vence.<\/p>\n<p><\/p>\n<p class=\"p1\">Les deux maisons en bois sont dans un style proven\u00e7al authentique. La cuisine est \u00e9quip\u00e9e d&rsquo;une lave vaisselle, d&rsquo;un four \u00e9lectrique, d&rsquo;une grande table, d&rsquo;un garde manger, d&rsquo;un frigidaire \/cong\u00e9lateur sans oublier cafeti\u00e8re et ustensiles de cuisine. Au salon: fauteuil confortable,\u00a0climatiseur r\u00e9versible et table basse. Dans la salle de bain WC, lavabo, douche et serviettes. Dans la maison \u00e0 coucher vous trouverez un lit avec matelas pour deux ou bien deux lits s\u00e9par\u00e9s, \u00e0 votre convenance.\u00a0 A l&rsquo;ext\u00e9rieur une terrasse avec une table, quatre chaises, chaises longues et l&rsquo;acc\u00e8s au jardin,\u00a0 potager et poullailer.<\/p>\n\t\t\t\t\t\t\t\t<\/div>\n\t\t\t\t<\/div>\n\t\t\t\t<\/div>\n\t\t<div class=\"elementor-element elementor-element-f921358 e-con-full e-flex e-con e-child\" data-id=\"f921358\" data-element_type=\"container\" data-e-type=\"container\">\n\t\t\t\t<div class=\"elementor-element elementor-element-eebb72e elementor-widget elementor-widget-spacer\" data-id=\"eebb72e\" data-element_type=\"widget\" data-e-type=\"widget\" data-widget_type=\"spacer.default\">\n\t\t\t\t<div class=\"elementor-widget-container\">\n\t\t\t\t\t\t\t<div class=\"elementor-spacer\">\n\t\t\t<div class=\"elementor-spacer-inner\"><\/div>\n\t\t<\/div>\n\t\t\t\t\t\t<\/div>\n\t\t\t\t<\/div>\n\t\t\t\t<div class=\"elementor-element elementor-element-6a82994 elementor-widget elementor-widget-image\" data-id=\"6a82994\" data-element_type=\"widget\" data-e-type=\"widget\" data-widget_type=\"image.default\">\n\t\t\t\t<div class=\"elementor-widget-container\">\n\t\t\t\t\t\t\t\t\t\t\t\t\t\t\t<img fetchpriority=\"high\" decoding=\"async\" width=\"400\" height=\"267\" src=\"https:\/\/www.michelinemusic.com\/wp-content\/uploads\/2025\/05\/Table-wine.jpg\" class=\"attachment-large size-large wp-image-4133\" alt=\"\" srcset=\"https:\/\/www.michelinemusic.com\/wp-content\/uploads\/2025\/05\/Table-wine.jpg 400w, https:\/\/www.michelinemusic.com\/wp-content\/uploads\/2025\/05\/Table-wine-300x200.jpg 300w\" sizes=\"(max-width: 400px) 100vw, 400px\" \/>\t\t\t\t\t\t\t\t\t\t\t\t\t\t\t<\/div>\n\t\t\t\t<\/div>\n\t\t\t\t<\/div>\n\t\t\t\t\t<\/div>\n\t\t\t\t<\/div>\n\t\t<div class=\"elementor-element elementor-element-e69337a e-flex e-con-boxed e-con e-parent\" data-id=\"e69337a\" data-element_type=\"container\" data-e-type=\"container\">\n\t\t\t\t\t<div class=\"e-con-inner\">\n\t\t<div class=\"elementor-element elementor-element-ba0f2b6 e-con-full e-flex e-con e-child\" data-id=\"ba0f2b6\" data-element_type=\"container\" data-e-type=\"container\">\n\t\t\t\t<div class=\"elementor-element elementor-element-1ba47ac elementor-widget elementor-widget-text-editor\" data-id=\"1ba47ac\" data-element_type=\"widget\" data-e-type=\"widget\" data-widget_type=\"text-editor.default\">\n\t\t\t\t<div class=\"elementor-widget-container\">\n\t\t\t\t\t\t\t\t\t<h3 class=\"page-medium-title\"><span style=\"color: #800000;\">Info<\/span><\/h3><br><ul>\r\n \t<li class=\"li1\">1 x par semaine les draps et taies d&rsquo;oreiller sont renouvel\u00e9s .<\/li>\r\n \t<li class=\"li1\">Draps et serviettes sont fournis.<\/li>\r\n \t<li class=\"li1\">Navette pour l&rsquo;a\u00e9roport de Nice ou gare de Nice: \u20ac55,00.<\/li>\r\n \t<li class=\"li1\">Guide de promenades en Fran\u00e7ais.<\/li>\r\n \t<li class=\"li1\">Il est conseill\u00e9 de louer un v\u00e9hicule.<\/li>\r\n<\/ul><br><span style=\"color: #800000; font-size: 28px;\">Policy<\/span><br><ul>\r\n \t<li class=\"p1\">Acompte de 25% pour confirmation de r\u00e9servation.<\/li>\r\n \t<li class=\"p1\">Le montant restant doit \u00eatre r\u00e9gl\u00e9 par virement bancaire au plus tard 30 jours avant l&rsquo;arriv\u00e9e.<\/li>\r\n \t<li class=\"p1\">Le prix exclut les frais de m\u00e9nage de 50 \u20ac et la taxe, soit 2,50 \u20ac par adulte et par nuit.<\/li>\r\n \t<li class=\"p1\">Interdiction de fumer dans les chalets.<\/li>\r\n \t<li class=\"p1\">Les animaux sont les bienvenus apr\u00e8s consultation. Un suppl\u00e9ment de 50\u20ac est appliqu\u00e9. Ils ne sont pas autoris\u00e9s sur le lit ni sur les meubles.<\/li>\r\n \t<li>Les b\u00e9b\u00e9s sont les bienvenus ! Un suppl\u00e9ment de 10 \u20ac par jour est factur\u00e9 si le b\u00e9b\u00e9 est une troisi\u00e8me personne. Ce suppl\u00e9ment comprend un lit b\u00e9b\u00e9.<\/li>\r\n<\/ul>\t\t\t\t\t\t\t\t<\/div>\n\t\t\t\t<\/div>\n\t\t\t\t<\/div>\n\t\t<div class=\"elementor-element elementor-element-e40fb57 e-con-full e-flex e-con e-child\" data-id=\"e40fb57\" data-element_type=\"container\" data-e-type=\"container\">\n\t\t\t\t<div class=\"elementor-element elementor-element-8d01ca7 elementor-widget elementor-widget-text-editor\" data-id=\"8d01ca7\" data-element_type=\"widget\" data-e-type=\"widget\" data-widget_type=\"text-editor.default\">\n\t\t\t\t<div class=\"elementor-widget-container\">\n\t\t\t\t\t\t\t\t\t<h3 class=\"page-medium-title\"><span style=\"color: #993300;\">\u00c9quipements et installations<\/span><\/h3>\n<p><\/p>\n<p class=\"p1\"><b>Chalet de Vie<\/b><\/p>\n<p><\/p>\n<p class=\"p1\">\ud83d\udec1 <b>Salle de bain<\/b> : Douche, toilettes, lavabo, serviettes.<br \/>\ud83d\udecb\ufe0f <b>Salon<\/b> : Fauteuil, table basse, climatisation r\u00e9versible (chaud\/froid).<br \/>\ud83c\udf7d\ufe0f <b>Cuisine<\/b> : Lave-vaisselle, plaque de cuisson, cafeti\u00e8re, r\u00e9frig\u00e9rateur-cong\u00e9lateur, couverts, ustensiles de cuisine.<\/p>\n<p><\/p>\n<p class=\"p1\"><b>Chalet de Nuit<\/b><\/p>\n<p><\/p>\n<p class=\"p1\">\ud83d\udecf\ufe0f <b>Chambre<\/b> : Lit King size ou deux lits simples, toilettes, armoire, commode, ventilateur.<\/p>\n<p><\/p>\n<p class=\"p1\">\ud83c\udf1e <b>Terrasse<\/b> : Table avec 4 chaises, grand parasol, chaises confortables.<br \/>\ud83c\udf3f <b>Ext\u00e9rieur<\/b> : Jardin cl\u00f4tur\u00e9, WiFi gratuit, barbecue \u00e0 gaz, machine \u00e0 laver, 2 places de parking gratuites.<\/p>\n<p><\/p>\n<p class=\"p1\">\ud83d\udccf <b>Surface<\/b> : 80 m\u00b2<br \/>\ud83c\udfe1 <b>Grande maison sur le terrain (1 ha), disponible \u00e0 la location si nous ne sommes pas pr\u00e9sents.<\/b><b><\/b><\/p>\n<p><\/p>\n<p class=\"p1\"><span class=\"s1\">\ud83d\udccd<\/span> <b>\u00c0 4 km de Saint-Paul-de-Vence, 5 km de Vence, et \u00e0 700 m de la navette gratuite vers Vence (toutes les 30 minutes de 06h30 \u00e0 19h30, sauf le dimanche).<\/b><\/p>\n\t\t\t\t\t\t\t\t<\/div>\n\t\t\t\t<\/div>\n\t\t\t\t<\/div>\n\t\t\t\t\t<\/div>\n\t\t\t\t<\/div>\n\t\t<div class=\"elementor-element elementor-element-279b8d9 e-flex e-con-boxed e-con e-parent\" data-id=\"279b8d9\" data-element_type=\"container\" data-e-type=\"container\">\n\t\t\t\t\t<div class=\"e-con-inner\">\n\t\t<div class=\"elementor-element elementor-element-1a0873b e-con-full e-flex e-con e-child\" data-id=\"1a0873b\" data-element_type=\"container\" data-e-type=\"container\">\n\t\t\t\t<div class=\"elementor-element elementor-element-d84fa93 elementor-widget elementor-widget-text-editor\" data-id=\"d84fa93\" data-element_type=\"widget\" data-e-type=\"widget\" data-widget_type=\"text-editor.default\">\n\t\t\t\t<div class=\"elementor-widget-container\">\n\t\t\t\t\t\t\t\t\t<h3 class=\"page-medium-title\"><span style=\"color: #800000;\">Prix<\/span><\/h3>\n<p><\/p>\n<table class=\"table\">\n<tbody>\n<tr>\n<td>Mois<\/td>\n<td>Prix par semain \/ jour<\/td>\n<\/tr>\n<tr>\n<td>Mai<\/td>\n<td>\u20ac805 &#8211;\u00a0 \u20ac115<\/td>\n<\/tr>\n<tr>\n<td>Juin<\/td>\n<td>\u20ac805 &#8211;\u00a0 \u20ac115<\/td>\n<\/tr>\n<tr>\n<td>Julliet<\/td>\n<td>\u20ac805 &#8211;\u00a0 \u20ac115<\/td>\n<\/tr>\n<tr>\n<td>Au\u00f4t<\/td>\n<td>\u20ac805 &#8211;\u00a0 \u20ac115<\/td>\n<\/tr>\n<tr>\n<td>Septembre<\/td>\n<td>\u20ac805 &#8211;\u00a0 \u20ac115<\/td>\n<\/tr>\n<tr>\n<td>Octobre\/Avril<\/td>\n<td>\u20ac595 &#8211;\u00a0 \u20ac85<\/td>\n<\/tr>\n<\/tbody>\n<\/table>\n\t\t\t\t\t\t\t\t<\/div>\n\t\t\t\t<\/div>\n\t\t\t\t<\/div>\n\t\t<div class=\"elementor-element elementor-element-55de30d e-con-full e-flex e-con e-child\" data-id=\"55de30d\" data-element_type=\"container\" data-e-type=\"container\">\n\t\t\t\t<div class=\"elementor-element elementor-element-62e67fa elementor-widget elementor-widget-text-editor\" data-id=\"62e67fa\" data-element_type=\"widget\" data-e-type=\"widget\" data-widget_type=\"text-editor.default\">\n\t\t\t\t<div class=\"elementor-widget-container\">\n\t\t\t\t\t\t\t\t\t<h3 class=\"page-medium-title\"><span style=\"color: #800000;\">Contact &amp; Reservation<\/span><\/h3>\n<address>Micheline Van Hautem &amp; Willem-Hein Couwenberg<\/address>\n<address>2184 Chemin de la Sine,<br \/>06140 Vence,<br \/>Provence-Alpes-C\u00f4te d&rsquo;Azur<\/address>\n<p><span id=\"cloak750e283fbc65cbe2f92c516e1347f49c\"><a href=\"mailto:Info@michelinemusic.com\">info@michelinemusic.com<\/a><\/span><\/p>\n<p>Tel: +33 493 58 13 26<\/p>\n<p>Mob: +33 7 71 15 57 43<\/p>\n<p>\u00a0<\/p>\n\t\t\t\t\t\t\t\t<\/div>\n\t\t\t\t<\/div>\n\t\t\t\t<\/div>\n\t\t\t\t\t<\/div>\n\t\t\t\t<\/div>\n\t\t<div class=\"elementor-element elementor-element-3b4c327 e-flex e-con-boxed e-con e-parent\" data-id=\"3b4c327\" data-element_type=\"container\" data-e-type=\"container\">\n\t\t\t\t\t<div class=\"e-con-inner\">\n\t\t\t\t\t<\/div>\n\t\t\t\t<\/div>\n\t\t\t\t<\/div>\n\t\t","protected":false},"excerpt":{"rendered":"<p>Chalet de La Cigogne &#8211; Vence &#8211; Saint- Paul-de-Vence A seulement deux pas du village d&rsquo;artistes de Saint Paul de Vence, nich\u00e9 dans les montagnes et \u00e0 une demie heure de l&rsquo;a\u00e9roport de Nice et de la plage, le Chalet&#8230;<\/p>\n","protected":false},"author":2,"featured_media":0,"parent":0,"menu_order":0,"comment_status":"closed","ping_status":"closed","template":"","meta":{"footnotes":""},"class_list":["post-4963","page","type-page","status-publish","hentry"],"_links":{"self":[{"href":"https:\/\/www.michelinemusic.com\/fr\/wp-json\/wp\/v2\/pages\/4963","targetHints":{"allow":["GET"]}}],"collection":[{"href":"https:\/\/www.michelinemusic.com\/fr\/wp-json\/wp\/v2\/pages"}],"about":[{"href":"https:\/\/www.michelinemusic.com\/fr\/wp-json\/wp\/v2\/types\/page"}],"author":[{"embeddable":true,"href":"https:\/\/www.michelinemusic.com\/fr\/wp-json\/wp\/v2\/users\/2"}],"replies":[{"embeddable":true,"href":"https:\/\/www.michelinemusic.com\/fr\/wp-json\/wp\/v2\/comments?post=4963"}],"version-history":[{"count":0,"href":"https:\/\/www.michelinemusic.com\/fr\/wp-json\/wp\/v2\/pages\/4963\/revisions"}],"wp:attachment":[{"href":"https:\/\/www.michelinemusic.com\/fr\/wp-json\/wp\/v2\/media?parent=4963"}],"curies":[{"name":"wp","href":"https:\/\/api.w.org\/{rel}","templated":true}]}}