{"id":5003,"date":"2025-10-07T14:30:25","date_gmt":"2025-10-07T14:30:25","guid":{"rendered":"https:\/\/www.michelinemusic.com\/gites\/"},"modified":"2026-04-13T18:11:57","modified_gmt":"2026-04-13T18:11:57","slug":"gites","status":"publish","type":"page","link":"https:\/\/www.michelinemusic.com\/fr\/gites\/","title":{"rendered":"gites"},"content":{"rendered":"\t\t<div data-elementor-type=\"wp-page\" data-elementor-id=\"5003\" class=\"elementor elementor-5003 elementor-4129\">\n\t\t\t\t<div class=\"elementor-element elementor-element-a646df2 e-con-full e-flex e-con e-parent\" data-id=\"a646df2\" data-element_type=\"container\" data-e-type=\"container\">\n\t\t\t\t<div class=\"elementor-element elementor-element-58ebdea elementor-arrows-position-inside elementor-pagination-position-outside elementor-widget elementor-widget-image-carousel\" data-id=\"58ebdea\" data-element_type=\"widget\" data-e-type=\"widget\" data-settings=\"{&quot;slides_to_show&quot;:&quot;1&quot;,&quot;navigation&quot;:&quot;both&quot;,&quot;autoplay&quot;:&quot;yes&quot;,&quot;pause_on_hover&quot;:&quot;yes&quot;,&quot;pause_on_interaction&quot;:&quot;yes&quot;,&quot;autoplay_speed&quot;:5000,&quot;infinite&quot;:&quot;yes&quot;,&quot;effect&quot;:&quot;slide&quot;,&quot;speed&quot;:500}\" data-widget_type=\"image-carousel.default\">\n\t\t\t\t<div class=\"elementor-widget-container\">\n\t\t\t\t\t\t\t<div class=\"elementor-image-carousel-wrapper swiper\" role=\"region\" aria-roledescription=\"carousel\" aria-label=\"Image Carousel\" dir=\"ltr\">\n\t\t\t<div class=\"elementor-image-carousel swiper-wrapper\" aria-live=\"off\">\n\t\t\t\t\t\t\t\t<div class=\"swiper-slide\" role=\"group\" aria-roledescription=\"slide\" aria-label=\"1 sur 5\"><figure class=\"swiper-slide-inner\"><img decoding=\"async\" class=\"swiper-slide-image\" src=\"https:\/\/www.michelinemusic.com\/wp-content\/uploads\/2026\/03\/LaCigogne-backyard-1024x768.webp\" alt=\"*LaCigogne-backyard\" \/><\/figure><\/div><div class=\"swiper-slide\" role=\"group\" aria-roledescription=\"slide\" aria-label=\"2 sur 5\"><figure class=\"swiper-slide-inner\"><img decoding=\"async\" class=\"swiper-slide-image\" src=\"https:\/\/www.michelinemusic.com\/wp-content\/uploads\/2025\/05\/IMG_7824-1024x768.jpg\" alt=\"IMG_7824\" \/><\/figure><\/div><div class=\"swiper-slide\" role=\"group\" aria-roledescription=\"slide\" aria-label=\"3 sur 5\"><figure class=\"swiper-slide-inner\"><img decoding=\"async\" class=\"swiper-slide-image\" src=\"https:\/\/www.michelinemusic.com\/wp-content\/uploads\/2025\/05\/IMG_3620-1-1024x768.jpg\" alt=\"IMG_3620-(1)\" \/><\/figure><\/div><div class=\"swiper-slide\" role=\"group\" aria-roledescription=\"slide\" aria-label=\"4 sur 5\"><figure class=\"swiper-slide-inner\"><img decoding=\"async\" class=\"swiper-slide-image\" src=\"https:\/\/www.michelinemusic.com\/wp-content\/uploads\/2025\/05\/IMG_4679-1024x768.jpg\" alt=\"IMG_4679\" \/><\/figure><\/div><div class=\"swiper-slide\" role=\"group\" aria-roledescription=\"slide\" aria-label=\"5 sur 5\"><figure class=\"swiper-slide-inner\"><img decoding=\"async\" class=\"swiper-slide-image\" src=\"https:\/\/www.michelinemusic.com\/wp-content\/uploads\/2025\/05\/IMG_3236-1024x768.jpg\" alt=\"IMG_3236\" \/><\/figure><\/div>\t\t\t<\/div>\n\t\t\t\t\t\t\t\t\t\t\t\t<div class=\"elementor-swiper-button elementor-swiper-button-prev\" role=\"button\" tabindex=\"0\">\n\t\t\t\t\t\t<svg aria-hidden=\"true\" class=\"e-font-icon-svg e-eicon-chevron-left\" viewBox=\"0 0 1000 1000\" xmlns=\"http:\/\/www.w3.org\/2000\/svg\"><path d=\"M646 125C629 125 613 133 604 142L308 442C296 454 292 471 292 487 292 504 296 521 308 533L604 854C617 867 629 875 646 875 663 875 679 871 692 858 704 846 713 829 713 812 713 796 708 779 692 767L438 487 692 225C700 217 708 204 708 187 708 171 704 154 692 142 675 129 663 125 646 125Z\"><\/path><\/svg>\t\t\t\t\t<\/div>\n\t\t\t\t\t<div class=\"elementor-swiper-button elementor-swiper-button-next\" role=\"button\" tabindex=\"0\">\n\t\t\t\t\t\t<svg aria-hidden=\"true\" class=\"e-font-icon-svg e-eicon-chevron-right\" viewBox=\"0 0 1000 1000\" xmlns=\"http:\/\/www.w3.org\/2000\/svg\"><path d=\"M696 533C708 521 713 504 713 487 713 471 708 454 696 446L400 146C388 133 375 125 354 125 338 125 325 129 313 142 300 154 292 171 292 187 292 204 296 221 308 233L563 492 304 771C292 783 288 800 288 817 288 833 296 850 308 863 321 871 338 875 354 875 371 875 388 867 400 854L696 533Z\"><\/path><\/svg>\t\t\t\t\t<\/div>\n\t\t\t\t\n\t\t\t\t\t\t\t\t\t<div class=\"swiper-pagination\"><\/div>\n\t\t\t\t\t\t\t\t\t<\/div>\n\t\t\t\t\t\t<\/div>\n\t\t\t\t<\/div>\n\t\t\t\t<\/div>\n\t\t<div class=\"elementor-element elementor-element-abc342f e-flex e-con-boxed e-con e-parent\" data-id=\"abc342f\" data-element_type=\"container\" data-e-type=\"container\">\n\t\t\t\t\t<div class=\"e-con-inner\">\n\t\t<div class=\"elementor-element elementor-element-9746f2e e-con-full e-flex e-con e-child\" data-id=\"9746f2e\" data-element_type=\"container\" data-e-type=\"container\">\n\t\t\t\t<div class=\"elementor-element elementor-element-d01ba3d elementor-widget elementor-widget-text-editor\" data-id=\"d01ba3d\" data-element_type=\"widget\" data-e-type=\"widget\" data-widget_type=\"text-editor.default\">\n\t\t\t\t<div class=\"elementor-widget-container\">\n\t\t\t\t\t\t\t\t\t<h2>Mas de La Cigogne &#8211; Vence &#8211; Saint Paul<\/h2>\n<p>\u00c0 deux pas du village d\u2019artistes de Saint-Paul-de-Vence, entour\u00e9 de montagnes et \u00e0 une demi-heure de l\u2019a\u00e9roport de Nice et de la mer, profitez du Mas de La Cigogne. La maison peut accueillir 6 personnes et offre de magnifiques promenades dans les bois qui entourent litt\u00e9ralement le domaine.<\/p>\n<p>Savourez les d\u00e9lices aux saveurs du soleil, une journ\u00e9e \u00e0 la mer, une journ\u00e9e \u00e0 la montagne, fl\u00e2nez sur les march\u00e9s anciens, d\u00e9couvrez l\u2019art dans les nombreuses galeries et mus\u00e9es de Vence et Saint-Paul-de-Vence, ou d\u00e9tendez-vous avec un livre sur un transat au bord de la piscine.<\/p>\n<p>Toutes les pi\u00e8ces sont am\u00e9nag\u00e9es dans un style proven\u00e7al authentique : salon, salle TV\/d\u00e9tente, trois chambres, cuisines et salles de bains. La maison dispose de double vitrage et de murs \u00e9pais qui la gardent fra\u00eeche en \u00e9t\u00e9.<\/p>\n<p>\u00c0 l\u2019ext\u00e9rieur, vous trouverez une terrasse avec une grande table et 8 chaises, un coin salon avec table ronde et 4 chaises, un barbecue et un acc\u00e8s au grand jardin avec piscine et terrasse \u00e9quip\u00e9e de transats et parasols.<\/p>\n<p>Les poules et le coq apportent une touche de vie et des \u0153ufs frais chaque jour. Les arbres fruitiers, les herbes fra\u00eeches et les produits du potager sont \u00e9galement \u00e0 disposition des h\u00f4tes. Et bien s\u00fbr, le limoncello maison ! \ud83c\udf4b<\/p>\n\t\t\t\t\t\t\t\t<\/div>\n\t\t\t\t<\/div>\n\t\t\t\t<\/div>\n\t\t<div class=\"elementor-element elementor-element-f921358 e-con-full e-flex e-con e-child\" data-id=\"f921358\" data-element_type=\"container\" data-e-type=\"container\">\n\t\t\t\t<div class=\"elementor-element elementor-element-eebb72e elementor-widget elementor-widget-spacer\" data-id=\"eebb72e\" data-element_type=\"widget\" data-e-type=\"widget\" data-widget_type=\"spacer.default\">\n\t\t\t\t<div class=\"elementor-widget-container\">\n\t\t\t\t\t\t\t<div class=\"elementor-spacer\">\n\t\t\t<div class=\"elementor-spacer-inner\"><\/div>\n\t\t<\/div>\n\t\t\t\t\t\t<\/div>\n\t\t\t\t<\/div>\n\t\t\t\t<div class=\"elementor-element elementor-element-743c71c elementor-widget elementor-widget-text-editor\" data-id=\"743c71c\" data-element_type=\"widget\" data-e-type=\"widget\" data-widget_type=\"text-editor.default\">\n\t\t\t\t<div class=\"elementor-widget-container\">\n\t\t\t\t\t\t\t\t\t<p>Pour plus d&rsquo;informations sur &lsquo;Chalet de la Cigogne&rsquo; (2 pers.) sur le m\u00eame domaine \u2014 <a href=\"https:\/\/www.michelinemusic.com\/fr\/chalet-vence\/\">cliquez ici<\/a>.<\/p>\n\t\t\t\t\t\t\t\t<\/div>\n\t\t\t\t<\/div>\n\t\t\t\t<div class=\"elementor-element elementor-element-6a82994 elementor-widget elementor-widget-image\" data-id=\"6a82994\" data-element_type=\"widget\" data-e-type=\"widget\" data-widget_type=\"image.default\">\n\t\t\t\t<div class=\"elementor-widget-container\">\n\t\t\t\t\t\t\t\t\t\t\t\t\t\t\t<img fetchpriority=\"high\" decoding=\"async\" width=\"400\" height=\"267\" src=\"https:\/\/www.michelinemusic.com\/wp-content\/uploads\/2025\/05\/Table-wine.jpg\" class=\"attachment-large size-large wp-image-4133\" alt=\"\" srcset=\"https:\/\/www.michelinemusic.com\/wp-content\/uploads\/2025\/05\/Table-wine.jpg 400w, https:\/\/www.michelinemusic.com\/wp-content\/uploads\/2025\/05\/Table-wine-300x200.jpg 300w\" sizes=\"(max-width: 400px) 100vw, 400px\" \/>\t\t\t\t\t\t\t\t\t\t\t\t\t\t\t<\/div>\n\t\t\t\t<\/div>\n\t\t\t\t<\/div>\n\t\t\t\t\t<\/div>\n\t\t\t\t<\/div>\n\t\t<div class=\"elementor-element elementor-element-e69337a e-flex e-con-boxed e-con e-parent\" data-id=\"e69337a\" data-element_type=\"container\" data-e-type=\"container\">\n\t\t\t\t\t<div class=\"e-con-inner\">\n\t\t<div class=\"elementor-element elementor-element-ba0f2b6 e-con-full e-flex e-con e-child\" data-id=\"ba0f2b6\" data-element_type=\"container\" data-e-type=\"container\">\n\t\t\t\t<div class=\"elementor-element elementor-element-1ba47ac elementor-widget elementor-widget-text-editor\" data-id=\"1ba47ac\" data-element_type=\"widget\" data-e-type=\"widget\" data-widget_type=\"text-editor.default\">\n\t\t\t\t<div class=\"elementor-widget-container\">\n\t\t\t\t\t\t\t\t\t<p>Informations<\/p>\n<p>M\u00e9nage hebdomadaire et changement du linge de lit<br \/>Draps et serviettes fournis<br \/>Transfert depuis\/vers l\u2019a\u00e9roport de Nice ou la gare possible : 55 \u20ac<br \/>La maison reste fra\u00eeche gr\u00e2ce aux murs \u00e9pais et au double vitrage<br \/>Guides de randonn\u00e9e en fran\u00e7ais disponibles<br \/>Il est conseill\u00e9 de louer une voiture<br \/>\u00c0 4 km de Saint-Paul-de-Vence, 5 km de Vence, 700 m de la navette gratuite pour Vence (toutes les 30 minutes entre 6h30 et 19h30)<br \/>Sur le domaine (1 hectare), un chalet pour 2 personnes est \u00e9galement disponible \u00e0 la location<\/p>\n<p>Conditions<\/p>\n<p>Acompte de 25 % \u00e0 la r\u00e9servation<br \/>Le solde doit \u00eatre r\u00e9gl\u00e9 par virement bancaire au plus tard 30 jours avant l\u2019arriv\u00e9e<br \/>Le prix n\u2019inclut pas 100 \u20ac de frais de m\u00e9nage ni la taxe de s\u00e9jour (2,50 \u20ac par adulte et par nuit)<br \/>Merci de ne pas fumer dans la maison<br \/>Les animaux sont accept\u00e9s apr\u00e8s accord, avec un suppl\u00e9ment de 50 \u20ac. Ils ne sont pas autoris\u00e9s sur les lits ni sur les meubles<\/p>\n\t\t\t\t\t\t\t\t<\/div>\n\t\t\t\t<\/div>\n\t\t\t\t<\/div>\n\t\t<div class=\"elementor-element elementor-element-e40fb57 e-con-full e-flex e-con e-child\" data-id=\"e40fb57\" data-element_type=\"container\" data-e-type=\"container\">\n\t\t\t\t<div class=\"elementor-element elementor-element-8d01ca7 elementor-widget elementor-widget-text-editor\" data-id=\"8d01ca7\" data-element_type=\"widget\" data-e-type=\"widget\" data-widget_type=\"text-editor.default\">\n\t\t\t\t<div class=\"elementor-widget-container\">\n\t\t\t\t\t\t\t\t\t<p>\u00c9quipements<\/p>\n<p>Deux salles de bains : toilettes, douche, lavabo, s\u00e8che-serviettes, serviettes fra\u00eeches<br \/>Trois chambres : 2 lits doubles king-size, 1 lit double ou 2 lits simples (au choix), armoire, ventilateur<br \/>2 salons \/ espaces d\u00e9tente : canap\u00e9 convertible, chaise longue, table basse, lampe de lecture<br \/>2 cuisines : lave-vaisselle, cuisini\u00e8re, machine \u00e0 caf\u00e9, r\u00e9frig\u00e9rateur-cong\u00e9lateur, vaisselle, couverts, micro-ondes, machine \u00e0 pain<br \/>Terrasse : grande table avec 8 chaises, table ronde avec 4 chaises, grand parasol, barbecue<br \/>Jardin cl\u00f4tur\u00e9 avec diff\u00e9rentes terrasses<br \/>Piscine avec terrasse et transats<br \/>2 unit\u00e9s de climatisation<br \/>Internet : WiFi (fibre)<br \/>3 places de parking<br \/>Lit b\u00e9b\u00e9 avec linge<\/p>\n\t\t\t\t\t\t\t\t<\/div>\n\t\t\t\t<\/div>\n\t\t\t\t<\/div>\n\t\t\t\t\t<\/div>\n\t\t\t\t<\/div>\n\t\t<div class=\"elementor-element elementor-element-279b8d9 e-flex e-con-boxed e-con e-parent\" data-id=\"279b8d9\" data-element_type=\"container\" data-e-type=\"container\">\n\t\t\t\t\t<div class=\"e-con-inner\">\n\t\t<div class=\"elementor-element elementor-element-1a0873b e-con-full e-flex e-con e-child\" data-id=\"1a0873b\" data-element_type=\"container\" data-e-type=\"container\">\n\t\t\t\t<div class=\"elementor-element elementor-element-d84fa93 elementor-widget elementor-widget-text-editor\" data-id=\"d84fa93\" data-element_type=\"widget\" data-e-type=\"widget\" data-widget_type=\"text-editor.default\">\n\t\t\t\t<div class=\"elementor-widget-container\">\n\t\t\t\t\t\t\t\t\t<p>Tarifs<\/p>\n<p>Mois \u2014 Prix par semaine<\/p>\n<p>Mai \u2014 1900 \u20ac<br \/>Juin \u2014 1900 \u20ac<br \/>Juillet \u2014 2300 \u20ac<br \/>Ao\u00fbt \u2014 2500 \u20ac<br \/>Septembre \u2014 1900 \u20ac<br \/>Octobre \/ Avril \u2014 1900 \u20ac<\/p>\n\t\t\t\t\t\t\t\t<\/div>\n\t\t\t\t<\/div>\n\t\t\t\t<\/div>\n\t\t<div class=\"elementor-element elementor-element-55de30d e-con-full e-flex e-con e-child\" data-id=\"55de30d\" data-element_type=\"container\" data-e-type=\"container\">\n\t\t\t\t<div class=\"elementor-element elementor-element-62e67fa elementor-widget elementor-widget-text-editor\" data-id=\"62e67fa\" data-element_type=\"widget\" data-e-type=\"widget\" data-widget_type=\"text-editor.default\">\n\t\t\t\t<div class=\"elementor-widget-container\">\n\t\t\t\t\t\t\t\t\t<p>Contact &#038; R\u00e9servation<\/p>\n<p>Micheline Van Hautem &#038; Willem-Hein Couwenberg<br \/>2184 Chemin de la Sine<br \/>06140 Vence<br \/>Provence-Alpes-C\u00f4te d\u2019Azur<\/p>\n<p>info@michelinemusic.com<\/p>\n<p>Mobile : +33 7 71 15 57 43<\/p>\n\t\t\t\t\t\t\t\t<\/div>\n\t\t\t\t<\/div>\n\t\t\t\t<\/div>\n\t\t\t\t\t<\/div>\n\t\t\t\t<\/div>\n\t\t<div class=\"elementor-element elementor-element-3b4c327 e-flex e-con-boxed e-con e-parent\" data-id=\"3b4c327\" data-element_type=\"container\" data-e-type=\"container\">\n\t\t\t\t\t<div class=\"e-con-inner\">\n\t\t\t\t\t<\/div>\n\t\t\t\t<\/div>\n\t\t\t\t<\/div>\n\t\t","protected":false},"excerpt":{"rendered":"<p>Mas de La Cigogne &#8211; Vence &#8211; Saint Paul \u00c0 deux pas du village d\u2019artistes de Saint-Paul-de-Vence, entour\u00e9 de montagnes et \u00e0 une demi-heure de l\u2019a\u00e9roport de Nice et de la mer, profitez du Mas de La Cigogne. La maison&#8230;<\/p>\n","protected":false},"author":2,"featured_media":0,"parent":0,"menu_order":0,"comment_status":"closed","ping_status":"closed","template":"","meta":{"footnotes":""},"class_list":["post-5003","page","type-page","status-publish","hentry"],"_links":{"self":[{"href":"https:\/\/www.michelinemusic.com\/fr\/wp-json\/wp\/v2\/pages\/5003","targetHints":{"allow":["GET"]}}],"collection":[{"href":"https:\/\/www.michelinemusic.com\/fr\/wp-json\/wp\/v2\/pages"}],"about":[{"href":"https:\/\/www.michelinemusic.com\/fr\/wp-json\/wp\/v2\/types\/page"}],"author":[{"embeddable":true,"href":"https:\/\/www.michelinemusic.com\/fr\/wp-json\/wp\/v2\/users\/2"}],"replies":[{"embeddable":true,"href":"https:\/\/www.michelinemusic.com\/fr\/wp-json\/wp\/v2\/comments?post=5003"}],"version-history":[{"count":5,"href":"https:\/\/www.michelinemusic.com\/fr\/wp-json\/wp\/v2\/pages\/5003\/revisions"}],"predecessor-version":[{"id":8364,"href":"https:\/\/www.michelinemusic.com\/fr\/wp-json\/wp\/v2\/pages\/5003\/revisions\/8364"}],"wp:attachment":[{"href":"https:\/\/www.michelinemusic.com\/fr\/wp-json\/wp\/v2\/media?parent=5003"}],"curies":[{"name":"wp","href":"https:\/\/api.w.org\/{rel}","templated":true}]}}