{"id":5178,"date":"2025-10-15T09:52:44","date_gmt":"2025-10-15T09:52:44","guid":{"rendered":"https:\/\/www.michelinemusic.com\/bio\/"},"modified":"2025-10-15T11:39:54","modified_gmt":"2025-10-15T11:39:54","slug":"bio","status":"publish","type":"page","link":"https:\/\/www.michelinemusic.com\/fr\/bio\/","title":{"rendered":"Bio"},"content":{"rendered":"\t\t<div data-elementor-type=\"wp-page\" data-elementor-id=\"5178\" class=\"elementor elementor-5178 elementor-5125\">\n\t\t\t\t<div class=\"elementor-element elementor-element-1d54136 e-flex e-con-boxed e-con e-parent\" data-id=\"1d54136\" data-element_type=\"container\" data-e-type=\"container\">\n\t\t\t\t\t<div class=\"e-con-inner\">\n\t\t\t\t<div class=\"elementor-element elementor-element-7b9dce8 elementor-position-left elementor-vertical-align-top elementor-widget elementor-widget-image-box\" data-id=\"7b9dce8\" data-element_type=\"widget\" data-e-type=\"widget\" data-widget_type=\"image-box.default\">\n\t\t\t\t<div class=\"elementor-widget-container\">\n\t\t\t\t\t<div class=\"elementor-image-box-wrapper\"><figure class=\"elementor-image-box-img\"><img fetchpriority=\"high\" decoding=\"async\" width=\"900\" height=\"900\" src=\"https:\/\/www.michelinemusic.com\/wp-content\/uploads\/2025\/07\/cover-ct.jpg\" class=\"attachment-full size-full wp-image-4640\" alt=\"\" srcset=\"https:\/\/www.michelinemusic.com\/wp-content\/uploads\/2025\/07\/cover-ct.jpg 900w, https:\/\/www.michelinemusic.com\/wp-content\/uploads\/2025\/07\/cover-ct-300x300.jpg 300w, https:\/\/www.michelinemusic.com\/wp-content\/uploads\/2025\/07\/cover-ct-150x150.jpg 150w, https:\/\/www.michelinemusic.com\/wp-content\/uploads\/2025\/07\/cover-ct-768x768.jpg 768w, https:\/\/www.michelinemusic.com\/wp-content\/uploads\/2025\/07\/cover-ct-600x600.jpg 600w, https:\/\/www.michelinemusic.com\/wp-content\/uploads\/2025\/07\/cover-ct-100x100.jpg 100w\" sizes=\"(max-width: 900px) 100vw, 900px\" \/><\/figure><div class=\"elementor-image-box-content\"><h3 class=\"elementor-image-box-title\">Micheline Van Hautem<\/h3><p class=\"elementor-image-box-description\">Des ann\u00e9es, peut-\u00eatre d\u00e9j\u00e0 plus de vingt ans. Mais chuut, ne parlons pas du temps qui passe, car Micheline Van Hautem garde au ventre cette jeunesse \u00e9ternelle de ceux qui embrasse le monde en musique et en chansons. <br \/><br \/>\nLes premi\u00e8res notes se sont jou\u00e9es \u00e0 Gand, sa ville natale, avec des d\u00e9buts sur les planches locales. Mais la petite Belge r\u00eave grand, de New York avec ses lumi\u00e8res hypnotiques et son c\u0153ur battant au rythme de la Soul et du Jazz.\n\n<\/p><\/div><\/div>\t\t\t\t<\/div>\n\t\t\t\t<\/div>\n\t\t\t\t<div class=\"elementor-element elementor-element-3cac919 elementor-widget elementor-widget-text-editor\" data-id=\"3cac919\" data-element_type=\"widget\" data-e-type=\"widget\" data-widget_type=\"text-editor.default\">\n\t\t\t\t<div class=\"elementor-widget-container\">\n\t\t\t\t\t\t\t\t\t<p>La m\u00e9gapole, riche de ses diff\u00e9rences, l\u2019enivre et l\u2019inspire.<\/p><p>Port\u00e9e par ce foisonnement de stimuli multiculturels, la jeune chanteuse a su se\u00a0 distinguer gr\u00e2ce \u00e0 sa passion pour une certaine chanson fran\u00e7aise\u00a0: Jacques Brel, Edith Piaf et de bien d\u2019autres.<\/p><p>De bars en clubs de jazz, Micheline se construit une incroyable notori\u00e9t\u00e9 dans la Grande Pomme.\u00a0 C\u2019est \u00e0 cette \u00e9poque, qu\u2019accompagn\u00e9e par les musiciens de Sting ou ceux de la grande Ella Fitzgerald, elle finit par captiver ce public am\u00e9ricain exigeant.<\/p><p>Manhattan est totalement sous le charme.<\/p><p>Avec son groupe <em>Mich en Sc\u00e8ne<\/em>, elle joue \u00e0 guichet ferm\u00e9 au Florence Gould Hall.<\/p><p>L\u2019apr\u00e8s New York de Micheline Van Hautem en quelques dates\u00a0:<\/p><p><br \/><strong>2003<\/strong>\u00a0:<\/p><p>R\u00e9compens\u00e9e du prestigieux <em>Herald Angel Award<\/em> \u00e0 Edimbourg pour son interpr\u00e9tation des chansons de Jacques Brel, elle s\u2019en va s\u00e9duire avec brio l\u2019Australie avant un retour attendu au Pays-Bas, o\u00f9 elle joue devant la salle comble du Concertgebouw d\u2019Amsterdam.<\/p><p><br \/><strong>2008\u00a0<\/strong>:<\/p><p>Ann\u00e9e de cr\u00e9ation. L\u2019artiste inspir\u00e9e par ses nombreux voyages sort son premier CD solo. Celui-ci, soigneusement cr\u00e9\u00e9 dans un style pop porte le nom gourmand de <em>Chocolat.<\/em><\/p><p><strong>2011\u00a0<\/strong>:<\/p><p>Sortie du CD <em>La Musique<\/em> produit par Erwin van Ligten, son guitariste, et complice de toujours.<\/p><p>Brel toujours en t\u00eate, elle tourne en duo avec Bruno Brel, le neveu du Grand Jacques. Les deux artistes sortiront le CD <em>L\u2019esprit de Jacques.<\/em><\/p><p><strong>2014\u00a0<\/strong>:<\/p><p>Sortie du CD <em>Cr\u00e8me de la Cr\u00e8me, <\/em>des chansons de David Bowie, Nina Simone, ou d\u2019artistes n\u00e9erlandais comme Herman van Veen et Frank Boeijen traduites en fran\u00e7ais.<\/p><p><strong>2016\u00a0<\/strong>:\u00a0<\/p><p><strong>Brel&amp;Brass<\/strong>\u00a0: les arrangements originaux des chansons de Jacques Brel \u00e9crits sp\u00e9cialement pour orchestre harmonie, r\u00e9sultent en la cr\u00e9ation d\u2019un CD avec La Fanfare Kempenbloei de Hamont, Belgique.<\/p><p>Toujours en qu\u00eate d\u2019aventures musicales nouvelles, elle part pour une tourn\u00e9e de quatre-vingts concerts, reprenant les morceaux de ce CD. Le principe est de travailler \u00e0 chaque fois avec des orchestres, fanfares et harmonies locales.<\/p><p><strong>2021\u00a0<\/strong>:<\/p><p><strong>Shaffy&amp;Brass<\/strong>\u00a0: nouveau CD avec des reprises des meilleurs chansons de l&rsquo;inoubliable Ramses Shaffy, enregistr\u00e9 avec l\u2019un des meilleurs orchestres harmonies du monde \u2018St. Michael Thorn\u2019, sous la direction de Ivan Meylemans, r\u00e9put\u00e9 pour son travail lors de la f\u00eate l\u2019intronisation du roi Willem-Alexander de Hollande.<br \/><a href=\"https:\/\/www.michelinemusic.com\/old\/shaffy-brass\">ww.michelinemusic.com\/shaffy-brass<\/a> \u2022 <a href=\"http:\/\/www.brelandbrass.com\">www.brelandbrass.com<\/a><\/p><p><br \/>Quelques citations de la presse:<\/p><p>&lsquo;Ceci, en un mot, est un divertissement de qualit\u00e9 cinq \u00e9toiles\u2019 (The Scotsman), \u2018La force envo\u00fbtante plein Van Hautem&rsquo; (The Herald Scotland), &lsquo;Short de la chirurgie majeure, annuler tout ce que vous avez sur ce soir et entendre Micheline Van Hautem &lsquo;(The Sydney Morning Herald).<br \/><br \/>Elle est, tout simplement, fabuleux! (Times London)<\/p><p>Apr\u00e8s <em>Chansons de Jacques Brel, Chocolat, Nostalgie, La Musique, L&rsquo;esprit de Jacques, Cr\u00e8me de la Cr\u00e8me et A la Carte, Brel &amp; Brass, <\/em>voici <em>Shaffy &amp; Brass<\/em><em>. <\/em>Un spectacle complet d\u2019un set de 70 minutes.<\/p><p><a href=\"http:\/\/www.michelinemusic.com\">www.michelinemusic.com<\/a> \u2022 <a href=\"http:\/\/www.brelandbrass.com\">www.brelandbrass.com<\/a><\/p>\t\t\t\t\t\t\t\t<\/div>\n\t\t\t\t<\/div>\n\t\t\t\t\t<\/div>\n\t\t\t\t<\/div>\n\t\t\t\t<\/div>\n\t\t","protected":false},"excerpt":{"rendered":"<p>Micheline Van Hautem Des ann\u00e9es, peut-\u00eatre d\u00e9j\u00e0 plus de vingt ans. Mais chuut, ne parlons pas du temps qui passe, car Micheline Van Hautem garde au ventre cette jeunesse \u00e9ternelle de ceux qui embrasse le monde en musique et en&#8230;<\/p>\n","protected":false},"author":1,"featured_media":0,"parent":0,"menu_order":0,"comment_status":"closed","ping_status":"closed","template":"","meta":{"footnotes":""},"class_list":["post-5178","page","type-page","status-publish","hentry"],"_links":{"self":[{"href":"https:\/\/www.michelinemusic.com\/fr\/wp-json\/wp\/v2\/pages\/5178","targetHints":{"allow":["GET"]}}],"collection":[{"href":"https:\/\/www.michelinemusic.com\/fr\/wp-json\/wp\/v2\/pages"}],"about":[{"href":"https:\/\/www.michelinemusic.com\/fr\/wp-json\/wp\/v2\/types\/page"}],"author":[{"embeddable":true,"href":"https:\/\/www.michelinemusic.com\/fr\/wp-json\/wp\/v2\/users\/1"}],"replies":[{"embeddable":true,"href":"https:\/\/www.michelinemusic.com\/fr\/wp-json\/wp\/v2\/comments?post=5178"}],"version-history":[{"count":0,"href":"https:\/\/www.michelinemusic.com\/fr\/wp-json\/wp\/v2\/pages\/5178\/revisions"}],"wp:attachment":[{"href":"https:\/\/www.michelinemusic.com\/fr\/wp-json\/wp\/v2\/media?parent=5178"}],"curies":[{"name":"wp","href":"https:\/\/api.w.org\/{rel}","templated":true}]}}