{"id":5229,"date":"2025-10-15T12:28:16","date_gmt":"2025-10-15T12:28:16","guid":{"rendered":"https:\/\/www.michelinemusic.com\/chanson-surprise\/"},"modified":"2025-12-08T12:25:25","modified_gmt":"2025-12-08T12:25:25","slug":"chanson-surprise","status":"publish","type":"page","link":"https:\/\/www.michelinemusic.com\/fr\/chanson-surprise\/","title":{"rendered":"Chanson Surprise"},"content":{"rendered":"\t\t<div data-elementor-type=\"wp-page\" data-elementor-id=\"5229\" class=\"elementor elementor-5229 elementor-5217\">\n\t\t\t\t<div class=\"elementor-element elementor-element-a65ebf7 e-flex e-con-boxed e-con e-parent\" data-id=\"a65ebf7\" data-element_type=\"container\" data-e-type=\"container\">\n\t\t\t\t\t<div class=\"e-con-inner\">\n\t\t<div class=\"elementor-element elementor-element-3421a0d e-con-full e-flex e-con e-child\" data-id=\"3421a0d\" data-element_type=\"container\" data-e-type=\"container\">\n\t\t\t\t<div class=\"elementor-element elementor-element-db4a5ac elementor-widget elementor-widget-video\" data-id=\"db4a5ac\" data-element_type=\"widget\" data-e-type=\"widget\" data-settings=\"{&quot;youtube_url&quot;:&quot;https:\\\/\\\/www.youtube.com\\\/watch?v=64APCpaVSWI&amp;source_ve_path=MjM4NTE&quot;,&quot;video_type&quot;:&quot;youtube&quot;,&quot;controls&quot;:&quot;yes&quot;}\" data-widget_type=\"video.default\">\n\t\t\t\t<div class=\"elementor-widget-container\">\n\t\t\t\t\t\t\t<div class=\"elementor-wrapper elementor-open-inline\">\n\t\t\t<div class=\"elementor-video\"><\/div>\t\t<\/div>\n\t\t\t\t\t\t<\/div>\n\t\t\t\t<\/div>\n\t\t\t\t<div class=\"elementor-element elementor-element-8f59646 elementor-widget elementor-widget-video\" data-id=\"8f59646\" data-element_type=\"widget\" data-e-type=\"widget\" data-settings=\"{&quot;video_type&quot;:&quot;hosted&quot;,&quot;show_image_overlay&quot;:&quot;yes&quot;,&quot;image_overlay&quot;:{&quot;url&quot;:&quot;&quot;,&quot;id&quot;:&quot;&quot;,&quot;size&quot;:&quot;&quot;},&quot;controls&quot;:&quot;yes&quot;}\" data-widget_type=\"video.default\">\n\t\t\t\t<div class=\"elementor-widget-container\">\n\t\t\t\t\t\t\t<div class=\"e-hosted-video elementor-wrapper elementor-open-inline\">\n\t\t\t\t\t<video class=\"elementor-video\" src=\"https:\/\/www.michelinemusic.com\/wp-content\/uploads\/2025\/10\/A-storm-micheline.mp4\" controls=\"\" preload=\"metadata\" controlsList=\"nodownload\"><\/video>\n\t\t\t\t<\/div>\n\t\t\t\t\t\t<\/div>\n\t\t\t\t<\/div>\n\t\t\t\t<div class=\"elementor-element elementor-element-18e36ca elementor-widget elementor-widget-image\" data-id=\"18e36ca\" data-element_type=\"widget\" data-e-type=\"widget\" data-widget_type=\"image.default\">\n\t\t\t\t<div class=\"elementor-widget-container\">\n\t\t\t\t\t\t\t\t\t\t\t\t\t\t\t<img fetchpriority=\"high\" decoding=\"async\" width=\"900\" height=\"900\" src=\"https:\/\/www.michelinemusic.com\/wp-content\/uploads\/2025\/10\/MVH_WHT_RogerNeve_square-1024x1024.jpg\" class=\"attachment-large size-large wp-image-5238\" alt=\"\" srcset=\"https:\/\/www.michelinemusic.com\/wp-content\/uploads\/2025\/10\/MVH_WHT_RogerNeve_square-1024x1024.jpg 1024w, https:\/\/www.michelinemusic.com\/wp-content\/uploads\/2025\/10\/MVH_WHT_RogerNeve_square-300x300.jpg 300w, https:\/\/www.michelinemusic.com\/wp-content\/uploads\/2025\/10\/MVH_WHT_RogerNeve_square-150x150.jpg 150w, https:\/\/www.michelinemusic.com\/wp-content\/uploads\/2025\/10\/MVH_WHT_RogerNeve_square-768x768.jpg 768w, https:\/\/www.michelinemusic.com\/wp-content\/uploads\/2025\/10\/MVH_WHT_RogerNeve_square-1536x1536.jpg 1536w, https:\/\/www.michelinemusic.com\/wp-content\/uploads\/2025\/10\/MVH_WHT_RogerNeve_square-600x600.jpg 600w, https:\/\/www.michelinemusic.com\/wp-content\/uploads\/2025\/10\/MVH_WHT_RogerNeve_square-100x100.jpg 100w, https:\/\/www.michelinemusic.com\/wp-content\/uploads\/2025\/10\/MVH_WHT_RogerNeve_square.jpg 1600w\" sizes=\"(max-width: 900px) 100vw, 900px\" \/>\t\t\t\t\t\t\t\t\t\t\t\t\t\t\t<\/div>\n\t\t\t\t<\/div>\n\t\t\t\t<\/div>\n\t\t<div class=\"elementor-element elementor-element-4dc1c54 e-con-full e-flex e-con e-child\" data-id=\"4dc1c54\" data-element_type=\"container\" data-e-type=\"container\">\n\t\t<div class=\"elementor-element elementor-element-45d1ed7 e-con-full e-flex e-con e-child\" data-id=\"45d1ed7\" data-element_type=\"container\" data-e-type=\"container\">\n\t\t\t\t<div class=\"elementor-element elementor-element-9e994bb elementor-widget elementor-widget-heading\" data-id=\"9e994bb\" data-element_type=\"widget\" data-e-type=\"widget\" data-widget_type=\"heading.default\">\n\t\t\t\t<div class=\"elementor-widget-container\">\n\t\t\t\t\t<h4 class=\"elementor-heading-title elementor-size-default\"> Chanson Surprise!<\/h4>\t\t\t\t<\/div>\n\t\t\t\t<\/div>\n\t\t\t\t<div class=\"elementor-element elementor-element-7b603d8 elementor-widget elementor-widget-heading\" data-id=\"7b603d8\" data-element_type=\"widget\" data-e-type=\"widget\" data-widget_type=\"heading.default\">\n\t\t\t\t<div class=\"elementor-widget-container\">\n\t\t\t\t\t<h5 class=\"elementor-heading-title elementor-size-default\">Un cadeau unique pour votre \u00eatre cher<\/h5>\t\t\t\t<\/div>\n\t\t\t\t<\/div>\n\t\t\t\t<div class=\"elementor-element elementor-element-8824d23 elementor-widget elementor-widget-text-editor\" data-id=\"8824d23\" data-element_type=\"widget\" data-e-type=\"widget\" data-widget_type=\"text-editor.default\">\n\t\t\t\t<div class=\"elementor-widget-container\">\n\t\t\t\t\t\t\t\t\t<p>Chers amis, vous cherchez un cadeau de No\u00ebl unique pour votre \u00eatre cher ?<\/p>\n<p>Bonjour ! Je suis Micheline, auteure-compositrice-interpr\u00e8te.<\/p>\n<p>Il y a des ann\u00e9es, une amie m&rsquo;a demand\u00e9 de chanter \u00ab Joyeux anniversaire \u00bb lors d&rsquo;une f\u00eate. Je me suis dit : \u00ab Tiens ! Je peux \u00e9crire une chanson personnalis\u00e9e et rendre cette journ\u00e9e vraiment inoubliable. \u00bb C&rsquo;est pourquoi je vous propose mes services.<\/p>\n<p>Laissez-moi vous aider \u00e0 surprendre votre bien-aim\u00e9(e) pour:<\/p>\n<ul>\n<li aria-level=\"1\">Anniversaires<\/li>\n<li aria-level=\"1\">Fian\u00e7ailles<\/li>\n<li aria-level=\"1\">No\u00ebl<\/li>\n<li aria-level=\"1\">Anniversaire de Mariage<\/li>\n<li aria-level=\"1\">Mariages<\/li>\n<li aria-level=\"1\">Saint-Valentin<\/li>\n<\/ul>\n<p>Concevons ensemble cette surprise !<\/p>\n<p>Envoyez-moi un e-mail avec la chanson pr\u00e9f\u00e9r\u00e9e de votre bien-aim\u00e9(e) et je peux vous en dire plus: <a href=\"mailto:micheline@michelinemusic.com\">micheline@michelinemusic.com<\/a><\/p>\n<p><span id=\"cloakcda265c383e1a112e95ea776efe78d26\"><a href=\"mailto:micheline@michelinemusic.com?subject=Chanson%20Surprise!\">Dites-moi<\/a><\/span> ce que vous souhaitez et cr\u00e9ons un moment magique !!<\/p>\n\t\t\t\t\t\t\t\t<\/div>\n\t\t\t\t<\/div>\n\t\t\t\t<div class=\"elementor-element elementor-element-ab2d0ec elementor-widget elementor-widget-text-editor\" data-id=\"ab2d0ec\" data-element_type=\"widget\" data-e-type=\"widget\" data-widget_type=\"text-editor.default\">\n\t\t\t\t<div class=\"elementor-widget-container\">\n\t\t\t\t\t\t\t\t\t<p>Comment \u00e7a marche ?<\/p>\n<p>Veuillez m\u2019envoyer des informations sur votre proche. J\u2019ai besoin de quelques jours pour composer et interpr\u00e9ter une chanson sp\u00e9cialement pour vous.<\/p>\n<p>\u2013 Chant en direct au t\u00e9l\u00e9phone : 150 \u20ac HT (composition et interpr\u00e9tation).<\/p>\n<p>\u2013 Vous souhaitez une vid\u00e9o avec photos et s\u00e9quences ? Le prix est de 300 \u20ac HT (composition, interpr\u00e9tation, enregistrement et montage).<\/p>\n<p>Une chanson connue, interpr\u00e9t\u00e9e au t\u00e9l\u00e9phone, co\u00fbte seulement 35 \u20ac. Avec vid\u00e9o, seulement 70 \u20ac.<\/p>\n<p>Vous avez une id\u00e9e originale ou vous souhaitez plus d\u2019informations ? N\u2019h\u00e9sitez pas \u00e0 me contacter par <span id=\"cloakec7e20c6d2cdf465fd91b82a2934f624\"><a href=\"mailto:micheline@michelinemusic.com?subject=I%20sing%20a%20personalized%20song%20for%20you!\">e-mail<\/a><\/span>.<\/p>\n\t\t\t\t\t\t\t\t<\/div>\n\t\t\t\t<\/div>\n\t\t\t\t<\/div>\n\t\t\t\t<\/div>\n\t\t\t\t\t<\/div>\n\t\t\t\t<\/div>\n\t\t\t\t<\/div>\n\t\t","protected":false},"excerpt":{"rendered":"<p>https:\/\/www.youtube.com\/watch?v=64APCpaVSWI#038;source_ve_path=MjM4NTEhttps:\/\/www.michelinemusic.com\/wp-content\/uploads\/2025\/10\/A-storm-micheline.mp4 Chanson Surprise! Un cadeau unique pour votre \u00eatre cher Chers amis, vous cherchez un cadeau de No\u00ebl unique pour votre \u00eatre cher ? Bonjour ! Je suis Micheline, auteure-compositrice-interpr\u00e8te. Il y a des ann\u00e9es, une amie m&rsquo;a demand\u00e9 de&#8230;<\/p>\n","protected":false},"author":1,"featured_media":0,"parent":0,"menu_order":0,"comment_status":"closed","ping_status":"closed","template":"","meta":{"footnotes":""},"class_list":["post-5229","page","type-page","status-publish","hentry"],"_links":{"self":[{"href":"https:\/\/www.michelinemusic.com\/fr\/wp-json\/wp\/v2\/pages\/5229","targetHints":{"allow":["GET"]}}],"collection":[{"href":"https:\/\/www.michelinemusic.com\/fr\/wp-json\/wp\/v2\/pages"}],"about":[{"href":"https:\/\/www.michelinemusic.com\/fr\/wp-json\/wp\/v2\/types\/page"}],"author":[{"embeddable":true,"href":"https:\/\/www.michelinemusic.com\/fr\/wp-json\/wp\/v2\/users\/1"}],"replies":[{"embeddable":true,"href":"https:\/\/www.michelinemusic.com\/fr\/wp-json\/wp\/v2\/comments?post=5229"}],"version-history":[{"count":0,"href":"https:\/\/www.michelinemusic.com\/fr\/wp-json\/wp\/v2\/pages\/5229\/revisions"}],"wp:attachment":[{"href":"https:\/\/www.michelinemusic.com\/fr\/wp-json\/wp\/v2\/media?parent=5229"}],"curies":[{"name":"wp","href":"https:\/\/api.w.org\/{rel}","templated":true}]}}