{"id":5254,"date":"2025-10-15T13:11:40","date_gmt":"2025-10-15T13:11:40","guid":{"rendered":"https:\/\/www.michelinemusic.com\/vocal-classes\/"},"modified":"2026-04-07T09:06:04","modified_gmt":"2026-04-07T09:06:04","slug":"vocal-classes","status":"publish","type":"page","link":"https:\/\/www.michelinemusic.com\/fr\/vocal-classes\/","title":{"rendered":"Vocal classes"},"content":{"rendered":"\t\t<div data-elementor-type=\"wp-page\" data-elementor-id=\"5254\" class=\"elementor elementor-5254 elementor-5248\">\n\t\t\t\t<div class=\"elementor-element elementor-element-5ccead0 e-flex e-con-boxed e-con e-parent\" data-id=\"5ccead0\" data-element_type=\"container\" data-e-type=\"container\">\n\t\t\t\t\t<div class=\"e-con-inner\">\n\t\t\t\t<div class=\"elementor-element elementor-element-957e856 elementor-widget elementor-widget-heading\" data-id=\"957e856\" data-element_type=\"widget\" data-e-type=\"widget\" data-widget_type=\"heading.default\">\n\t\t\t\t<div class=\"elementor-widget-container\">\n\t\t\t\t\t<h4 class=\"elementor-heading-title elementor-size-default\">Micheline Method: Cours de chant avec Micheline<\/h4>\t\t\t\t<\/div>\n\t\t\t\t<\/div>\n\t\t\t\t<div class=\"elementor-element elementor-element-2b75652 elementor-widget elementor-widget-text-editor\" data-id=\"2b75652\" data-element_type=\"widget\" data-e-type=\"widget\" data-widget_type=\"text-editor.default\">\n\t\t\t\t<div class=\"elementor-widget-container\">\n\t\t\t\t\t\t\t\t\t<p>Cher fan de Micheline,<\/p>\n<p>Et pourquoi pas un cours de chant priv\u00e9, possible \u00e9galement en ligne.<\/p>\n<p>Mes cours sont construits \u00e0 partir de mes exp\u00e9riences aupr\u00e8s de talentueux professeurs que j\u2019ai eu la grande chance de rencontrer \u00e0 Bruxelles, Londres ou New York. J\u2019ai crois\u00e9 les diff\u00e9rentes techniques approch\u00e9es dans une synth\u00e8se tr\u00e8s personnelle, qui depuis a fait ses preuves.<\/p>\n<p>C\u2019est par une m\u00e9thode globale qui, avant de s\u2019attaquer aux techniques de vocalise et de chant \u00e0 proprement parler, va d\u2019abord se fixer sur la respiration d\u2019une part car chanter c\u2019est d\u2019abord et avant temps du souffle.<\/p>\n<p>Ensuite pour bien chanter, il faut \u00eatre d\u00e9tendu, on s\u2019attachera \u00e0 d\u00e9nouer les tensions corporelles.<\/p>\n<p>Enfin quand le corps est pr\u00eat, quand le souffle est ma\u00eetris\u00e9, le chant se lib\u00e8re. Comme je suis ma\u00eetre reiki j\u2019utilise l\u2019\u00e9nergie gu\u00e9rissante de ma voix lorsqu\u2019on chante ensemble.<\/p>\n<p>Le chant est une lib\u00e9ration.<\/p>\n<p>Tout le monde ne cherche pas \u00e0 \u00eatre Aretha Franklin, mais chacun peut apporter plus de joie dans son quotidien gr\u00e2ce au simple bien-\u00eatre que procure le chant.<\/p>\n<p>Pour ma part, assister \u00e0 l\u2019\u00e9volution d\u2019un de mes \u00e9l\u00e8ves est toujours merveilleux.<\/p>\n<p>Chanter lib\u00e8re.<\/p>\n<p>Micheline Van Hautem<\/p>\n<p>Chanter c\u2019est vivre !<br \/><a href=\"mailto:micheline@michelinemusic.com\">micheline@michelinemusic.com<\/a><br \/>T\u00e9moignage:<\/p>\n<p>\u201cMes cours avec Micheline en plus de m\u2019initier au chant m\u2019ont permis de mieux me conna\u00eetre, de relever de nouveaux d\u00e9fis, de trouver des possibles pour enfin cr\u00e9er cet espace de paix \u00e0 l\u2019int\u00e9rieur de soi. J\u2019en profite \u00e0 chaque fois :-)\u201d Maud Straathof<\/p>\n\t\t\t\t\t\t\t\t<\/div>\n\t\t\t\t<\/div>\n\t\t\t\t\t<\/div>\n\t\t\t\t<\/div>\n\t\t\t\t<\/div>\n\t\t","protected":false},"excerpt":{"rendered":"<p>Micheline Method: Cours de chant avec Micheline Cher fan de Micheline, Et pourquoi pas un cours de chant priv\u00e9, possible \u00e9galement en ligne. Mes cours sont construits \u00e0 partir de mes exp\u00e9riences aupr\u00e8s de talentueux professeurs que j\u2019ai eu la&#8230;<\/p>\n","protected":false},"author":1,"featured_media":0,"parent":0,"menu_order":0,"comment_status":"closed","ping_status":"closed","template":"","meta":{"footnotes":""},"class_list":["post-5254","page","type-page","status-publish","hentry"],"_links":{"self":[{"href":"https:\/\/www.michelinemusic.com\/fr\/wp-json\/wp\/v2\/pages\/5254","targetHints":{"allow":["GET"]}}],"collection":[{"href":"https:\/\/www.michelinemusic.com\/fr\/wp-json\/wp\/v2\/pages"}],"about":[{"href":"https:\/\/www.michelinemusic.com\/fr\/wp-json\/wp\/v2\/types\/page"}],"author":[{"embeddable":true,"href":"https:\/\/www.michelinemusic.com\/fr\/wp-json\/wp\/v2\/users\/1"}],"replies":[{"embeddable":true,"href":"https:\/\/www.michelinemusic.com\/fr\/wp-json\/wp\/v2\/comments?post=5254"}],"version-history":[{"count":2,"href":"https:\/\/www.michelinemusic.com\/fr\/wp-json\/wp\/v2\/pages\/5254\/revisions"}],"predecessor-version":[{"id":5847,"href":"https:\/\/www.michelinemusic.com\/fr\/wp-json\/wp\/v2\/pages\/5254\/revisions\/5847"}],"wp:attachment":[{"href":"https:\/\/www.michelinemusic.com\/fr\/wp-json\/wp\/v2\/media?parent=5254"}],"curies":[{"name":"wp","href":"https:\/\/api.w.org\/{rel}","templated":true}]}}