{"id":5419,"date":"2025-10-16T10:38:03","date_gmt":"2025-10-16T10:38:03","guid":{"rendered":"https:\/\/www.michelinemusic.com\/jazz-50\/"},"modified":"2025-10-27T14:49:14","modified_gmt":"2025-10-27T14:49:14","slug":"jazz50","status":"publish","type":"page","link":"https:\/\/www.michelinemusic.com\/fr\/jazz50\/","title":{"rendered":"Jazz &rsquo;50"},"content":{"rendered":"\t\t<div data-elementor-type=\"wp-page\" data-elementor-id=\"5419\" class=\"elementor elementor-5419 elementor-5325\">\n\t\t\t\t<div class=\"elementor-element elementor-element-ce5797f e-flex e-con-boxed e-con e-parent\" data-id=\"ce5797f\" data-element_type=\"container\" data-e-type=\"container\">\n\t\t\t\t\t<div class=\"e-con-inner\">\n\t\t\t\t<div class=\"elementor-element elementor-element-190a4bb elementor-widget elementor-widget-video\" data-id=\"190a4bb\" data-element_type=\"widget\" data-e-type=\"widget\" data-settings=\"{&quot;youtube_url&quot;:&quot;https:\\\/\\\/www.youtube.com\\\/watch?v=ee9CrTXgq9Q&quot;,&quot;video_type&quot;:&quot;youtube&quot;,&quot;controls&quot;:&quot;yes&quot;}\" data-widget_type=\"video.default\">\n\t\t\t\t<div class=\"elementor-widget-container\">\n\t\t\t\t\t\t\t<div class=\"elementor-wrapper elementor-open-inline\">\n\t\t\t<div class=\"elementor-video\"><\/div>\t\t<\/div>\n\t\t\t\t\t\t<\/div>\n\t\t\t\t<\/div>\n\t\t\t\t\t<\/div>\n\t\t\t\t<\/div>\n\t\t<div class=\"elementor-element elementor-element-d73d1eb e-flex e-con-boxed e-con e-parent\" data-id=\"d73d1eb\" data-element_type=\"container\" data-e-type=\"container\">\n\t\t\t\t\t<div class=\"e-con-inner\">\n\t\t<div class=\"elementor-element elementor-element-1a6d5b8 e-con-full e-flex e-con e-child\" data-id=\"1a6d5b8\" data-element_type=\"container\" data-e-type=\"container\">\n\t\t\t\t<div class=\"elementor-element elementor-element-d1c58f8 elementor-widget elementor-widget-image\" data-id=\"d1c58f8\" data-element_type=\"widget\" data-e-type=\"widget\" data-widget_type=\"image.default\">\n\t\t\t\t<div class=\"elementor-widget-container\">\n\t\t\t\t\t\t\t\t\t\t\t\t\t\t\t<img fetchpriority=\"high\" decoding=\"async\" width=\"900\" height=\"900\" src=\"https:\/\/www.michelinemusic.com\/wp-content\/uploads\/2025\/10\/10-1024x1024.jpg\" class=\"attachment-large size-large wp-image-5420\" alt=\"\" srcset=\"https:\/\/www.michelinemusic.com\/wp-content\/uploads\/2025\/10\/10-1024x1024.jpg 1024w, https:\/\/www.michelinemusic.com\/wp-content\/uploads\/2025\/10\/10-300x300.jpg 300w, https:\/\/www.michelinemusic.com\/wp-content\/uploads\/2025\/10\/10-150x150.jpg 150w, https:\/\/www.michelinemusic.com\/wp-content\/uploads\/2025\/10\/10-768x768.jpg 768w, https:\/\/www.michelinemusic.com\/wp-content\/uploads\/2025\/10\/10-600x600.jpg 600w, https:\/\/www.michelinemusic.com\/wp-content\/uploads\/2025\/10\/10-100x100.jpg 100w, https:\/\/www.michelinemusic.com\/wp-content\/uploads\/2025\/10\/10.jpg 1200w\" sizes=\"(max-width: 900px) 100vw, 900px\" \/>\t\t\t\t\t\t\t\t\t\t\t\t\t\t\t<\/div>\n\t\t\t\t<\/div>\n\t\t\t\t<\/div>\n\t\t<div class=\"elementor-element elementor-element-9af044e e-con-full e-flex e-con e-child\" data-id=\"9af044e\" data-element_type=\"container\" data-e-type=\"container\">\n\t\t\t\t<div class=\"elementor-element elementor-element-50f7e26 elementor-widget elementor-widget-text-editor\" data-id=\"50f7e26\" data-element_type=\"widget\" data-e-type=\"widget\" data-widget_type=\"text-editor.default\">\n\t\t\t\t<div class=\"elementor-widget-container\">\n\t\t\t\t\t\t\t\t\t<h3 style=\"margin: 0;\">Jazz \u201950!<\/h3><p>les plus belles chansons de jazz des ann\u00e9es 50 chant\u00e9 par Micheline Van Hautem, accompagn\u00e9 du Riviera Orchestra de Menton.<\/p><p>Fly me to the moon, New York &#8211; New York, When the saints go marchin\u2019 in&#8230;<br \/>Micheline interpr\u00e8te ces standards du swing de mani\u00e8re dynamique et invite le public \u00e0 chanter et \u00e0 danser !<\/p><p>Avec Jazz &rsquo;50, le Riviera Orchestra, sous la direction de Jean-Christophe Louc, vous invite \u00e0 red\u00e9couvrir ces succ\u00e8s internationaux avec des sonorit\u00e9s et une \u00e9nergie nouvelles.<\/p><p>Jazz \u201850 est un spectacle vraiment exceptionnel.<\/p><p>Pour toute info: <span id=\"cloak1a808d970abb33ee6b1036adc5d606a8\"><a href=\"mailto:micheline@michelinemusic.com\">micheline@michelinemusic.com<\/a><\/span><\/p>\t\t\t\t\t\t\t\t<\/div>\n\t\t\t\t<\/div>\n\t\t\t\t<\/div>\n\t\t\t\t\t<\/div>\n\t\t\t\t<\/div>\n\t\t<div class=\"elementor-element elementor-element-1b0cdbd e-flex e-con-boxed e-con e-parent\" data-id=\"1b0cdbd\" data-element_type=\"container\" data-e-type=\"container\">\n\t\t\t\t\t<div class=\"e-con-inner\">\n\t\t<div class=\"elementor-element elementor-element-f075fba e-con-full e-flex e-con e-child\" data-id=\"f075fba\" data-element_type=\"container\" data-e-type=\"container\">\n\t\t\t\t<div class=\"elementor-element elementor-element-6df6e03 elementor-widget elementor-widget-text-editor\" data-id=\"6df6e03\" data-element_type=\"widget\" data-e-type=\"widget\" data-widget_type=\"text-editor.default\">\n\t\t\t\t<div class=\"elementor-widget-container\">\n\t\t\t\t\t\t\t\t\t<h3 class=\"info-box-title\" style=\"margin-top: 0;\"><strong>Sur les artistes et le spectacle de Jazz&rsquo;50<\/strong><\/h3><h3 class=\"info-box-title\" style=\"margin-top: 0;\">Micheline Van Hautem<strong><br \/><\/strong><\/h3><p>Elle poursuit actuellement une carri\u00e8re internationale, d\u2019Edimbourg \u00e0 Amsterdam en passant par l\u2019Australie o\u00f9 ses prestations ont un grand succ\u00e8s.<\/p><p>Au Festival International d\u2019Edimbourg, Micheline a \u00e9t\u00e9 r\u00e9compens\u00e9e par le tr\u00e8s convoit\u00e9 \u00ab\u00a0<em>Herald Angel Award<\/em>\u00a0\u00bb.<\/p><p>N\u00e9e \u00e0 Gand, en Belgique, sa passion pour la musique la pousse \u00e0 \u00e9tudier le chant et \u00e0 travailler comme chanteuse aux Etats-Unis, \u00e0 New York, v\u00e9ritable melting-pot des cultures o\u00f9 pour se distinguer de tant d\u2019autres artistes, elle chantera r\u00e9guli\u00e8rement en fran\u00e7ais, en parall\u00e8le de l\u2019anglais qu\u2019elle ma\u00eetrise.<\/p><p>Dans cette nouvelle aventure, Micheline a choisi de collaborer avec Riviera Orchestra pour sa tourn\u00e9e dans les Alpes-Maritimes.<\/p><p>Les arrangements des morceaux ont \u00e9t\u00e9 sp\u00e9cialement adapt\u00e9s et r\u00e9\u00e9crits pour une harmonie, un grand orchestre exclusivement compos\u00e9 de cuivres et de percussions.<\/p>\t\t\t\t\t\t\t\t<\/div>\n\t\t\t\t<\/div>\n\t\t\t\t<\/div>\n\t\t<div class=\"elementor-element elementor-element-0632312 e-con-full e-flex e-con e-child\" data-id=\"0632312\" data-element_type=\"container\" data-e-type=\"container\">\n\t\t\t\t<div class=\"elementor-element elementor-element-15d2b0b elementor-widget elementor-widget-html\" data-id=\"15d2b0b\" data-element_type=\"widget\" data-e-type=\"widget\" data-widget_type=\"html.default\">\n\t\t\t\t<div class=\"elementor-widget-container\">\n\t\t\t\t\t<iframe src=\"https:\/\/open.spotify.com\/embed\/playlist\/6Go7eoVBPVdQ6vf897Pwv5?utm_source=generator\" width=\"100%\" height=\"720\" style=\"border-radius: 12px;\" loading=\"lazy\" allow=\"autoplay; clipboard-write; encrypted-media; fullscreen; picture-in-picture\" allowfullscreen=\"allowfullscreen\"><\/iframe>\t\t\t\t<\/div>\n\t\t\t\t<\/div>\n\t\t\t\t<\/div>\n\t\t\t\t\t<\/div>\n\t\t\t\t<\/div>\n\t\t<div class=\"elementor-element elementor-element-be5b478 e-flex e-con-boxed e-con e-parent\" data-id=\"be5b478\" data-element_type=\"container\" data-e-type=\"container\">\n\t\t\t\t\t<div class=\"e-con-inner\">\n\t\t<div class=\"elementor-element elementor-element-dd55b7a e-con-full e-flex e-con e-child\" data-id=\"dd55b7a\" data-element_type=\"container\" data-e-type=\"container\">\n\t\t\t\t<div class=\"elementor-element elementor-element-6031b6c elementor-widget elementor-widget-image\" data-id=\"6031b6c\" data-element_type=\"widget\" data-e-type=\"widget\" data-widget_type=\"image.default\">\n\t\t\t\t<div class=\"elementor-widget-container\">\n\t\t\t\t\t\t\t\t\t\t\t\t\t\t\t<img decoding=\"async\" width=\"300\" height=\"300\" src=\"https:\/\/www.michelinemusic.com\/wp-content\/uploads\/2025\/10\/Dirigent.jpg\" class=\"attachment-large size-large wp-image-5423\" alt=\"\" srcset=\"https:\/\/www.michelinemusic.com\/wp-content\/uploads\/2025\/10\/Dirigent.jpg 300w, https:\/\/www.michelinemusic.com\/wp-content\/uploads\/2025\/10\/Dirigent-150x150.jpg 150w, https:\/\/www.michelinemusic.com\/wp-content\/uploads\/2025\/10\/Dirigent-100x100.jpg 100w\" sizes=\"(max-width: 300px) 100vw, 300px\" \/>\t\t\t\t\t\t\t\t\t\t\t\t\t\t\t<\/div>\n\t\t\t\t<\/div>\n\t\t\t\t<\/div>\n\t\t<div class=\"elementor-element elementor-element-aeb19fd e-con-full e-flex e-con e-child\" data-id=\"aeb19fd\" data-element_type=\"container\" data-e-type=\"container\">\n\t\t\t\t<div class=\"elementor-element elementor-element-70a6053 elementor-widget elementor-widget-text-editor\" data-id=\"70a6053\" data-element_type=\"widget\" data-e-type=\"widget\" data-widget_type=\"text-editor.default\">\n\t\t\t\t<div class=\"elementor-widget-container\">\n\t\t\t\t\t\t\t\t\t<h3 class=\"info-box-title\" style=\"margin: 0;\"><strong>Riviera Orchestra<\/strong><\/h3><p>Cr\u00e9\u00e9 en 2013 \u00e0 Menton,\u00a0<strong>Riviera Orchestra<\/strong>\u00a0se produit r\u00e9guli\u00e8rement dans de grandes salles des Alpes-Maritimes et en plein air, devant des centaines voire des milliers de personnes, avec des spectacles sur des th\u00e8mes divers comme\u00a0<em>Broadway<\/em>,\u00a0<em>Pink Floyd<\/em>, les grands airs d\u2019op\u00e9ra, les musiques de films, accompagn\u00e9s par des chanteurs, des danseuses et des acteurs.<\/p><p>Avec \u00a0\u00bb Jazz &rsquo;50 \u00ab\u00a0, le Riviera Orchestra, dirig\u00e9 par\u00a0<strong>Jean-Christophe Louc<\/strong>\u00a0et avec la complicit\u00e9 de Micheline, vous invite \u00e0 red\u00e9couvrir les succ\u00e8s des standards am\u00e9ricains avec des sonorit\u00e9s nouvelles.<\/p><p>Un voyage au pays des saxophones, des trompettes et trombones, o\u00f9 les multiples facettes de l\u2019orchestre harmonique se marient \u00e0 merveille avec le temp\u00e9rament de George Gershwin, Frank Sinatra et Ella Fitzgerald\u00a0: tant\u00f4t puissant, espi\u00e8gle, velout\u00e9, solennel, percutant ou m\u00e9lancolique.<\/p>\t\t\t\t\t\t\t\t<\/div>\n\t\t\t\t<\/div>\n\t\t\t\t<\/div>\n\t\t\t\t\t<\/div>\n\t\t\t\t<\/div>\n\t\t<div class=\"elementor-element elementor-element-420e1fc e-flex e-con-boxed e-con e-parent\" data-id=\"420e1fc\" data-element_type=\"container\" data-e-type=\"container\">\n\t\t\t\t\t<div class=\"e-con-inner\">\n\t\t\t\t\t<\/div>\n\t\t\t\t<\/div>\n\t\t\t\t<\/div>\n\t\t","protected":false},"excerpt":{"rendered":"<p>Jazz \u201950! les plus belles chansons de jazz des ann\u00e9es 50 chant\u00e9 par Micheline Van Hautem, accompagn\u00e9 du Riviera Orchestra de Menton. Fly me to the moon, New York &#8211; New York, When the saints go marchin\u2019 in&#8230;Micheline interpr\u00e8te ces&#8230;<\/p>\n","protected":false},"author":1,"featured_media":0,"parent":0,"menu_order":0,"comment_status":"closed","ping_status":"closed","template":"","meta":{"footnotes":""},"class_list":["post-5419","page","type-page","status-publish","hentry"],"_links":{"self":[{"href":"https:\/\/www.michelinemusic.com\/fr\/wp-json\/wp\/v2\/pages\/5419","targetHints":{"allow":["GET"]}}],"collection":[{"href":"https:\/\/www.michelinemusic.com\/fr\/wp-json\/wp\/v2\/pages"}],"about":[{"href":"https:\/\/www.michelinemusic.com\/fr\/wp-json\/wp\/v2\/types\/page"}],"author":[{"embeddable":true,"href":"https:\/\/www.michelinemusic.com\/fr\/wp-json\/wp\/v2\/users\/1"}],"replies":[{"embeddable":true,"href":"https:\/\/www.michelinemusic.com\/fr\/wp-json\/wp\/v2\/comments?post=5419"}],"version-history":[{"count":0,"href":"https:\/\/www.michelinemusic.com\/fr\/wp-json\/wp\/v2\/pages\/5419\/revisions"}],"wp:attachment":[{"href":"https:\/\/www.michelinemusic.com\/fr\/wp-json\/wp\/v2\/media?parent=5419"}],"curies":[{"name":"wp","href":"https:\/\/api.w.org\/{rel}","templated":true}]}}