{"id":5633,"date":"2026-01-26T19:23:57","date_gmt":"2026-01-26T19:23:57","guid":{"rendered":"https:\/\/www.michelinemusic.com\/fete-des-lucioles\/"},"modified":"2026-03-19T11:09:01","modified_gmt":"2026-03-19T11:09:01","slug":"fete-des-lucioles","status":"publish","type":"page","link":"https:\/\/www.michelinemusic.com\/fr\/fete-des-lucioles\/","title":{"rendered":"F\u00eate des Lucioles"},"content":{"rendered":"\t\t<div data-elementor-type=\"wp-page\" data-elementor-id=\"5633\" class=\"elementor elementor-5633 elementor-4033\">\n\t\t\t\t<div class=\"elementor-element elementor-element-8a064ba e-con-full e-flex e-con e-parent\" data-id=\"8a064ba\" data-element_type=\"container\" data-e-type=\"container\">\n\t\t\t\t<div class=\"elementor-element elementor-element-364cfba elementor-widget elementor-widget-slider_revolution\" data-id=\"364cfba\" data-element_type=\"widget\" data-e-type=\"widget\" data-widget_type=\"slider_revolution.default\">\n\t\t\t\t<div class=\"elementor-widget-container\">\n\t\t\t\t\t\n\t\t<div class=\"wp-block-themepunch-revslider\">\n\t\t\t<!-- START Slider Fete Lucioles REVOLUTION SLIDER 6.7.29 --><p class=\"rs-p-wp-fix\"><\/p>\n\t\t\t<rs-module-wrap id=\"rev_slider_4_1_wrapper\" data-source=\"gallery\" style=\"visibility:hidden;background:transparent;padding:0;margin:0px auto;margin-top:0;margin-bottom:0;\">\n\t\t\t\t<rs-module id=\"rev_slider_4_1\" style=\"\" data-version=\"6.7.29\">\n\t\t\t\t\t<rs-slides style=\"overflow: hidden; position: absolute;\">\n\t\t\t\t\t\t<rs-slide style=\"position: absolute;\" data-key=\"rs-8\" data-title=\"Slide\" data-in=\"o:0;\" data-out=\"a:false;\">\n\t\t\t\t\t\t\t<img fetchpriority=\"high\" decoding=\"async\" src=\"\/\/www.michelinemusic.com\/wp-content\/plugins\/revslider\/sr6\/assets\/assets\/dummy.png\" alt=\"\" title=\"banner 3-fetelucioles\" width=\"1920\" height=\"1080\" class=\"rev-slidebg tp-rs-img rs-lazyload\" data-lazyload=\"\/\/www.michelinemusic.com\/wp-content\/uploads\/2025\/05\/banner-3-fetelucioles.jpg\" data-no-retina>\n<!--\n\t\t\t\t\t\t\t--><rs-layer\n\t\t\t\t\t\t\t\tid=\"slider-4-slide-8-layer-0\" \n\t\t\t\t\t\t\t\tdata-type=\"text\"\n\t\t\t\t\t\t\t\tdata-rsp_ch=\"on\"\n\t\t\t\t\t\t\t\tdata-xy=\"x:c;xo:-59px,-35px,-8px,-8px;y:m;yo:71px,31px,-32px,-134px;\"\n\t\t\t\t\t\t\t\tdata-text=\"s:110,92,72,47;l:146,123,120,47;a:inherit;\"\n\t\t\t\t\t\t\t\tdata-frame_999=\"o:0;st:w;sR:8700;\"\n\t\t\t\t\t\t\t\tstyle=\"z-index:5;font-family:'Hunter River';\"\n\t\t\t\t\t\t\t>FETE DES LUCIOLES \n\t\t\t\t\t\t\t<\/rs-layer><!--\n\n\t\t\t\t\t\t\t--><rs-layer\n\t\t\t\t\t\t\t\tid=\"slider-4-slide-8-layer-2\" \n\t\t\t\t\t\t\t\tdata-type=\"text\"\n\t\t\t\t\t\t\t\tdata-color=\"#fff\"\n\t\t\t\t\t\t\t\tdata-rsp_ch=\"on\"\n\t\t\t\t\t\t\t\tdata-xy=\"xo:527px,471px,351px,222px;yo:574px,487px,715px,267px;\"\n\t\t\t\t\t\t\t\tdata-text=\"w:normal;s:37,30,22,13;l:56,46,34,20;ls:5,4,3,1;\"\n\t\t\t\t\t\t\t\tdata-dim=\"w:664,548,416,256;minh:0,none,none,none;\"\n\t\t\t\t\t\t\t\tdata-frame_999=\"o:0;st:w;\"\n\t\t\t\t\t\t\t\tstyle=\"z-index:6;font-family:'Poppins';\"\n\t\t\t\t\t\t\t>6 JUIN 2025 - 19:00  <i class=\"material-icons\">edit_location<\/i>Vence \n\t\t\t\t\t\t\t<\/rs-layer><!--\n\n\t\t\t\t\t\t\t--><rs-layer\n\t\t\t\t\t\t\t\tid=\"slider-4-slide-8-layer-3\" \n\t\t\t\t\t\t\t\tdata-type=\"text\"\n\t\t\t\t\t\t\t\tdata-color=\"#fff\"\n\t\t\t\t\t\t\t\tdata-rsp_ch=\"on\"\n\t\t\t\t\t\t\t\tdata-xy=\"xo:37px,7px,14px,13px;yo:646px,554px,753px,313px;\"\n\t\t\t\t\t\t\t\tdata-text=\"w:normal;s:60,49,37,22;l:60,49,37,22;ls:2,1,0,0;\"\n\t\t\t\t\t\t\t\tdata-dim=\"w:804px,663px,503px,310px;minh:0px,none,none,none;\"\n\t\t\t\t\t\t\t\tdata-frame_999=\"o:0;st:w;\"\n\t\t\t\t\t\t\t\tstyle=\"z-index:7;font-family:'Montserrat';\"\n\t\t\t\t\t\t\t>Musique dans le jardin \n\t\t\t\t\t\t\t<\/rs-layer><!--\n\n\t\t\t\t\t\t\t--><rs-layer\n\t\t\t\t\t\t\t\tid=\"slider-4-slide-8-layer-4\" \n\t\t\t\t\t\t\t\tdata-type=\"text\"\n\t\t\t\t\t\t\t\tdata-rsp_ch=\"on\"\n\t\t\t\t\t\t\t\tdata-xy=\"xo:472px,395px,279px,154px;yo:730px,629px,819px,353px;\"\n\t\t\t\t\t\t\t\tdata-text=\"s:60,49,37,22;l:60,49,37,22;a:right;\"\n\t\t\t\t\t\t\t\tdata-frame_999=\"o:0;st:w;\"\n\t\t\t\t\t\t\t\tstyle=\"z-index:8;font-family:'Roboto';\"\n\t\t\t\t\t\t\t>Jazz Duo Laroo & Byrd  <\/br>with special guest Micheline \n\t\t\t\t\t\t\t<\/rs-layer><!--\n-->\t\t\t\t\t<\/rs-slide>\n\t\t\t\t\t<\/rs-slides>\n\t\t\t\t<\/rs-module>\n\t\t\t\t<script>\n\t\t\t\t\tsetREVStartSize({c: 'rev_slider_4_1',rl:[1240,1024,778,480],el:[868,768,960,720],gw:[1240,1024,778,480],gh:[868,768,960,720],type:'standard',justify:'',layout:'fullwidth',mh:\"0\"});if (window.RS_MODULES!==undefined && window.RS_MODULES.modules!==undefined && window.RS_MODULES.modules[\"revslider41\"]!==undefined) {window.RS_MODULES.modules[\"revslider41\"].once = false;window.revapi4 = undefined;if (window.RS_MODULES.checkMinimal!==undefined) window.RS_MODULES.checkMinimal()}\n\t\t\t\t<\/script>\n\t\t\t<\/rs-module-wrap>\n\t\t\t<!-- END REVOLUTION SLIDER -->\n<\/div>\n\n\t\t\t\t\t\t<\/div>\n\t\t\t\t<\/div>\n\t\t\t\t<\/div>\n\t\t<div class=\"elementor-element elementor-element-816d1f9 e-flex e-con-boxed e-con e-parent\" data-id=\"816d1f9\" data-element_type=\"container\" data-e-type=\"container\">\n\t\t\t\t\t<div class=\"e-con-inner\">\n\t\t<div class=\"elementor-element elementor-element-6c4f42b e-con-full e-flex e-con e-child\" data-id=\"6c4f42b\" data-element_type=\"container\" data-e-type=\"container\">\n\t\t\t\t<div class=\"elementor-element elementor-element-215c3c4 elementor-widget elementor-widget-text-editor\" data-id=\"215c3c4\" data-element_type=\"widget\" data-e-type=\"widget\" data-widget_type=\"text-editor.default\">\n\t\t\t\t<div class=\"elementor-widget-container\">\n\t\t\t\t\t\t\t\t\t<h4 class=\"info-box-title\">Firefly Celebration in Vence<br \/>Friday June 6th 2025 (19h00)<\/h4>\n<p>Do you want to join us, buy tickets here<\/p>\n\t\t\t\t\t\t\t\t<\/div>\n\t\t\t\t<\/div>\n\t\t\t\t<div class=\"elementor-element elementor-element-62d4270 elementor-align-center elementor-widget elementor-widget-button\" data-id=\"62d4270\" data-element_type=\"widget\" data-e-type=\"widget\" data-widget_type=\"button.default\">\n\t\t\t\t<div class=\"elementor-widget-container\">\n\t\t\t\t\t\t\t\t\t<div class=\"elementor-button-wrapper\">\n\t\t\t\t\t<a class=\"elementor-button elementor-button-link elementor-size-sm\" href=\"https:\/\/www.michelinemusic.com\/?post_type=product&#038;p=4415\">\n\t\t\t\t\t\t<span class=\"elementor-button-content-wrapper\">\n\t\t\t\t\t\t\t\t\t<span class=\"elementor-button-text\">Tickets<\/span>\n\t\t\t\t\t<\/span>\n\t\t\t\t\t<\/a>\n\t\t\t\t<\/div>\n\t\t\t\t\t\t\t\t<\/div>\n\t\t\t\t<\/div>\n\t\t\t\t<div class=\"elementor-element elementor-element-cca6272 elementor-widget elementor-widget-text-editor\" data-id=\"cca6272\" data-element_type=\"widget\" data-e-type=\"widget\" data-widget_type=\"text-editor.default\">\n\t\t\t\t<div class=\"elementor-widget-container\">\n\t\t\t\t\t\t\t\t\t<p>Dear friends,<\/p>\n<p>We are happy to invite you to celebrate the return of the fireflies who are lighting up our garden.<\/p>\n<p>Welcome at La Cigogne.<br \/>Let&rsquo;s enjoy a great evening of delicious dishes, fine wines, good laughs and groovy live music.<\/p>\n<p><span class=\"HwtZe\" lang=\"en\"><span class=\"jCAhz ChMk0b\"><span class=\"ryNqvb\">Micheline will sing with Duo Saskia Laroo.<\/span><\/span>\u00a0<span class=\"jCAhz ChMk0b\"><span class=\"ryNqvb\">We will bring the sun into our garden with jazz and French chansons.<\/span><\/span><\/span>\u00a0<\/p>\n<p>Kindly bring\u00a0<strong>a\u00a0savory\u00a0dish to share<\/strong> with good &amp; new friends and allow for a small participation of 25<strong>\u20ac<\/strong> per adult.<br \/>We offer home made ap\u00e9ro, wine &amp; drinks, live-music to complete a summery night and the dessert, a surprise by our Chef son Alexander.<\/p>\n<p>We are much looking forward to seeing you all again. Friends, family, visitors and children are welcome as well.\u00a0<\/p>\n<p>Micheline &amp; Willem \u2022 Alexander &amp; Max<\/p>\n<p><strong>La Cigogne<\/strong><br \/><strong>2184, Chemin de la Sine, 06140 Vence<\/strong><br \/><strong>our location via google maps:<\/strong><br \/><strong><a href=\"https:\/\/goo.gl\/maps\/8LCUE9ciUTQ2\">https:\/\/goo.gl\/maps\/8LCUE9ciUTQ2<\/a><\/strong><br \/><strong>+33 4 93 58 13 26<\/strong><\/p>\n<p>Parking is possible on the Chemin de la Sine itself and also in the little street going down (coming from St. Paul, 100m before our house, to the left). There will be P-sings and balloons indicating the way to La Cigogne (there&rsquo;s a stork on the roof of the house). You can also send us a location request via whatsapp. Better to do that a few days in advance since we may be busy preparing the day itself.\u00a0 +33 7 71 15 57 43 (Micheline) &amp; +33 6 50 06 16 74 (Willem)<br \/>Bring a flashlight to find your way back to your car after the party.<\/p>\n\t\t\t\t\t\t\t\t<\/div>\n\t\t\t\t<\/div>\n\t\t\t\t<\/div>\n\t\t<div class=\"elementor-element elementor-element-fd3cbd1 e-con-full e-flex e-con e-child\" data-id=\"fd3cbd1\" data-element_type=\"container\" data-e-type=\"container\">\n\t\t\t\t<div class=\"elementor-element elementor-element-137f5f7 elementor-widget elementor-widget-text-editor\" data-id=\"137f5f7\" data-element_type=\"widget\" data-e-type=\"widget\" data-widget_type=\"text-editor.default\">\n\t\t\t\t<div class=\"elementor-widget-container\">\n\t\t\t\t\t\t\t\t\t<h4 class=\"info-box-title\">La F\u00eate des Lucioles \u00e0 Vence<br \/>Vendredi 6 juin 2025 (19h00)<\/h4>\n<p>Si vous voulez vous joindre \u00e0 nous, achat tickets ici:<\/p>\n\t\t\t\t\t\t\t\t<\/div>\n\t\t\t\t<\/div>\n\t\t\t\t<div class=\"elementor-element elementor-element-181a80f elementor-align-center elementor-widget elementor-widget-button\" data-id=\"181a80f\" data-element_type=\"widget\" data-e-type=\"widget\" data-widget_type=\"button.default\">\n\t\t\t\t<div class=\"elementor-widget-container\">\n\t\t\t\t\t\t\t\t\t<div class=\"elementor-button-wrapper\">\n\t\t\t\t\t<a class=\"elementor-button elementor-button-link elementor-size-sm\" href=\"https:\/\/www.michelinemusic.com\/?post_type=product&#038;p=4415\">\n\t\t\t\t\t\t<span class=\"elementor-button-content-wrapper\">\n\t\t\t\t\t\t\t\t\t<span class=\"elementor-button-text\">Tickets<\/span>\n\t\t\t\t\t<\/span>\n\t\t\t\t\t<\/a>\n\t\t\t\t<\/div>\n\t\t\t\t\t\t\t\t<\/div>\n\t\t\t\t<\/div>\n\t\t\t\t<div class=\"elementor-element elementor-element-06898fe elementor-widget elementor-widget-text-editor\" data-id=\"06898fe\" data-element_type=\"widget\" data-e-type=\"widget\" data-widget_type=\"text-editor.default\">\n\t\t\t\t<div class=\"elementor-widget-container\">\n\t\t\t\t\t\t\t\t\t<p>Chers amis,<\/p>\n<p>Bienvenue \u00e0 La Cigogne pour f\u00eater le retour des lucioles dans notre jardin.<br \/>Profitons d&rsquo;une excellente soir\u00e9e avec des plats d\u00e9licieux, des vins gouleyants, des rires joyeux et de la musique live captivante.<\/p>\n<p><span class=\"HwtZe\" lang=\"fr\"><span class=\"jCAhz ChMk0b\"><span class=\"ryNqvb\">Micheline fera de la musique avec Saskia Laroo et Warren Byrd.<\/span><\/span>\u00a0<span class=\"jCAhz ChMk0b\"><span class=\"ryNqvb\">Nous apporterons le soleil dans notre jardin avec le jazz et des chansons fran\u00e7aises.<\/span><\/span><\/span><\/p>\n<p>Svp, apportez\u00a0<strong>un plat\u00a0<\/strong>sal\u00e9<strong>\u00a0\u00e0 partager<\/strong>\u00a0avec de bons &amp; de nouveaux amis et\u00a0<strong>25\u20ac<\/strong> par adulte comme petite contribution. Nous nous occuperons de l&rsquo;ap\u00e9ro (vin d&rsquo;orange fait maison), des boissons, la musique live et le sucr\u00e9 pour cette nuit d\u2019\u00e9t\u00e9 illumin\u00e9e par vos rires, les lucioles et des bons vibes. C&rsquo;est notre fils Alexander, nouveau Chef de cuisine, qui nous fera plaisir avec le dessert.\u00a0<\/p>\n<p>Nous sommes impatients de vous revoir tous. Les amis, la famille, vos visiteurs et vos enfants sont \u00e9galement les bienvenus.<br \/><span id=\"cloak4b074ecbe25a49cc10679289e34c10e6\"><\/span><\/p>\n<p><strong>Micheline &amp; Willem \u2022 Alexander &amp; Max<\/strong><br \/><strong>La Cigogne<\/strong><br \/><strong>2184 Chemin de la Sine, 06140 Vence<\/strong><br \/><strong>Google Maps location:\u00a0<a href=\"https:\/\/goo.gl\/maps\/8LCUE9ciUTQ2\">https:\/\/goo.gl\/maps\/8LCUE9ciUTQ2<\/a><\/strong><br \/><strong>+33 4 93 58 13 26<\/strong><\/p>\n<p>Il y a du parking sur le Chemin de la Sine lui-m\u00eame et aussi dans la petite rue qui descend (en venant de St.Paul, 100m avant notre maison, \u00e0 gauche).<br \/>Des pancartes et des ballons indiqueront le chemin vers La Cigogne (il y a une cigogne sur le toit de la maison).<br \/>Vous pouvez \u00e9galement nous envoyer une demande de localisation par WhatsApp, mieux vaut le faire quelques jours \u00e0 l&rsquo;avance puisque nous seront bien occup\u00e9s \u00e0 pr\u00e9parer le jour m\u00eame.<br \/>Micheline: +33 7 71 15 57 43 ou Willem: +33 6 50 06 16 74.<br \/>Je vous sugg\u00e8re d&rsquo;apporter une lampe de poche pour vous \u00e9clairer dans la nuit noire de Provence pour le retour vers votre voiture apr\u00e8s la f\u00eate.<\/p>\n\t\t\t\t\t\t\t\t<\/div>\n\t\t\t\t<\/div>\n\t\t\t\t<\/div>\n\t\t<div class=\"elementor-element elementor-element-4a428da e-con-full e-flex e-con e-child\" data-id=\"4a428da\" data-element_type=\"container\" data-e-type=\"container\">\n\t\t\t\t<div class=\"elementor-element elementor-element-c8df9d0 elementor-widget elementor-widget-text-editor\" data-id=\"c8df9d0\" data-element_type=\"widget\" data-e-type=\"widget\" data-widget_type=\"text-editor.default\">\n\t\t\t\t<div class=\"elementor-widget-container\">\n\t\t\t\t\t\t\t\t\t<h4 class=\"info-box-title\">Vuurvliegjesfeest in Vence<br \/>Vrijdag 6 juni 2025 (19h00)<\/h4>\n<p>Wil je er bijzijn, koop hieronder kaartjes:<\/p>\n\t\t\t\t\t\t\t\t<\/div>\n\t\t\t\t<\/div>\n\t\t\t\t<div class=\"elementor-element elementor-element-22674dc elementor-align-center elementor-widget elementor-widget-button\" data-id=\"22674dc\" data-element_type=\"widget\" data-e-type=\"widget\" data-widget_type=\"button.default\">\n\t\t\t\t<div class=\"elementor-widget-container\">\n\t\t\t\t\t\t\t\t\t<div class=\"elementor-button-wrapper\">\n\t\t\t\t\t<a class=\"elementor-button elementor-button-link elementor-size-sm\" href=\"https:\/\/www.michelinemusic.com\/?post_type=product&#038;p=4415\">\n\t\t\t\t\t\t<span class=\"elementor-button-content-wrapper\">\n\t\t\t\t\t\t\t\t\t<span class=\"elementor-button-text\">Kaartjes<\/span>\n\t\t\t\t\t<\/span>\n\t\t\t\t\t<\/a>\n\t\t\t\t<\/div>\n\t\t\t\t\t\t\t\t<\/div>\n\t\t\t\t<\/div>\n\t\t\t\t<div class=\"elementor-element elementor-element-42c1334 elementor-widget elementor-widget-text-editor\" data-id=\"42c1334\" data-element_type=\"widget\" data-e-type=\"widget\" data-widget_type=\"text-editor.default\">\n\t\t\t\t<div class=\"elementor-widget-container\">\n\t\t\t\t\t\t\t\t\t<p>Mooie mensen,<\/p>\n<p>We nodigen jullie graag uit om de terugkeer van de vuurvliegjes in onze tuin in Vence te vieren.<\/p>\n<p>Wees welkom op La Cigogne!<br \/>We genieten van een gezellige avond met heerlijke gerechten, goede wijn, veel plezier en hartverwarmende live-muziek.<\/p>\n<p>Micheline &amp; Duo Saskia Laroo brengen de zon in onze tuin met jazz en Franse chansons.<\/p>\n<p>Aub, breng\u00a0<strong>een<\/strong>\u00a0<strong>hartig\u00a0gerecht mee om te delen<\/strong> met goede en nieuwe vrienden en houd ook rekening met een kleine deelname van <strong>25\u20ac<\/strong> per volwassene. Wij zorgen voor de welkomstdrank (huisgemaakte oranjewijn), drank en live muziek en het toetje, u aangeboden door onze zoon kersverse Chef Alexander.<\/p>\n<p>We kijken er erg naar uit om jullie allemaal terug te zien! Vrienden, familie, gasten en kinderen zijn ook welkom.<\/p>\n<p>We zien er naar uit!<\/p>\n<p>Micheline &amp; Willem \u2022 Alexander &amp; Max<\/p>\n<p><strong>La Cigogne<\/strong><br \/><strong>2184, Chemin de la Sine, 06140 Vence<\/strong><br \/><strong>onze locatie via google maps:\u00a0<a href=\"https:\/\/goo.gl\/maps\/8LCUE9ciUTQ2\">https:\/\/goo.gl\/maps\/8LCUE9ciUTQ2<br \/><\/a>+33 4 93 58 13 26 (thuis)<\/strong><\/p>\n<p>Parkeren is mogelijk op de Chemin de la Sine zelf en ook in het kleine straatje dat naar beneden gaat (vanuit St. Paul, 100m voor ons huis, aan de linkerkant).<br \/>Er zullen P-pancartes en ballonnen zijn die de weg wijzen naar La Cigogne (er staat een ooievaar op het dak van het huis).<br \/>Je kunt ons ook een locatieverzoek sturen via Whatsapp. Beter om dat een paar dagen van tevoren te doen, we zullen de dag zelf druk in de weer zijn met voorbereiden.<br \/>+33 7 71 15 57 43 (Micheline) of +33 6 50 06 16 74 (Willem)<br \/>Neem een \u200b\u200bzaklantaarn mee om de weg terug naar je auto te vinden na afloop van het feest.<\/p>\n\t\t\t\t\t\t\t\t<\/div>\n\t\t\t\t<\/div>\n\t\t\t\t<\/div>\n\t\t\t\t\t<\/div>\n\t\t\t\t<\/div>\n\t\t<div class=\"elementor-element elementor-element-5013537 e-flex e-con-boxed e-con e-parent\" data-id=\"5013537\" data-element_type=\"container\" data-e-type=\"container\">\n\t\t\t\t\t<div class=\"e-con-inner\">\n\t\t\t\t\t<\/div>\n\t\t\t\t<\/div>\n\t\t<div class=\"elementor-element elementor-element-3190453 e-flex e-con-boxed e-con e-parent\" data-id=\"3190453\" data-element_type=\"container\" data-e-type=\"container\">\n\t\t\t\t\t<div class=\"e-con-inner\">\n\t\t\t\t<div class=\"elementor-element elementor-element-d7b4a02 elementor-widget elementor-widget-video\" data-id=\"d7b4a02\" data-element_type=\"widget\" data-e-type=\"widget\" data-settings=\"{&quot;youtube_url&quot;:&quot;https:\\\/\\\/www.youtube.com\\\/watch?v=Pi8Is0raKAw&quot;,&quot;video_type&quot;:&quot;youtube&quot;,&quot;controls&quot;:&quot;yes&quot;}\" data-widget_type=\"video.default\">\n\t\t\t\t<div class=\"elementor-widget-container\">\n\t\t\t\t\t\t\t<div class=\"elementor-wrapper elementor-open-inline\">\n\t\t\t<div class=\"elementor-video\"><\/div>\t\t<\/div>\n\t\t\t\t\t\t<\/div>\n\t\t\t\t<\/div>\n\t\t\t\t\t<\/div>\n\t\t\t\t<\/div>\n\t\t<div class=\"elementor-element elementor-element-a2b2ba8 e-flex e-con-boxed e-con e-parent\" data-id=\"a2b2ba8\" data-element_type=\"container\" data-e-type=\"container\">\n\t\t\t\t\t<div class=\"e-con-inner\">\n\t\t\t\t<div class=\"elementor-element elementor-element-24e8fce elementor-widget elementor-widget-spacer\" data-id=\"24e8fce\" data-element_type=\"widget\" data-e-type=\"widget\" data-widget_type=\"spacer.default\">\n\t\t\t\t<div class=\"elementor-widget-container\">\n\t\t\t\t\t\t\t<div class=\"elementor-spacer\">\n\t\t\t<div class=\"elementor-spacer-inner\"><\/div>\n\t\t<\/div>\n\t\t\t\t\t\t<\/div>\n\t\t\t\t<\/div>\n\t\t\t\t<div class=\"elementor-element elementor-element-40f7e7b elementor-widget elementor-widget-spacer\" data-id=\"40f7e7b\" data-element_type=\"widget\" data-e-type=\"widget\" data-widget_type=\"spacer.default\">\n\t\t\t\t<div class=\"elementor-widget-container\">\n\t\t\t\t\t\t\t<div class=\"elementor-spacer\">\n\t\t\t<div class=\"elementor-spacer-inner\"><\/div>\n\t\t<\/div>\n\t\t\t\t\t\t<\/div>\n\t\t\t\t<\/div>\n\t\t\t\t<div class=\"elementor-element elementor-element-44a125c elementor-widget elementor-widget-video\" data-id=\"44a125c\" data-element_type=\"widget\" data-e-type=\"widget\" data-settings=\"{&quot;youtube_url&quot;:&quot;https:\\\/\\\/youtu.be\\\/GtCzHl5uGUA&quot;,&quot;video_type&quot;:&quot;youtube&quot;,&quot;controls&quot;:&quot;yes&quot;}\" data-widget_type=\"video.default\">\n\t\t\t\t<div class=\"elementor-widget-container\">\n\t\t\t\t\t\t\t<div class=\"elementor-wrapper elementor-open-inline\">\n\t\t\t<div class=\"elementor-video\"><\/div>\t\t<\/div>\n\t\t\t\t\t\t<\/div>\n\t\t\t\t<\/div>\n\t\t\t\t\t<\/div>\n\t\t\t\t<\/div>\n\t\t<div class=\"elementor-element elementor-element-7da65e4 e-flex e-con-boxed e-con e-parent\" data-id=\"7da65e4\" data-element_type=\"container\" data-e-type=\"container\">\n\t\t\t\t\t<div class=\"e-con-inner\">\n\t\t<div class=\"elementor-element elementor-element-592c79b e-con-full e-flex e-con e-child\" data-id=\"592c79b\" data-element_type=\"container\" data-e-type=\"container\">\n\t\t\t\t<div class=\"elementor-element elementor-element-a2cc484 elementor-widget elementor-widget-text-editor\" data-id=\"a2cc484\" data-element_type=\"widget\" data-e-type=\"widget\" data-widget_type=\"text-editor.default\">\n\t\t\t\t<div class=\"elementor-widget-container\">\n\t\t\t\t\t\t\t\t\t<p><strong>DIRECTIONS to La Cigogne<\/strong><br \/><strong>Address: 2184 Chemin de la Sine, Vence<\/strong><\/p>\n<ul>\n<li>Coming from the A8, at Villeneuve-Loubet, take the exit nr 47:<\/li>\n<li>Villeneuve-Loubet, Cagnes Sur Mer, Vence (700m)<\/li>\n<li>Avenue des Alpes (D336) (p\u00e9n\u00e9trante) (1,1km)<\/li>\n<li>Second roundabout, continue straight (1km)<\/li>\n<li>At the 3rd roundabout, take the 3rd exit (D436) onto Avenue Du Cheiron<br \/>Watch out: Vence will be indicated on the 2nd exit but you need to take the next one, leaving the BP gas station on your left, direction St. Paul de Vence (which is not indicated) &#8211; Go straight at the new roundabout (at the Leclerc, big store on your left (0,4km)<\/li>\n<li>Bear right onto D2 Route des Serres (direction St. Paul de Vence) (3,2km)<br \/>Take a left onto D902 (100m)<\/li>\n<li>At the roundabout (Fondation Maeght), take the 2nd exit onto Mont\u00e9e (chemin) des Trious (this is no longer direction St. Paul de Vence) Continue up the road called Chemin des Gardettes (1,6 km) make sure you mark this!<\/li>\n<li>Take the steep right road at the fork onto Chemin de la Sine. On the tree you will see a wooden sign for Camping La Bergerie. Then it&rsquo;s 700 meters to our house (on the left), Chemin de la Sine nr 2184. There\u2019s a stork (Cigogne) on our roof.<\/li>\n<li>We will indicate the parking by Lucioles-signs, balloons and P-sings.<\/li>\n<\/ul>\n\t\t\t\t\t\t\t\t<\/div>\n\t\t\t\t<\/div>\n\t\t\t\t<\/div>\n\t\t<div class=\"elementor-element elementor-element-4744c2c e-con-full e-flex e-con e-child\" data-id=\"4744c2c\" data-element_type=\"container\" data-e-type=\"container\">\n\t\t\t\t<div class=\"elementor-element elementor-element-115388e elementor-widget elementor-widget-text-editor\" data-id=\"115388e\" data-element_type=\"widget\" data-e-type=\"widget\" data-widget_type=\"text-editor.default\">\n\t\t\t\t<div class=\"elementor-widget-container\">\n\t\t\t\t\t\t\t\t\t<p><strong>Route naar La Cigogne<\/strong><\/p>\n<p><strong>Adres:\u00a0 2184 Chemin de la Sine, Vence<\/strong><\/p>\n<ul>\n<li>Komende van mid Frankrijk op de A8, neem afrit 47 Villeneuve-Loubet, Cagnes Sur Mer, Vence (700m)<\/li>\n<li>Volg de Avenue des Alpes (D336) (in de volksmond genaamd de p\u00e9n\u00e9trante, je zal ook bordjes naar Polygone zien, het winkelcentrum) (1,1km)<\/li>\n<li>Tweede rond punt, ga rechtdoor (1km)<\/li>\n<li>Derde rond punt, neem de derde afslag (D436) naar Avenue Du Cheiron<br \/>Pas op: een bordje Vence staat aangegeven op de 2de afslag maar neem de volgende, je ziet een BP benzine station aan je linkerkant, volg richting St. Paul de Vence (dat staat pas later op de weg aangegeven). Je passeert ook het grootwarenhuis Leclerc aan je linkerhand met het nieuwe rond punt. (0,4km)<\/li>\n<li>Blijf rechts op de D2 Route des Serres (richting St. Paul de Vence) (3,2km)<\/li>\n<li>Ga naar links (voelt als rechtdoor) op de D902 (100m)<br \/>Bij het rond punt (Fondation Maeght), neem de tweede straat genaamd Mont\u00e9e (chemin) des Trious (dit is niet langer richting St. Paul de Vence)<\/li>\n<li>Vervolg je weg omhoog op de Chemin des Gardettes (1,6 km, hou de kilometerstand hier in het oog)<\/li>\n<li>Neem de weg rechts omhoog bij het vork. Op de linkerboom zie je een houten bordje voor\u00a0 Camping La Bergerie. Je bent nu in onze straat, Chemin de la Sine. Vanaf het vork is het nog 700 meter tot bij ons huis (linkerkant vd straat), Chemin de la Sine nr 2184. Er staat een langerekte ooievaar (Cigogne) op ons dak.\u00a0<\/li>\n<li>Er zullen pijltjes en balonnen hangen en P-bordjes naar de parkingplaats.<\/li>\n<\/ul>\n\t\t\t\t\t\t\t\t<\/div>\n\t\t\t\t<\/div>\n\t\t\t\t<\/div>\n\t\t\t\t\t<\/div>\n\t\t\t\t<\/div>\n\t\t<div class=\"elementor-element elementor-element-be76308 e-flex e-con-boxed e-con e-parent\" data-id=\"be76308\" data-element_type=\"container\" data-e-type=\"container\">\n\t\t\t\t\t<div class=\"e-con-inner\">\n\t\t\t\t\t<\/div>\n\t\t\t\t<\/div>\n\t\t<div class=\"elementor-element elementor-element-3ad3df7 e-flex e-con-boxed e-con e-parent\" data-id=\"3ad3df7\" data-element_type=\"container\" data-e-type=\"container\">\n\t\t\t\t\t<div class=\"e-con-inner\">\n\t\t\t\t<div class=\"elementor-element elementor-element-d2f91ba elementor-widget elementor-widget-google_maps\" data-id=\"d2f91ba\" data-element_type=\"widget\" data-e-type=\"widget\" data-widget_type=\"google_maps.default\">\n\t\t\t\t<div class=\"elementor-widget-container\">\n\t\t\t\t\t\t\t<div class=\"elementor-custom-embed\">\n\t\t\t<iframe loading=\"lazy\"\n\t\t\t\t\tsrc=\"https:\/\/maps.google.com\/maps?q=2184%20Chemin%20de%20la%20Sine%2C%20vence&#038;t=m&#038;z=11&#038;output=embed&#038;iwloc=near\"\n\t\t\t\t\ttitle=\"2184 Chemin de la Sine, vence\"\n\t\t\t\t\taria-label=\"2184 Chemin de la Sine, vence\"\n\t\t\t><\/iframe>\n\t\t<\/div>\n\t\t\t\t\t\t<\/div>\n\t\t\t\t<\/div>\n\t\t\t\t\t<\/div>\n\t\t\t\t<\/div>\n\t\t\t\t<\/div>\n\t\t","protected":false},"excerpt":{"rendered":"<p>Firefly Celebration in VenceFriday June 6th 2025 (19h00) Do you want to join us, buy tickets here Tickets Dear friends, We are happy to invite you to celebrate the return of the fireflies who are lighting up our garden. Welcome&#8230;<\/p>\n","protected":false},"author":2,"featured_media":0,"parent":0,"menu_order":0,"comment_status":"closed","ping_status":"closed","template":"page-templates\/template-elementor.php","meta":{"footnotes":""},"class_list":["post-5633","page","type-page","status-publish","hentry"],"_links":{"self":[{"href":"https:\/\/www.michelinemusic.com\/fr\/wp-json\/wp\/v2\/pages\/5633","targetHints":{"allow":["GET"]}}],"collection":[{"href":"https:\/\/www.michelinemusic.com\/fr\/wp-json\/wp\/v2\/pages"}],"about":[{"href":"https:\/\/www.michelinemusic.com\/fr\/wp-json\/wp\/v2\/types\/page"}],"author":[{"embeddable":true,"href":"https:\/\/www.michelinemusic.com\/fr\/wp-json\/wp\/v2\/users\/2"}],"replies":[{"embeddable":true,"href":"https:\/\/www.michelinemusic.com\/fr\/wp-json\/wp\/v2\/comments?post=5633"}],"version-history":[{"count":3,"href":"https:\/\/www.michelinemusic.com\/fr\/wp-json\/wp\/v2\/pages\/5633\/revisions"}],"predecessor-version":[{"id":5743,"href":"https:\/\/www.michelinemusic.com\/fr\/wp-json\/wp\/v2\/pages\/5633\/revisions\/5743"}],"wp:attachment":[{"href":"https:\/\/www.michelinemusic.com\/fr\/wp-json\/wp\/v2\/media?parent=5633"}],"curies":[{"name":"wp","href":"https:\/\/api.w.org\/{rel}","templated":true}]}}