{"id":4501,"date":"2025-06-14T11:21:44","date_gmt":"2025-06-14T11:21:44","guid":{"rendered":"https:\/\/www.michelinemusic.com\/?page_id=4501"},"modified":"2026-03-19T11:06:51","modified_gmt":"2026-03-19T11:06:51","slug":"fete-des-lucioles-26","status":"publish","type":"page","link":"https:\/\/www.michelinemusic.com\/nl\/fete-des-lucioles-26\/","title":{"rendered":"F\u00eate Lucioles: BBQ Indon\u00e9sien &amp; Musique"},"content":{"rendered":"\t\t<div data-elementor-type=\"wp-page\" data-elementor-id=\"4501\" class=\"elementor elementor-4501\">\n\t\t\t\t<div class=\"elementor-element elementor-element-8a064ba e-con-full e-flex e-con e-parent\" data-id=\"8a064ba\" data-element_type=\"container\" data-e-type=\"container\">\n\t\t\t\t<div class=\"elementor-element elementor-element-364cfba elementor-widget elementor-widget-slider_revolution\" data-id=\"364cfba\" data-element_type=\"widget\" data-e-type=\"widget\" data-widget_type=\"slider_revolution.default\">\n\t\t\t\t<div class=\"elementor-widget-container\">\n\t\t\t\t\t\n\t\t<div class=\"wp-block-themepunch-revslider\">\n\t\t\t<!-- START Slider Fete Lucioles 1 REVOLUTION SLIDER 6.7.29 --><p class=\"rs-p-wp-fix\"><\/p>\n\t\t\t<rs-module-wrap id=\"rev_slider_5_1_wrapper\" data-source=\"gallery\" style=\"visibility:hidden;background:transparent;padding:0;margin:0px auto;margin-top:0;margin-bottom:0;\">\n\t\t\t\t<rs-module id=\"rev_slider_5_1\" style=\"\" data-version=\"6.7.29\">\n\t\t\t\t\t<rs-slides style=\"overflow: hidden; position: absolute;\">\n\t\t\t\t\t\t<rs-slide style=\"position: absolute;\" data-key=\"rs-10\" data-title=\"Slide\" data-in=\"o:0;\" data-out=\"a:false;\">\n\t\t\t\t\t\t\t<img fetchpriority=\"high\" decoding=\"async\" src=\"\/\/www.michelinemusic.com\/wp-content\/plugins\/revslider\/sr6\/assets\/assets\/dummy.png\" alt=\"\" title=\"Snapseed\" width=\"1920\" height=\"1080\" class=\"rev-slidebg tp-rs-img rs-lazyload\" data-lazyload=\"\/\/www.michelinemusic.com\/wp-content\/uploads\/2026\/03\/Snapseed.jpeg\" data-bg=\"f:contain;\" data-no-retina>\n<!---->\t\t\t\t\t<\/rs-slide>\n\t\t\t\t\t<\/rs-slides>\n\t\t\t\t<\/rs-module>\n\t\t\t\t<script>\n\t\t\t\t\tsetREVStartSize({c: 'rev_slider_5_1',rl:[1240,1024,778,480],el:[868,768,960,720],gw:[1240,1024,778,480],gh:[868,768,960,720],type:'standard',justify:'',layout:'fullwidth',mh:\"0\"});if (window.RS_MODULES!==undefined && window.RS_MODULES.modules!==undefined && window.RS_MODULES.modules[\"revslider51\"]!==undefined) {window.RS_MODULES.modules[\"revslider51\"].once = false;window.revapi5 = undefined;if (window.RS_MODULES.checkMinimal!==undefined) window.RS_MODULES.checkMinimal()}\n\t\t\t\t<\/script>\n\t\t\t<\/rs-module-wrap>\n\t\t\t<!-- END REVOLUTION SLIDER -->\n<\/div>\n\n\t\t\t\t\t\t<\/div>\n\t\t\t\t<\/div>\n\t\t\t\t<\/div>\n\t\t<div class=\"elementor-element elementor-element-816d1f9 e-flex e-con-boxed e-con e-parent\" data-id=\"816d1f9\" data-element_type=\"container\" data-e-type=\"container\">\n\t\t\t\t\t<div class=\"e-con-inner\">\n\t\t<div class=\"elementor-element elementor-element-6c4f42b e-con-full e-flex e-con e-child\" data-id=\"6c4f42b\" data-element_type=\"container\" data-e-type=\"container\">\n\t\t\t\t<div class=\"elementor-element elementor-element-215c3c4 elementor-widget elementor-widget-text-editor\" data-id=\"215c3c4\" data-element_type=\"widget\" data-e-type=\"widget\" data-widget_type=\"text-editor.default\">\n\t\t\t\t<div class=\"elementor-widget-container\">\n\t\t\t\t\t\t\t\t\t<h4 class=\"info-box-title\">Indonesian BBQ &amp; Music in Vence, South of France<br \/>Friday June 26th 2026 (19h00)<\/h4><p>Do you want to join us, buy your tickets here<\/p>\t\t\t\t\t\t\t\t<\/div>\n\t\t\t\t<\/div>\n\t\t\t\t<div class=\"elementor-element elementor-element-62d4270 elementor-align-center elementor-widget elementor-widget-button\" data-id=\"62d4270\" data-element_type=\"widget\" data-e-type=\"widget\" data-widget_type=\"button.default\">\n\t\t\t\t<div class=\"elementor-widget-container\">\n\t\t\t\t\t\t\t\t\t<div class=\"elementor-button-wrapper\">\n\t\t\t\t\t<a class=\"elementor-button elementor-button-link elementor-size-sm\" href=\"https:\/\/www.michelinemusic.com\/product\/fete-de-lucioles-bbq-indonesien-musique\/\">\n\t\t\t\t\t\t<span class=\"elementor-button-content-wrapper\">\n\t\t\t\t\t\t\t\t\t<span class=\"elementor-button-text\">Tickets<\/span>\n\t\t\t\t\t<\/span>\n\t\t\t\t\t<\/a>\n\t\t\t\t<\/div>\n\t\t\t\t\t\t\t\t<\/div>\n\t\t\t\t<\/div>\n\t\t\t\t<div class=\"elementor-element elementor-element-cca6272 elementor-widget elementor-widget-text-editor\" data-id=\"cca6272\" data-element_type=\"widget\" data-e-type=\"widget\" data-widget_type=\"text-editor.default\">\n\t\t\t\t<div class=\"elementor-widget-container\">\n\t\t\t\t\t\t\t\t\t<p>Dear friends,<\/p><p>Join us in our garden in Vence on Friday June 26th for an Indonesian evening with BBQ, live music by master guitar player ErWing, originally from Surabaya on the island Java and special guest on vocals, chanteuse Micheline Van Hautem. Enjoy Krontjong guitar, chansons, fine wines and good company. \u20ac39 per adult incl. ap\u00e9ro, BBQ, drinks, dessert &amp; music. Bring your friends &amp; your smile.<\/p><p>We are much looking forward to seeing you all again. Friends, family, visitors and children are welcome as well.\u00a0<\/p><p>Micheline &amp; Willem \u2022 Alexander &amp; Max<\/p><p><strong>La Cigogne<\/strong><br \/><strong>2184, Chemin de la Sine, 06140 Vence<\/strong><br \/><strong>our location via google maps:<\/strong><br \/><strong><a href=\"https:\/\/goo.gl\/maps\/8LCUE9ciUTQ2\">https:\/\/goo.gl\/maps\/8LCUE9ciUTQ2<\/a><\/strong><br \/><strong>+33 4 93 58 13 26<\/strong><\/p><p>Parking is possible on the Chemin de la Sine itself and also in the little street going down (coming from St. Paul, 100m before our house, to the left). There will be P-sings and balloons indicating the way to La Cigogne (there&#8217;s a stork on the roof of the house). You can also send us a location request via whatsapp. Better to do that a few days in advance since we may be busy preparing the day itself.\u00a0 +33 7 71 15 57 43 (Micheline) &amp; +33 6 50 06 16 74 (Willem)<br \/>Bring a flashlight to find your way back to your car after the party.<\/p>\t\t\t\t\t\t\t\t<\/div>\n\t\t\t\t<\/div>\n\t\t\t\t<\/div>\n\t\t<div class=\"elementor-element elementor-element-fd3cbd1 e-con-full e-flex e-con e-child\" data-id=\"fd3cbd1\" data-element_type=\"container\" data-e-type=\"container\">\n\t\t\t\t<div class=\"elementor-element elementor-element-137f5f7 elementor-widget elementor-widget-text-editor\" data-id=\"137f5f7\" data-element_type=\"widget\" data-e-type=\"widget\" data-widget_type=\"text-editor.default\">\n\t\t\t\t<div class=\"elementor-widget-container\">\n\t\t\t\t\t\t\t\t\t<h4 class=\"info-box-title\">BBQ Indon\u00e9sien &amp; Musique \u00e0 Vence, C\u00f4te d&#8217;Azur<br \/>Vendredi 26 juin 2026 (19h00)<\/h4><p>Si vous voulez vous joindre \u00e0 nous, achatez vos tickets ici:<\/p>\t\t\t\t\t\t\t\t<\/div>\n\t\t\t\t<\/div>\n\t\t\t\t<div class=\"elementor-element elementor-element-181a80f elementor-align-center elementor-widget elementor-widget-button\" data-id=\"181a80f\" data-element_type=\"widget\" data-e-type=\"widget\" data-widget_type=\"button.default\">\n\t\t\t\t<div class=\"elementor-widget-container\">\n\t\t\t\t\t\t\t\t\t<div class=\"elementor-button-wrapper\">\n\t\t\t\t\t<a class=\"elementor-button elementor-button-link elementor-size-sm\" href=\"https:\/\/www.michelinemusic.com\/product\/fete-de-lucioles-bbq-indonesien-musique\/\">\n\t\t\t\t\t\t<span class=\"elementor-button-content-wrapper\">\n\t\t\t\t\t\t\t\t\t<span class=\"elementor-button-text\">Tickets<\/span>\n\t\t\t\t\t<\/span>\n\t\t\t\t\t<\/a>\n\t\t\t\t<\/div>\n\t\t\t\t\t\t\t\t<\/div>\n\t\t\t\t<\/div>\n\t\t\t\t<div class=\"elementor-element elementor-element-06898fe elementor-widget elementor-widget-text-editor\" data-id=\"06898fe\" data-element_type=\"widget\" data-e-type=\"widget\" data-widget_type=\"text-editor.default\">\n\t\t\t\t<div class=\"elementor-widget-container\">\n\t\t\t\t\t\t\t\t\t<p>Chers amis,<\/p><p><span class=\"HwtZe\" lang=\"fr\"><span class=\"jCAhz ChMk0b\"><span class=\"ryNqvb\">Rejoignez-nous dans notre jardin \u00e0 Vence le vendredi 26 juin pour une soir\u00e9e indon\u00e9sienne avec barbecue, musique live du guitariste ErWing, originaire de Surabaya, sur l&#8217;\u00eele de Java, et invit\u00e9e sp\u00e9ciale au chant, la chanteuse Micheline Van Hautem.<\/span><\/span> <span class=\"jCAhz ChMk0b\"><span class=\"ryNqvb\">Profitez de la guitare Krontjong, de chansons Fran\u00e7aises, de vins fins et d&#8217;une agr\u00e9able compagnie.<\/span><\/span> <\/span><\/p><p><span class=\"jCAhz ChMk0b\"><span class=\"ryNqvb\">39 \u20ac par adulte, ap\u00e9ritif, barbecue, boissons, dessert et musique inclus.<\/span><\/span> <span class=\"jCAhz ChMk0b\"><span class=\"ryNqvb\">Venez avec vos amis et votre sourire.<\/span><\/span><\/p><p>Nous sommes impatients de vous revoir tous. Les amis, la famille, vos visiteurs et vos enfants sont \u00e9galement les bienvenus.<br \/><span id=\"cloak4b074ecbe25a49cc10679289e34c10e6\"><\/span><\/p><p><strong>Micheline &amp; Willem \u2022 Alexander &amp; Max<\/strong><br \/><strong>La Cigogne<\/strong><br \/><strong>2184 Chemin de la Sine, 06140 Vence<\/strong><br \/><strong>Google Maps location:\u00a0<a href=\"https:\/\/goo.gl\/maps\/8LCUE9ciUTQ2\">https:\/\/goo.gl\/maps\/8LCUE9ciUTQ2<\/a><\/strong><br \/><strong>+33 4 93 58 13 26<\/strong><\/p><p>Il y a du parking sur le Chemin de la Sine lui-m\u00eame et aussi dans la petite rue qui descend (en venant de St.Paul, 100m avant notre maison, \u00e0 gauche).<br \/>Des pancartes et des ballons indiqueront le chemin vers La Cigogne (il y a une cigogne sur le toit de la maison).<br \/>Vous pouvez \u00e9galement nous envoyer une demande de localisation par WhatsApp, mieux vaut le faire quelques jours \u00e0 l&#8217;avance puisque nous seront bien occup\u00e9s \u00e0 pr\u00e9parer le jour m\u00eame.<br \/>Micheline: +33 7 71 15 57 43 ou Willem: +33 6 50 06 16 74.<br \/>Je vous sugg\u00e8re d&#8217;apporter une lampe de poche pour vous \u00e9clairer dans la nuit noire de Provence pour le retour vers votre voiture apr\u00e8s la f\u00eate.<\/p>\t\t\t\t\t\t\t\t<\/div>\n\t\t\t\t<\/div>\n\t\t\t\t<\/div>\n\t\t<div class=\"elementor-element elementor-element-4a428da e-con-full e-flex e-con e-child\" data-id=\"4a428da\" data-element_type=\"container\" data-e-type=\"container\">\n\t\t\t\t<div class=\"elementor-element elementor-element-c8df9d0 elementor-widget elementor-widget-text-editor\" data-id=\"c8df9d0\" data-element_type=\"widget\" data-e-type=\"widget\" data-widget_type=\"text-editor.default\">\n\t\t\t\t<div class=\"elementor-widget-container\">\n\t\t\t\t\t\t\t\t\t<h4 class=\"info-box-title\">Indonesische BBQ &amp; Muziek in Vence, Zuid-Frankrijk<br \/>vrijdag 26 juni 2026 (19h00)<\/h4><p>Wil je er bijzijn, koop hieronder je kaartjes:<\/p>\t\t\t\t\t\t\t\t<\/div>\n\t\t\t\t<\/div>\n\t\t\t\t<div class=\"elementor-element elementor-element-22674dc elementor-align-center elementor-widget elementor-widget-button\" data-id=\"22674dc\" data-element_type=\"widget\" data-e-type=\"widget\" data-widget_type=\"button.default\">\n\t\t\t\t<div class=\"elementor-widget-container\">\n\t\t\t\t\t\t\t\t\t<div class=\"elementor-button-wrapper\">\n\t\t\t\t\t<a class=\"elementor-button elementor-button-link elementor-size-sm\" href=\"https:\/\/www.michelinemusic.com\/product\/fete-de-lucioles-bbq-indonesien-musique\/\">\n\t\t\t\t\t\t<span class=\"elementor-button-content-wrapper\">\n\t\t\t\t\t\t\t\t\t<span class=\"elementor-button-text\">Kaartjes<\/span>\n\t\t\t\t\t<\/span>\n\t\t\t\t\t<\/a>\n\t\t\t\t<\/div>\n\t\t\t\t\t\t\t\t<\/div>\n\t\t\t\t<\/div>\n\t\t\t\t<div class=\"elementor-element elementor-element-42c1334 elementor-widget elementor-widget-text-editor\" data-id=\"42c1334\" data-element_type=\"widget\" data-e-type=\"widget\" data-widget_type=\"text-editor.default\">\n\t\t\t\t<div class=\"elementor-widget-container\">\n\t\t\t\t\t\t\t\t\t<p><span class=\"HwtZe\" lang=\"nl\"><span class=\"jCAhz ChMk0b\"><span class=\"ryNqvb\">Beste vrienden, <\/span><\/span><\/span><\/p><p><span class=\"HwtZe\" lang=\"nl\"><span class=\"jCAhz ChMk0b\"><span class=\"ryNqvb\">Welkom op vrijdag 26 juni in onze tuin in Vence voor een Indonesische avond met barbecue, livemuziek van meestergitarist ErWing, oorspronkelijk afkomstig uit Surabaya, op het eiland Java, en special guest, chanteuse Micheline Van Hautem.<\/span><\/span><\/span><\/p><p><span class=\"HwtZe\" lang=\"nl\"> <span class=\"jCAhz ChMk0b\"><span class=\"ryNqvb\">Geniet van Krontjong-gitaar, chansons, heerlijke wijn en goed gezelschap.<\/span><\/span> <span class=\"jCAhz ChMk0b\"><span class=\"ryNqvb\">\u20ac 39 per volwassene, inclusief aperitief, barbecue, drankjes, dessert en muziek.<\/span><\/span> Breng<span class=\"jCAhz ChMk0b\"><span class=\"ryNqvb\">\u00a0je vrienden en je glimlach mee.<\/span><\/span><\/span><\/p><p>We kijken er erg naar uit om jullie allemaal terug te zien! Vrienden, familie, gasten en kinderen zijn ook welkom.<\/p><p>We zien er naar uit!<\/p><p>Micheline &amp; Willem \u2022 Alexander &amp; Max<\/p><p><strong>La Cigogne<\/strong><br \/><strong>2184, Chemin de la Sine, 06140 Vence<\/strong><br \/><strong>onze locatie via google maps:\u00a0<a href=\"https:\/\/goo.gl\/maps\/8LCUE9ciUTQ2\">https:\/\/goo.gl\/maps\/8LCUE9ciUTQ2<br \/><\/a>+33 4 93 58 13 26 (thuis)<\/strong><\/p><p>Parkeren is mogelijk op de Chemin de la Sine zelf en ook in het kleine straatje dat naar beneden gaat (vanuit St. Paul, 100m voor ons huis, aan de linkerkant).<br \/>Er zullen P-pancartes en ballonnen zijn die de weg wijzen naar La Cigogne (er staat een ooievaar op het dak van het huis).<br \/>Je kunt ons ook een locatieverzoek sturen via Whatsapp. Beter om dat een paar dagen van tevoren te doen, we zullen de dag zelf druk in de weer zijn met voorbereiden.<br \/>+33 7 71 15 57 43 (Micheline) of +33 6 50 06 16 74 (Willem)<br \/>Neem een \u200b\u200bzaklantaarn mee om de weg terug naar je auto te vinden na afloop van het feest.<\/p>\t\t\t\t\t\t\t\t<\/div>\n\t\t\t\t<\/div>\n\t\t\t\t<\/div>\n\t\t\t\t\t<\/div>\n\t\t\t\t<\/div>\n\t\t<div class=\"elementor-element elementor-element-5013537 e-flex e-con-boxed e-con e-parent\" data-id=\"5013537\" data-element_type=\"container\" data-e-type=\"container\">\n\t\t\t\t\t<div class=\"e-con-inner\">\n\t\t\t\t\t<\/div>\n\t\t\t\t<\/div>\n\t\t<div class=\"elementor-element elementor-element-3190453 e-flex e-con-boxed e-con e-parent\" data-id=\"3190453\" data-element_type=\"container\" data-e-type=\"container\">\n\t\t\t\t\t<div class=\"e-con-inner\">\n\t\t\t\t<div class=\"elementor-element elementor-element-d7b4a02 elementor-widget elementor-widget-video\" data-id=\"d7b4a02\" data-element_type=\"widget\" data-e-type=\"widget\" data-settings=\"{&quot;youtube_url&quot;:&quot;https:\\\/\\\/www.youtube.com\\\/watch?v=64APCpaVSWI&quot;,&quot;video_type&quot;:&quot;youtube&quot;,&quot;controls&quot;:&quot;yes&quot;}\" data-widget_type=\"video.default\">\n\t\t\t\t<div class=\"elementor-widget-container\">\n\t\t\t\t\t\t\t<div class=\"elementor-wrapper elementor-open-inline\">\n\t\t\t<div class=\"elementor-video\"><\/div>\t\t<\/div>\n\t\t\t\t\t\t<\/div>\n\t\t\t\t<\/div>\n\t\t\t\t\t<\/div>\n\t\t\t\t<\/div>\n\t\t<div class=\"elementor-element elementor-element-a2b2ba8 e-flex e-con-boxed e-con e-parent\" data-id=\"a2b2ba8\" data-element_type=\"container\" data-e-type=\"container\">\n\t\t\t\t\t<div class=\"e-con-inner\">\n\t\t\t\t<div class=\"elementor-element elementor-element-24e8fce elementor-widget elementor-widget-spacer\" data-id=\"24e8fce\" data-element_type=\"widget\" data-e-type=\"widget\" data-widget_type=\"spacer.default\">\n\t\t\t\t<div class=\"elementor-widget-container\">\n\t\t\t\t\t\t\t<div class=\"elementor-spacer\">\n\t\t\t<div class=\"elementor-spacer-inner\"><\/div>\n\t\t<\/div>\n\t\t\t\t\t\t<\/div>\n\t\t\t\t<\/div>\n\t\t\t\t<div class=\"elementor-element elementor-element-40f7e7b elementor-widget elementor-widget-spacer\" data-id=\"40f7e7b\" data-element_type=\"widget\" data-e-type=\"widget\" data-widget_type=\"spacer.default\">\n\t\t\t\t<div class=\"elementor-widget-container\">\n\t\t\t\t\t\t\t<div class=\"elementor-spacer\">\n\t\t\t<div class=\"elementor-spacer-inner\"><\/div>\n\t\t<\/div>\n\t\t\t\t\t\t<\/div>\n\t\t\t\t<\/div>\n\t\t\t\t<div class=\"elementor-element elementor-element-44a125c elementor-widget elementor-widget-video\" data-id=\"44a125c\" data-element_type=\"widget\" data-e-type=\"widget\" data-settings=\"{&quot;youtube_url&quot;:&quot;https:\\\/\\\/youtu.be\\\/hRoN8SKUycc&quot;,&quot;video_type&quot;:&quot;youtube&quot;,&quot;controls&quot;:&quot;yes&quot;}\" data-widget_type=\"video.default\">\n\t\t\t\t<div class=\"elementor-widget-container\">\n\t\t\t\t\t\t\t<div class=\"elementor-wrapper elementor-open-inline\">\n\t\t\t<div class=\"elementor-video\"><\/div>\t\t<\/div>\n\t\t\t\t\t\t<\/div>\n\t\t\t\t<\/div>\n\t\t\t\t\t<\/div>\n\t\t\t\t<\/div>\n\t\t<div class=\"elementor-element elementor-element-7da65e4 e-flex e-con-boxed e-con e-parent\" data-id=\"7da65e4\" data-element_type=\"container\" data-e-type=\"container\">\n\t\t\t\t\t<div class=\"e-con-inner\">\n\t\t<div class=\"elementor-element elementor-element-592c79b e-con-full e-flex e-con e-child\" data-id=\"592c79b\" data-element_type=\"container\" data-e-type=\"container\">\n\t\t\t\t<div class=\"elementor-element elementor-element-a2cc484 elementor-widget elementor-widget-text-editor\" data-id=\"a2cc484\" data-element_type=\"widget\" data-e-type=\"widget\" data-widget_type=\"text-editor.default\">\n\t\t\t\t<div class=\"elementor-widget-container\">\n\t\t\t\t\t\t\t\t\t<p><strong>DIRECTIONS to La Cigogne<\/strong><br \/><strong>Address: 2184 Chemin de la Sine, Vence<\/strong><\/p><ul><li>Coming from the A8, at Villeneuve-Loubet, take the exit nr 47:<\/li><li>Villeneuve-Loubet, Cagnes Sur Mer, Vence (700m)<\/li><li>Avenue des Alpes (D336) (p\u00e9n\u00e9trante) (1,1km)<\/li><li>Second roundabout, continue straight (1km)<\/li><li>At the 3rd roundabout, take the 3rd exit (D436) onto Avenue Du Cheiron<br \/>Watch out: Vence will be indicated on the 2nd exit but you need to take the next one, leaving the BP gas station on your left, direction St. Paul de Vence (which is not indicated) &#8211; Go straight at the new roundabout (at the Leclerc, big store on your left (0,4km)<\/li><li>Bear right onto D2 Route des Serres (direction St. Paul de Vence) (3,2km)<br \/>Take a left onto D902 (100m)<\/li><li>At the roundabout (Fondation Maeght), take the 2nd exit onto Mont\u00e9e (chemin) des Trious (this is no longer direction St. Paul de Vence) Continue up the road called Chemin des Gardettes (1,6 km) make sure you mark this!<\/li><li>Take the steep right road at the fork onto Chemin de la Sine. On the tree you will see a wooden sign for Camping La Bergerie. Then it&#8217;s 700 meters to our house (on the left), Chemin de la Sine nr 2184. There\u2019s a stork (Cigogne) on our roof.<\/li><li>We will indicate the parking by Lucioles-signs, balloons and P-sings.<\/li><\/ul>\t\t\t\t\t\t\t\t<\/div>\n\t\t\t\t<\/div>\n\t\t\t\t<\/div>\n\t\t<div class=\"elementor-element elementor-element-4744c2c e-con-full e-flex e-con e-child\" data-id=\"4744c2c\" data-element_type=\"container\" data-e-type=\"container\">\n\t\t\t\t<div class=\"elementor-element elementor-element-115388e elementor-widget elementor-widget-text-editor\" data-id=\"115388e\" data-element_type=\"widget\" data-e-type=\"widget\" data-widget_type=\"text-editor.default\">\n\t\t\t\t<div class=\"elementor-widget-container\">\n\t\t\t\t\t\t\t\t\t<p><strong>Route naar La Cigogne<\/strong><\/p><p><strong>Adres:\u00a0 2184 Chemin de la Sine, Vence<\/strong><\/p><ul><li>Komende van mid Frankrijk op de A8, neem afrit 47 Villeneuve-Loubet, Cagnes Sur Mer, Vence (700m)<\/li><li>Volg de Avenue des Alpes (D336) (in de volksmond genaamd de p\u00e9n\u00e9trante, je zal ook bordjes naar Polygone zien, het winkelcentrum) (1,1km)<\/li><li>Tweede rond punt, ga rechtdoor (1km)<\/li><li>Derde rond punt, neem de derde afslag (D436) naar Avenue Du Cheiron<br \/>Pas op: een bordje Vence staat aangegeven op de 2de afslag maar neem de volgende, je ziet een BP benzine station aan je linkerkant, volg richting St. Paul de Vence (dat staat pas later op de weg aangegeven). Je passeert ook het grootwarenhuis Leclerc aan je linkerhand met het nieuwe rond punt. (0,4km)<\/li><li>Blijf rechts op de D2 Route des Serres (richting St. Paul de Vence) (3,2km)<\/li><li>Ga naar links (voelt als rechtdoor) op de D902 (100m)<br \/>Bij het rond punt (Fondation Maeght), neem de tweede straat genaamd Mont\u00e9e (chemin) des Trious (dit is niet langer richting St. Paul de Vence)<\/li><li>Vervolg je weg omhoog op de Chemin des Gardettes (1,6 km, hou de kilometerstand hier in het oog)<\/li><li>Neem de weg rechts omhoog bij het vork. Op de linkerboom zie je een houten bordje voor\u00a0 Camping La Bergerie. Je bent nu in onze straat, Chemin de la Sine. Vanaf het vork is het nog 700 meter tot bij ons huis (linkerkant vd straat), Chemin de la Sine nr 2184. Er staat een langerekte ooievaar (Cigogne) op ons dak.\u00a0<\/li><li>Er zullen pijltjes en balonnen hangen en P-bordjes naar de parkingplaats.<\/li><\/ul>\t\t\t\t\t\t\t\t<\/div>\n\t\t\t\t<\/div>\n\t\t\t\t<\/div>\n\t\t\t\t\t<\/div>\n\t\t\t\t<\/div>\n\t\t<div class=\"elementor-element elementor-element-be76308 e-flex e-con-boxed e-con e-parent\" data-id=\"be76308\" data-element_type=\"container\" data-e-type=\"container\">\n\t\t\t\t\t<div class=\"e-con-inner\">\n\t\t\t\t\t<\/div>\n\t\t\t\t<\/div>\n\t\t<div class=\"elementor-element elementor-element-3ad3df7 e-flex e-con-boxed e-con e-parent\" data-id=\"3ad3df7\" data-element_type=\"container\" data-e-type=\"container\">\n\t\t\t\t\t<div class=\"e-con-inner\">\n\t\t\t\t<div class=\"elementor-element elementor-element-d2f91ba elementor-widget elementor-widget-google_maps\" data-id=\"d2f91ba\" data-element_type=\"widget\" data-e-type=\"widget\" data-widget_type=\"google_maps.default\">\n\t\t\t\t<div class=\"elementor-widget-container\">\n\t\t\t\t\t\t\t<div class=\"elementor-custom-embed\">\n\t\t\t<iframe loading=\"lazy\"\n\t\t\t\t\tsrc=\"https:\/\/maps.google.com\/maps?q=2184%20Chemin%20de%20la%20Sine%2C%20vence&#038;t=m&#038;z=11&#038;output=embed&#038;iwloc=near\"\n\t\t\t\t\ttitle=\"2184 Chemin de la Sine, vence\"\n\t\t\t\t\taria-label=\"2184 Chemin de la Sine, vence\"\n\t\t\t><\/iframe>\n\t\t<\/div>\n\t\t\t\t\t\t<\/div>\n\t\t\t\t<\/div>\n\t\t\t\t\t<\/div>\n\t\t\t\t<\/div>\n\t\t\t\t<\/div>\n\t\t","protected":false},"excerpt":{"rendered":"<p>Indonesian BBQ &amp; Music in Vence, South of FranceFriday June 26th 2026 (19h00) Do you want to join us, buy your tickets here Tickets Dear friends, Join us in our garden in Vence on Friday June 26th for an Indonesian&#8230;<\/p>\n","protected":false},"author":1,"featured_media":0,"parent":0,"menu_order":0,"comment_status":"closed","ping_status":"closed","template":"page-templates\/template-elementor.php","meta":{"footnotes":""},"class_list":["post-4501","page","type-page","status-publish","hentry"],"_links":{"self":[{"href":"https:\/\/www.michelinemusic.com\/nl\/wp-json\/wp\/v2\/pages\/4501","targetHints":{"allow":["GET"]}}],"collection":[{"href":"https:\/\/www.michelinemusic.com\/nl\/wp-json\/wp\/v2\/pages"}],"about":[{"href":"https:\/\/www.michelinemusic.com\/nl\/wp-json\/wp\/v2\/types\/page"}],"author":[{"embeddable":true,"href":"https:\/\/www.michelinemusic.com\/nl\/wp-json\/wp\/v2\/users\/1"}],"replies":[{"embeddable":true,"href":"https:\/\/www.michelinemusic.com\/nl\/wp-json\/wp\/v2\/comments?post=4501"}],"version-history":[{"count":5,"href":"https:\/\/www.michelinemusic.com\/nl\/wp-json\/wp\/v2\/pages\/4501\/revisions"}],"predecessor-version":[{"id":5738,"href":"https:\/\/www.michelinemusic.com\/nl\/wp-json\/wp\/v2\/pages\/4501\/revisions\/5738"}],"wp:attachment":[{"href":"https:\/\/www.michelinemusic.com\/nl\/wp-json\/wp\/v2\/media?parent=4501"}],"curies":[{"name":"wp","href":"https:\/\/api.w.org\/{rel}","templated":true}]}}