{"id":5635,"date":"2026-01-26T19:43:24","date_gmt":"2026-01-26T19:43:24","guid":{"rendered":"https:\/\/www.michelinemusic.com\/melodies-dans-le-jardin\/"},"modified":"2026-01-26T19:44:09","modified_gmt":"2026-01-26T19:44:09","slug":"melodies-dans-le-jardin","status":"publish","type":"page","link":"https:\/\/www.michelinemusic.com\/nl\/melodies-dans-le-jardin\/","title":{"rendered":"M\u00e9lodies dans le jardin"},"content":{"rendered":"\t\t<div data-elementor-type=\"wp-page\" data-elementor-id=\"5635\" class=\"elementor elementor-5635 elementor-4666\">\n\t\t\t\t<div class=\"elementor-element elementor-element-abdaf3e e-con-full e-flex e-con e-parent\" data-id=\"abdaf3e\" data-element_type=\"container\" data-e-type=\"container\">\n\t\t\t\t<div class=\"elementor-element elementor-element-54b9d7 elementor-widget elementor-widget-slider_revolution\" data-id=\"54b9d7\" data-element_type=\"widget\" data-e-type=\"widget\" data-widget_type=\"slider_revolution.default\">\n\t\t\t\t<div class=\"elementor-widget-container\">\n\t\t\t\t\t\n\t\t<div class=\"wp-block-themepunch-revslider\">\n\t\t\t<!-- START Slider Melodie REVOLUTION SLIDER 6.7.29 --><p class=\"rs-p-wp-fix\"><\/p>\n\t\t\t<rs-module-wrap id=\"rev_slider_6_1_wrapper\" data-source=\"gallery\" style=\"visibility:hidden;background:transparent;padding:0;margin:0px auto;margin-top:0;margin-bottom:0;\">\n\t\t\t\t<rs-module id=\"rev_slider_6_1\" style=\"\" data-version=\"6.7.29\">\n\t\t\t\t\t<rs-slides style=\"overflow: hidden; position: absolute;\">\n\t\t\t\t\t\t<rs-slide style=\"position: absolute;\" data-key=\"rs-11\" data-title=\"Slide\" data-in=\"o:0;\" data-out=\"a:false;\">\n\t\t\t\t\t\t\t<img fetchpriority=\"high\" decoding=\"async\" src=\"\/\/www.michelinemusic.com\/wp-content\/plugins\/revslider\/sr6\/assets\/assets\/dummy.png\" alt=\"\" title=\"MichelinetYm_hat-blue3-scaled-fix\" width=\"2560\" height=\"1060\" class=\"rev-slidebg tp-rs-img rs-lazyload\" data-lazyload=\"\/\/www.michelinemusic.com\/wp-content\/uploads\/2026\/04\/MichelinetYm_hat-blue3-scaled-fix.jpg\" data-no-retina>\n<!--\n\t\t\t\t\t\t\t--><rs-layer\n\t\t\t\t\t\t\t\tid=\"slider-6-slide-11-layer-0\" \n\t\t\t\t\t\t\t\tdata-type=\"text\"\n\t\t\t\t\t\t\t\tdata-color=\"#fff\"\n\t\t\t\t\t\t\t\tdata-tsh=\"h:4px,3px,2px,1px;v:4px,3px,2px,1px;b:4px,3px,2px,1px;\"\n\t\t\t\t\t\t\t\tdata-rsp_ch=\"on\"\n\t\t\t\t\t\t\t\tdata-xy=\"x:c;xo:1px,30px,15px,39px;yo:1px,246px,25px,146px;\"\n\t\t\t\t\t\t\t\tdata-text=\"w:normal;s:76,62,47,28;l:90,74,56,34;a:center;\"\n\t\t\t\t\t\t\t\tdata-dim=\"minh:0px,none,none,none;\"\n\t\t\t\t\t\t\t\tdata-frame_999=\"o:0;st:w;\"\n\t\t\t\t\t\t\t\tstyle=\"z-index:6;font-family:'Playfair Display';\"\n\t\t\t\t\t\t\t>M\u00e9lodies dans le  jardin \n\t\t\t\t\t\t\t<\/rs-layer><!--\n\n\t\t\t\t\t\t\t--><rs-layer\n\t\t\t\t\t\t\t\tid=\"slider-6-slide-11-layer-1\" \n\t\t\t\t\t\t\t\tdata-type=\"text\"\n\t\t\t\t\t\t\t\tdata-color=\"#fff\"\n\t\t\t\t\t\t\t\tdata-tsh=\"h:4px,3px,2px,1px;v:4px,3px,2px,1px;b:4px,3px,2px,1px;\"\n\t\t\t\t\t\t\t\tdata-rsp_ch=\"on\"\n\t\t\t\t\t\t\t\tdata-xy=\"x:c;xo:0,0,0,11px;yo:668px,551px,783px,71px;\"\n\t\t\t\t\t\t\t\tdata-text=\"w:normal;s:55,45,34,21;l:69,56,42,25;fw:400,400,400,700;\"\n\t\t\t\t\t\t\t\tdata-dim=\"minh:0,none,none,none;\"\n\t\t\t\t\t\t\t\tdata-frame_999=\"o:0;st:w;\"\n\t\t\t\t\t\t\t\tstyle=\"z-index:6;font-family:'Open Sans';\"\n\t\t\t\t\t\t\t> \n\t\t\t\t\t\t\t<\/rs-layer><!--\n-->\t\t\t\t\t<\/rs-slide>\n\t\t\t\t\t<\/rs-slides>\n\t\t\t\t<\/rs-module>\n\t\t\t\t<script>\n\t\t\t\t\tsetREVStartSize({c: 'rev_slider_6_1',rl:[1240,1024,778,480],el:[868,768,960,720],gw:[1240,1024,778,480],gh:[868,768,960,720],type:'standard',justify:'',layout:'fullwidth',mh:\"0\"});if (window.RS_MODULES!==undefined && window.RS_MODULES.modules!==undefined && window.RS_MODULES.modules[\"revslider61\"]!==undefined) {window.RS_MODULES.modules[\"revslider61\"].once = false;window.revapi6 = undefined;if (window.RS_MODULES.checkMinimal!==undefined) window.RS_MODULES.checkMinimal()}\n\t\t\t\t<\/script>\n\t\t\t<\/rs-module-wrap>\n\t\t\t<!-- END REVOLUTION SLIDER -->\n<\/div>\n\n\t\t\t\t\t\t<\/div>\n\t\t\t\t<\/div>\n\t\t\t\t<\/div>\n\t\t<div class=\"elementor-element elementor-element-d839b91 e-flex e-con-boxed e-con e-parent\" data-id=\"d839b91\" data-element_type=\"container\" data-e-type=\"container\">\n\t\t\t\t\t<div class=\"e-con-inner\">\n\t\t<div class=\"elementor-element elementor-element-320c6f80 e-con-full e-flex e-con e-child\" data-id=\"320c6f80\" data-element_type=\"container\" data-e-type=\"container\">\n\t\t\t\t<div class=\"elementor-element elementor-element-3342ac17 elementor-widget elementor-widget-text-editor\" data-id=\"3342ac17\" data-element_type=\"widget\" data-e-type=\"widget\" data-widget_type=\"text-editor.default\">\n\t\t\t\t<div class=\"elementor-widget-container\">\n\t\t\t\t\t\t\t\t\t<h4 class=\"info-box-title\">Melodies in the garden<br \/>Micheline &amp; Yves Marino<br \/>Friday 12 september 2025 (19h00)<\/h4>\n<p>Do you want to join us, buy your tickets here<\/p>\n\t\t\t\t\t\t\t\t<\/div>\n\t\t\t\t<\/div>\n\t\t\t\t<div class=\"elementor-element elementor-element-6bd19f70 elementor-align-center elementor-widget elementor-widget-button\" data-id=\"6bd19f70\" data-element_type=\"widget\" data-e-type=\"widget\" data-widget_type=\"button.default\">\n\t\t\t\t<div class=\"elementor-widget-container\">\n\t\t\t\t\t\t\t\t\t<div class=\"elementor-button-wrapper\">\n\t\t\t\t\t<a class=\"elementor-button elementor-button-link elementor-size-sm\" href=\"https:\/\/www.michelinemusic.com\/product\/concert-au-jardin\/?lang=en\">\n\t\t\t\t\t\t<span class=\"elementor-button-content-wrapper\">\n\t\t\t\t\t\t\t\t\t<span class=\"elementor-button-text\">Tickets<\/span>\n\t\t\t\t\t<\/span>\n\t\t\t\t\t<\/a>\n\t\t\t\t<\/div>\n\t\t\t\t\t\t\t\t<\/div>\n\t\t\t\t<\/div>\n\t\t\t\t<div class=\"elementor-element elementor-element-58888ad5 elementor-widget elementor-widget-text-editor\" data-id=\"58888ad5\" data-element_type=\"widget\" data-e-type=\"widget\" data-widget_type=\"text-editor.default\">\n\t\t\t\t<div class=\"elementor-widget-container\">\n\t\t\t\t\t\t\t\t\t<p><span class=\"HwtZe\" lang=\"en\"><span class=\"jCAhz ChMk0b\"><span class=\"ryNqvb\">\ud83c\udfb5 Dear friends, It&#8217;s been a few months since the fabulous guitarist and singer Yves and I started an inventive duo.<\/span><\/span> <span class=\"jCAhz ChMk0b\"><span class=\"ryNqvb\">We draw inspiration from wonderful English standards as well as the French repertoire, and we invite you to come and enjoy La Cigogne in Vence, surrounded by the freshness of the forest.<\/span><\/span> <\/span><\/p>\n<p>Please bring a savory dish and \u20ac20 for the music. <span class=\"jCAhz ChMk0b\"><span class=\"ryNqvb\">We&#8217;ll take care of the aperitif, drinks, dessert, and a welcoming garden.<\/span><\/span> <span class=\"jCAhz ChMk0b\"><span class=\"ryNqvb\">We&#8217;ll prepare desserts with figs and lemons from our trees and fresh eggs from our chickens.<\/span><\/span><\/p>\n<p>Reserve your seats via this\u00a0<a href=\"https:\/\/www.michelinemusic.com\/product\/concert-au-jardin\/?lang=en\">link<\/a> and bring your friends and your smile. <span class=\"jCAhz\"><span class=\"ryNqvb\">Here&#8217;s our <a href=\"https:\/\/youtu.be\/SMrm6ll3hdw\">Youtube<\/a> presentation to get you into the mood.<\/span><\/span><\/p>\n<p><span class=\"HwtZe\" lang=\"en\"><span class=\"jCAhz ChMk0b\"><span class=\"ryNqvb\">We look forward to seeing you all again.<\/span><\/span> <\/span><\/p>\n<p>Micheline &amp; Yves<\/p>\n<p><strong>La Cigogne<\/strong><br \/><strong>2184, Chemin de la Sine, 06140 Vence<\/strong><br \/><strong>our location via google maps:<\/strong><br \/><strong><a href=\"https:\/\/goo.gl\/maps\/8LCUE9ciUTQ2\">https:\/\/goo.gl\/maps\/8LCUE9ciUTQ2<\/a><\/strong><\/p>\n<p>Parking is possible on the Chemin de la Sine itself and also in the little street going down (coming from St. Paul, 100m before our house, to the left). You can send us a location request via whatsapp. Better to do that a few days in advance since we may be busy preparing the day itself.\u00a0 +33 7 71 15 57 43 (Micheline)\u00a0<br \/>Bring a flashlight to find your way back to your car after the party.<\/p>\n\t\t\t\t\t\t\t\t<\/div>\n\t\t\t\t<\/div>\n\t\t\t\t<\/div>\n\t\t<div class=\"elementor-element elementor-element-55eaddd9 e-con-full e-flex e-con e-child\" data-id=\"55eaddd9\" data-element_type=\"container\" data-e-type=\"container\">\n\t\t\t\t<div class=\"elementor-element elementor-element-c0d9155 elementor-widget elementor-widget-text-editor\" data-id=\"c0d9155\" data-element_type=\"widget\" data-e-type=\"widget\" data-widget_type=\"text-editor.default\">\n\t\t\t\t<div class=\"elementor-widget-container\">\n\t\t\t\t\t\t\t\t\t<h4 class=\"info-box-title\">M\u00e9lodies dans le jardin<br \/>Micheline &amp; Yves Marino<br \/>Vendredi 12 septembre 2025 (19h00)<\/h4>\n<p>Si vous voulez vous joindre \u00e0 nous, achatez vos tickets ici:<\/p>\n\t\t\t\t\t\t\t\t<\/div>\n\t\t\t\t<\/div>\n\t\t\t\t<div class=\"elementor-element elementor-element-e9a6f83 elementor-align-center elementor-widget elementor-widget-button\" data-id=\"e9a6f83\" data-element_type=\"widget\" data-e-type=\"widget\" data-widget_type=\"button.default\">\n\t\t\t\t<div class=\"elementor-widget-container\">\n\t\t\t\t\t\t\t\t\t<div class=\"elementor-button-wrapper\">\n\t\t\t\t\t<a class=\"elementor-button elementor-button-link elementor-size-sm\" href=\"https:\/\/www.michelinemusic.com\/product\/concert-au-jardin\/?lang=en\">\n\t\t\t\t\t\t<span class=\"elementor-button-content-wrapper\">\n\t\t\t\t\t\t\t\t\t<span class=\"elementor-button-text\">Tickets<\/span>\n\t\t\t\t\t<\/span>\n\t\t\t\t\t<\/a>\n\t\t\t\t<\/div>\n\t\t\t\t\t\t\t\t<\/div>\n\t\t\t\t<\/div>\n\t\t\t\t<div class=\"elementor-element elementor-element-6227e49d elementor-widget elementor-widget-text-editor\" data-id=\"6227e49d\" data-element_type=\"widget\" data-e-type=\"widget\" data-widget_type=\"text-editor.default\">\n\t\t\t\t<div class=\"elementor-widget-container\">\n\t\t\t\t\t\t\t\t\t<p>Chers amis,<\/p>\n<p><span class=\"HwtZe\" lang=\"fr\"><span class=\"ChMk0b jCAhz\"><span class=\"ryNqvb\">\u00c7a fait quelques mois que le fabuleux guitariste et chanteur Yves, Ven\u00e7ois et moi ont commenc\u00e9 un duo inventif. On tire notre inspiration de formidables standards anglais et aussi du r\u00e9pertoire fran\u00e7ais et on vous invite \u00e0 venir vous r\u00e9galer \u00e0 La Cigogne \u00e0 Vence, entour\u00e9 par la fraicheur de la for\u00eat.<\/span><\/span><\/span><\/p>\n<p>Svp, emmenez un plat sal\u00e9 et 20\u20ac pour la musique. On s&#8217;occupe de l&#8217;ap\u00e9ro, boissons, dessert &amp; un jardin accueillant. <span class=\"ChMk0b jCAhz\"><span class=\"ryNqvb\">On vous pr\u00e9pare des desserts avec des figues et citrons de nos arbres et les oeufs frais de nos poules. <\/span><\/span><\/p>\n<p>R\u00e9servez vos places par <a href=\"https:\/\/www.michelinemusic.com\/nl\/\/product\/concert-au-jardin\/?lang=en\" target=\"_blank\" rel=\"noopener\" data-cke-saved-href=\"https:\/\/www.michelinemusic.com\/nl\/\">ce lien<\/a> et amenez vos ami(e)s et votre sourire. Voil\u00e0 d\u00e9j\u00e0 notre pr\u00e9sentation sur <a href=\"https:\/\/youtu.be\/THGHhoB6yX4\">Youtube<\/a>.<\/p>\n<p>Nous sommes impatients de vous revoir tous.<\/p>\n<p><strong>Micheline &amp; Yves\u00a0<br \/><\/strong><br \/><strong>La Cigogne<\/strong><br \/><strong>2184 Chemin de la Sine, 06140 Vence<\/strong><br \/><strong>Google Maps location:\u00a0<a href=\"https:\/\/goo.gl\/maps\/8LCUE9ciUTQ2\">https:\/\/goo.gl\/maps\/8LCUE9ciUTQ2<\/a><\/strong><\/p>\n<p>Il y a du parking sur le Chemin de la Sine lui-m\u00eame et aussi dans la petite rue qui descend (en venant de St.Paul, 100m avant notre maison, \u00e0 gauche).<br \/>Vous pouvez nous envoyer une demande de localisation par WhatsApp, mieux vaut le faire quelques jours \u00e0 l&#8217;avance puisque nous seront bien occup\u00e9s \u00e0 pr\u00e9parer le jour m\u00eame.<br \/>Micheline: +33 7 71 15 57 43<br \/>Je vous sugg\u00e8re d&#8217;apporter une lampe de poche pour vous \u00e9clairer dans la nuit noire de Provence pour le retour vers votre voiture apr\u00e8s la f\u00eate.<\/p>\n\t\t\t\t\t\t\t\t<\/div>\n\t\t\t\t<\/div>\n\t\t\t\t<\/div>\n\t\t<div class=\"elementor-element elementor-element-9c397e2 e-con-full e-flex e-con e-child\" data-id=\"9c397e2\" data-element_type=\"container\" data-e-type=\"container\">\n\t\t\t\t<div class=\"elementor-element elementor-element-6350b872 elementor-widget elementor-widget-text-editor\" data-id=\"6350b872\" data-element_type=\"widget\" data-e-type=\"widget\" data-widget_type=\"text-editor.default\">\n\t\t\t\t<div class=\"elementor-widget-container\">\n\t\t\t\t\t\t\t\t\t<h4 class=\"info-box-title\">Melodie\u00ebn in de tuin<br \/>Micheline &amp; Yves Marino<br \/>Vrijdag 12 september 2025 (19h00)<\/h4>\n<p>Wil je er bijzijn, koop hieronder je kaartjes:<\/p>\n\t\t\t\t\t\t\t\t<\/div>\n\t\t\t\t<\/div>\n\t\t\t\t<div class=\"elementor-element elementor-element-5730936b elementor-align-center elementor-widget elementor-widget-button\" data-id=\"5730936b\" data-element_type=\"widget\" data-e-type=\"widget\" data-widget_type=\"button.default\">\n\t\t\t\t<div class=\"elementor-widget-container\">\n\t\t\t\t\t\t\t\t\t<div class=\"elementor-button-wrapper\">\n\t\t\t\t\t<a class=\"elementor-button elementor-button-link elementor-size-sm\" href=\"https:\/\/www.michelinemusic.com\/product\/concert-au-jardin\/?lang=en\">\n\t\t\t\t\t\t<span class=\"elementor-button-content-wrapper\">\n\t\t\t\t\t\t\t\t\t<span class=\"elementor-button-text\">Kaartjes<\/span>\n\t\t\t\t\t<\/span>\n\t\t\t\t\t<\/a>\n\t\t\t\t<\/div>\n\t\t\t\t\t\t\t\t<\/div>\n\t\t\t\t<\/div>\n\t\t\t\t<div class=\"elementor-element elementor-element-2374e95e elementor-widget elementor-widget-text-editor\" data-id=\"2374e95e\" data-element_type=\"widget\" data-e-type=\"widget\" data-widget_type=\"text-editor.default\">\n\t\t\t\t<div class=\"elementor-widget-container\">\n\t\t\t\t\t\t\t\t\t<p><span class=\"HwtZe\" lang=\"nl\"><span class=\"jCAhz ChMk0b\"><span class=\"ryNqvb\">\ud83c\udfb5 Beste vrienden, <\/span><\/span><\/span><\/p>\n<p>Enkele maanden geleden ben ik een inventief duo begonnen met de fantastische gitarist en zanger Yves Marino. <span class=\"jCAhz ChMk0b\"><span class=\"ryNqvb\">We halen inspiratie uit prachtige Engelse klassiekers en het Franse repertoire. We nodigen jullie uit om van onze muziek te komen genieten in La Cigogne in Vence, omringd door de frisheid van het bos.<\/span><\/span><\/p>\n<p><span class=\"HwtZe\" lang=\"nl\"><span class=\"jCAhz ChMk0b\"><span class=\"ryNqvb\">Aub, breng een \u200b\u200bhartig gerecht mee en 20\u20ac voor de muziek.<\/span><\/span> <span class=\"jCAhz ChMk0b\"><span class=\"ryNqvb\">Wij zorgen voor het aperitief, de drankjes, het dessert en een gezellige tuin.<\/span><\/span> <span class=\"jCAhz ChMk0b\"><span class=\"ryNqvb\">We bereiden toetjes voor met vijgen en citroenen van onze bomen en verse eieren van onze kippen.<\/span><\/span> <\/span><\/p>\n<p><span class=\"HwtZe\" lang=\"nl\"><span class=\"jCAhz ChMk0b\"><span class=\"ryNqvb\">Reserveer je plaatsen via deze <a href=\"https:\/\/www.michelinemusic.com\/product\/concert-au-jardin\/?lang=en\">link<\/a> en breng je vrienden en je glimlach mee.<\/span><\/span> <span class=\"jCAhz ChMk0b\"><span class=\"ryNqvb\">Geniet alvast van onze <a href=\"https:\/\/youtu.be\/THGHhoB6yX4\">Youtube<\/a>-presentatie.<\/span><\/span> <\/span><\/p>\n<p><span class=\"HwtZe\" lang=\"nl\"><span class=\"jCAhz ChMk0b\"><span class=\"ryNqvb\">We kijken ernaar uit jullie allemaal te zien.<\/span><\/span><\/span><\/p>\n<p>Micheline &amp; Yves<\/p>\n<p><strong><br \/>La Cigogne<\/strong><br \/><strong>2184, Chemin de la Sine, 06140 Vence<\/strong><br \/><strong>onze locatie via google maps:\u00a0<a href=\"https:\/\/goo.gl\/maps\/8LCUE9ciUTQ2\">https:\/\/goo.gl\/maps\/8LCUE9ciUTQ2<\/a><br \/><\/strong><\/p>\n<p>Parkeren is mogelijk op de Chemin de la Sine zelf en ook in het kleine straatje dat naar beneden gaat (vanuit St. Paul, 100m voor ons huis, aan de linkerkant).<br \/>Je kunt ons een locatieverzoek sturen via Whatsapp. Beter om dat een paar dagen van tevoren te doen, we zullen de dag zelf druk in de weer zijn met voorbereiden.<br \/>+33 7 71 15 57 43 (Micheline)<br \/>Neem een zaklantaarn mee om de weg terug naar je auto te vinden na afloop van het feest.<\/p>\n\t\t\t\t\t\t\t\t<\/div>\n\t\t\t\t<\/div>\n\t\t\t\t<\/div>\n\t\t\t\t\t<\/div>\n\t\t\t\t<\/div>\n\t\t<div class=\"elementor-element elementor-element-676f401f e-flex e-con-boxed e-con e-parent\" data-id=\"676f401f\" data-element_type=\"container\" data-e-type=\"container\">\n\t\t\t\t\t<div class=\"e-con-inner\">\n\t\t\t\t\t<\/div>\n\t\t\t\t<\/div>\n\t\t<div class=\"elementor-element elementor-element-2fa6a1c2 e-flex e-con-boxed e-con e-parent\" data-id=\"2fa6a1c2\" data-element_type=\"container\" data-e-type=\"container\">\n\t\t\t\t\t<div class=\"e-con-inner\">\n\t\t\t\t<div class=\"elementor-element elementor-element-3d34bf7c elementor-widget elementor-widget-video\" data-id=\"3d34bf7c\" data-element_type=\"widget\" data-e-type=\"widget\" data-settings=\"{&quot;youtube_url&quot;:&quot;https:\\\/\\\/www.youtube.com\\\/watch?v=64APCpaVSWI&quot;,&quot;video_type&quot;:&quot;youtube&quot;,&quot;controls&quot;:&quot;yes&quot;}\" data-widget_type=\"video.default\">\n\t\t\t\t<div class=\"elementor-widget-container\">\n\t\t\t\t\t\t\t<div class=\"elementor-wrapper elementor-open-inline\">\n\t\t\t<div class=\"elementor-video\"><\/div>\t\t<\/div>\n\t\t\t\t\t\t<\/div>\n\t\t\t\t<\/div>\n\t\t\t\t\t<\/div>\n\t\t\t\t<\/div>\n\t\t<div class=\"elementor-element elementor-element-1fc4725f e-flex e-con-boxed e-con e-parent\" data-id=\"1fc4725f\" data-element_type=\"container\" data-e-type=\"container\">\n\t\t\t\t\t<div class=\"e-con-inner\">\n\t\t<div class=\"elementor-element elementor-element-169608c4 e-con-full e-flex e-con e-child\" data-id=\"169608c4\" data-element_type=\"container\" data-e-type=\"container\">\n\t\t\t\t<div class=\"elementor-element elementor-element-3e9e3f5b elementor-widget elementor-widget-text-editor\" data-id=\"3e9e3f5b\" data-element_type=\"widget\" data-e-type=\"widget\" data-widget_type=\"text-editor.default\">\n\t\t\t\t<div class=\"elementor-widget-container\">\n\t\t\t\t\t\t\t\t\t<p><strong>DIRECTIONS to La Cigogne<\/strong><br \/><strong>Address: 2184 Chemin de la Sine, Vence<\/strong><\/p>\n<ul>\n<li>Coming from the A8, at Villeneuve-Loubet, take the exit nr 47:<\/li>\n<li>Villeneuve-Loubet, Cagnes Sur Mer, Vence (700m)<\/li>\n<li>Avenue des Alpes (D336) (p\u00e9n\u00e9trante) (1,1km)<\/li>\n<li>Second roundabout, continue straight (1km)<\/li>\n<li>At the 3rd roundabout, take the 3rd exit (D436) onto Avenue Du Cheiron<br \/>Watch out: Vence will be indicated on the 2nd exit but you need to take the next one, leaving the BP gas station on your left, direction St. Paul de Vence (which is not indicated) &#8211; Go straight at the new roundabout (at the Leclerc, big store on your left (0,4km)<\/li>\n<li>Bear right onto D2 Route des Serres (direction St. Paul de Vence) (3,2km)<br \/>Take a left onto D902 (100m)<\/li>\n<li>At the roundabout (Fondation Maeght), take the 2nd exit onto Mont\u00e9e (chemin) des Trious (this is no longer direction St. Paul de Vence) Continue up the road called Chemin des Gardettes (1,6 km) make sure you mark this!<\/li>\n<li>Take the steep right road at the fork onto Chemin de la Sine. On the tree you will see a wooden sign for Camping La Bergerie. Then it&#8217;s 700 meters to our house (on the left), Chemin de la Sine nr 2184. There\u2019s a stork (Cigogne) on our roof.<\/li>\n<li>We will indicate the parking by Lucioles-signs, balloons and P-sings.<\/li>\n<\/ul>\n\t\t\t\t\t\t\t\t<\/div>\n\t\t\t\t<\/div>\n\t\t\t\t<\/div>\n\t\t<div class=\"elementor-element elementor-element-2929a4d8 e-con-full e-flex e-con e-child\" data-id=\"2929a4d8\" data-element_type=\"container\" data-e-type=\"container\">\n\t\t\t\t<div class=\"elementor-element elementor-element-24658ca elementor-widget elementor-widget-text-editor\" data-id=\"24658ca\" data-element_type=\"widget\" data-e-type=\"widget\" data-widget_type=\"text-editor.default\">\n\t\t\t\t<div class=\"elementor-widget-container\">\n\t\t\t\t\t\t\t\t\t<p><strong>Route naar La Cigogne<\/strong><\/p>\n<p><strong>Adres:\u00a0 2184 Chemin de la Sine, Vence<\/strong><\/p>\n<ul>\n<li>Komende van mid Frankrijk op de A8, neem afrit 47 Villeneuve-Loubet, Cagnes Sur Mer, Vence (700m)<\/li>\n<li>Volg de Avenue des Alpes (D336) (in de volksmond genaamd de p\u00e9n\u00e9trante, je zal ook bordjes naar Polygone zien, het winkelcentrum) (1,1km)<\/li>\n<li>Tweede rond punt, ga rechtdoor (1km)<\/li>\n<li>Derde rond punt, neem de derde afslag (D436) naar Avenue Du Cheiron<br \/>Pas op: een bordje Vence staat aangegeven op de 2de afslag maar neem de volgende, je ziet een BP benzine station aan je linkerkant, volg richting St. Paul de Vence (dat staat pas later op de weg aangegeven). Je passeert ook het grootwarenhuis Leclerc aan je linkerhand met het nieuwe rond punt. (0,4km)<\/li>\n<li>Blijf rechts op de D2 Route des Serres (richting St. Paul de Vence) (3,2km)<\/li>\n<li>Ga naar links (voelt als rechtdoor) op de D902 (100m)<br \/>Bij het rond punt (Fondation Maeght), neem de tweede straat genaamd Mont\u00e9e (chemin) des Trious (dit is niet langer richting St. Paul de Vence)<\/li>\n<li>Vervolg je weg omhoog op de Chemin des Gardettes (1,6 km, hou de kilometerstand hier in het oog)<\/li>\n<li>Neem de weg rechts omhoog bij het vork. Op de linkerboom zie je een houten bordje voor\u00a0 Camping La Bergerie. Je bent nu in onze straat, Chemin de la Sine. Vanaf het vork is het nog 700 meter tot bij ons huis (linkerkant vd straat), Chemin de la Sine nr 2184. Er staat een langerekte ooievaar (Cigogne) op ons dak.\u00a0<\/li>\n<li>Er zullen pijltjes en balonnen hangen en P-bordjes naar de parkingplaats.<\/li>\n<\/ul>\n\t\t\t\t\t\t\t\t<\/div>\n\t\t\t\t<\/div>\n\t\t\t\t<\/div>\n\t\t\t\t\t<\/div>\n\t\t\t\t<\/div>\n\t\t<div class=\"elementor-element elementor-element-2049bc16 e-flex e-con-boxed e-con e-parent\" data-id=\"2049bc16\" data-element_type=\"container\" data-e-type=\"container\">\n\t\t\t\t\t<div class=\"e-con-inner\">\n\t\t\t\t\t<\/div>\n\t\t\t\t<\/div>\n\t\t<div class=\"elementor-element elementor-element-755c27a4 e-flex e-con-boxed e-con e-parent\" data-id=\"755c27a4\" data-element_type=\"container\" data-e-type=\"container\">\n\t\t\t\t\t<div class=\"e-con-inner\">\n\t\t\t\t<div class=\"elementor-element elementor-element-563510eb elementor-widget elementor-widget-google_maps\" data-id=\"563510eb\" data-element_type=\"widget\" data-e-type=\"widget\" data-widget_type=\"google_maps.default\">\n\t\t\t\t<div class=\"elementor-widget-container\">\n\t\t\t\t\t\t\t<div class=\"elementor-custom-embed\">\n\t\t\t<iframe loading=\"lazy\"\n\t\t\t\t\tsrc=\"https:\/\/maps.google.com\/maps?q=2184%20Chemin%20de%20la%20Sine%2C%20vence&#038;t=m&#038;z=11&#038;output=embed&#038;iwloc=near\"\n\t\t\t\t\ttitle=\"2184 Chemin de la Sine, vence\"\n\t\t\t\t\taria-label=\"2184 Chemin de la Sine, vence\"\n\t\t\t><\/iframe>\n\t\t<\/div>\n\t\t\t\t\t\t<\/div>\n\t\t\t\t<\/div>\n\t\t\t\t\t<\/div>\n\t\t\t\t<\/div>\n\t\t\t\t<\/div>\n\t\t","protected":false},"excerpt":{"rendered":"<p>Melodies in the gardenMicheline &amp; Yves MarinoFriday 12 september 2025 (19h00) Do you want to join us, buy your tickets here Tickets \ud83c\udfb5 Dear friends, It&#8217;s been a few months since the fabulous guitarist and singer Yves and I started&#8230;<\/p>\n","protected":false},"author":4,"featured_media":0,"parent":0,"menu_order":0,"comment_status":"closed","ping_status":"closed","template":"","meta":{"footnotes":""},"class_list":["post-5635","page","type-page","status-publish","hentry"],"_links":{"self":[{"href":"https:\/\/www.michelinemusic.com\/nl\/wp-json\/wp\/v2\/pages\/5635","targetHints":{"allow":["GET"]}}],"collection":[{"href":"https:\/\/www.michelinemusic.com\/nl\/wp-json\/wp\/v2\/pages"}],"about":[{"href":"https:\/\/www.michelinemusic.com\/nl\/wp-json\/wp\/v2\/types\/page"}],"author":[{"embeddable":true,"href":"https:\/\/www.michelinemusic.com\/nl\/wp-json\/wp\/v2\/users\/4"}],"replies":[{"embeddable":true,"href":"https:\/\/www.michelinemusic.com\/nl\/wp-json\/wp\/v2\/comments?post=5635"}],"version-history":[{"count":1,"href":"https:\/\/www.michelinemusic.com\/nl\/wp-json\/wp\/v2\/pages\/5635\/revisions"}],"predecessor-version":[{"id":5636,"href":"https:\/\/www.michelinemusic.com\/nl\/wp-json\/wp\/v2\/pages\/5635\/revisions\/5636"}],"wp:attachment":[{"href":"https:\/\/www.michelinemusic.com\/nl\/wp-json\/wp\/v2\/media?parent=5635"}],"curies":[{"name":"wp","href":"https:\/\/api.w.org\/{rel}","templated":true}]}}