{"id":5744,"date":"2026-03-19T11:11:04","date_gmt":"2026-03-19T11:11:04","guid":{"rendered":"https:\/\/www.michelinemusic.com\/?page_id=5744"},"modified":"2026-04-07T09:36:38","modified_gmt":"2026-04-07T09:36:38","slug":"mm","status":"publish","type":"page","link":"https:\/\/www.michelinemusic.com\/nl\/mm\/","title":{"rendered":"Micheline &amp; Marino"},"content":{"rendered":"\t\t<div data-elementor-type=\"wp-page\" data-elementor-id=\"5744\" class=\"elementor elementor-5744\">\n\t\t\t\t<div class=\"elementor-element elementor-element-abdaf3e e-con-full e-flex e-con e-parent\" data-id=\"abdaf3e\" data-element_type=\"container\" data-e-type=\"container\">\n\t\t\t\t<div class=\"elementor-element elementor-element-54b9d7 elementor-widget elementor-widget-slider_revolution\" data-id=\"54b9d7\" data-element_type=\"widget\" data-e-type=\"widget\" data-widget_type=\"slider_revolution.default\">\n\t\t\t\t<div class=\"elementor-widget-container\">\n\t\t\t\t\t\n\t\t<div class=\"wp-block-themepunch-revslider\">\n\t\t\t<!-- START Slider M_M REVOLUTION SLIDER 6.7.29 --><p class=\"rs-p-wp-fix\"><\/p>\n\t\t\t<rs-module-wrap id=\"rev_slider_7_1_wrapper\" data-source=\"gallery\" style=\"visibility:hidden;background:transparent;padding:0;margin:0px auto;margin-top:0;margin-bottom:0;\">\n\t\t\t\t<rs-module id=\"rev_slider_7_1\" style=\"\" data-version=\"6.7.29\">\n\t\t\t\t\t<rs-slides style=\"overflow: hidden; position: absolute;\">\n\t\t\t\t\t\t<rs-slide style=\"position: absolute;\" data-key=\"rs-12\" data-title=\"Slide\" data-in=\"o:0;\" data-out=\"a:false;\">\n\t\t\t\t\t\t\t<img fetchpriority=\"high\" decoding=\"async\" src=\"\/\/www.michelinemusic.com\/wp-content\/plugins\/revslider\/sr6\/assets\/assets\/dummy.png\" alt=\"\" title=\"Micheline &#038; Marino-scrsh-YT\" width=\"1536\" height=\"884\" class=\"rev-slidebg tp-rs-img rs-lazyload\" data-lazyload=\"\/\/www.michelinemusic.com\/wp-content\/uploads\/2026\/04\/Micheline-Marino-scrsh-YT-1536x884.png\" data-no-retina>\n<!--\n\t\t\t\t\t\t\t--><rs-layer\n\t\t\t\t\t\t\t\tid=\"slider-7-slide-12-layer-0\" \n\t\t\t\t\t\t\t\tdata-type=\"text\"\n\t\t\t\t\t\t\t\tdata-color=\"#fff\"\n\t\t\t\t\t\t\t\tdata-tsh=\"h:4px,3px,2px,1px;v:4px,3px,2px,1px;b:4px,3px,2px,1px;\"\n\t\t\t\t\t\t\t\tdata-rsp_ch=\"on\"\n\t\t\t\t\t\t\t\tdata-xy=\"x:c;xo:0,0,0,-1px;yo:26px,21px,50px,36px;\"\n\t\t\t\t\t\t\t\tdata-text=\"w:normal;s:76,62,47,28;l:90,74,56,34;a:center;\"\n\t\t\t\t\t\t\t\tdata-dim=\"minh:0px,none,none,none;\"\n\t\t\t\t\t\t\t\tdata-frame_999=\"o:0;st:w;\"\n\t\t\t\t\t\t\t\tstyle=\"z-index:6;font-family:'Playfair Display';\"\n\t\t\t\t\t\t\t>Micheline & Marino \n\t\t\t\t\t\t\t<\/rs-layer><!--\n\n\t\t\t\t\t\t\t--><rs-layer\n\t\t\t\t\t\t\t\tid=\"slider-7-slide-12-layer-1\" \n\t\t\t\t\t\t\t\tdata-type=\"text\"\n\t\t\t\t\t\t\t\tdata-color=\"#fff\"\n\t\t\t\t\t\t\t\tdata-tsh=\"h:4px,3px,2px,1px;v:4px,3px,2px,1px;b:4px,3px,2px,1px;\"\n\t\t\t\t\t\t\t\tdata-rsp_ch=\"on\"\n\t\t\t\t\t\t\t\tdata-xy=\"x:c;xo:0,0,0,11px;yo:668px,551px,783px,71px;\"\n\t\t\t\t\t\t\t\tdata-text=\"w:normal;s:55,45,34,21;l:69,56,42,25;fw:400,400,400,700;\"\n\t\t\t\t\t\t\t\tdata-dim=\"minh:0,none,none,none;\"\n\t\t\t\t\t\t\t\tdata-frame_999=\"o:0;st:w;\"\n\t\t\t\t\t\t\t\tstyle=\"z-index:6;font-family:'Open Sans';\"\n\t\t\t\t\t\t\t> \n\t\t\t\t\t\t\t<\/rs-layer><!--\n-->\t\t\t\t\t<\/rs-slide>\n\t\t\t\t\t<\/rs-slides>\n\t\t\t\t<\/rs-module>\n\t\t\t\t<script>\n\t\t\t\t\tsetREVStartSize({c: 'rev_slider_7_1',rl:[1240,1024,778,480],el:[868,768,960,720],gw:[1240,1024,778,480],gh:[868,768,960,720],type:'standard',justify:'',layout:'fullwidth',mh:\"0\"});if (window.RS_MODULES!==undefined && window.RS_MODULES.modules!==undefined && window.RS_MODULES.modules[\"revslider71\"]!==undefined) {window.RS_MODULES.modules[\"revslider71\"].once = false;window.revapi7 = undefined;if (window.RS_MODULES.checkMinimal!==undefined) window.RS_MODULES.checkMinimal()}\n\t\t\t\t<\/script>\n\t\t\t<\/rs-module-wrap>\n\t\t\t<!-- END REVOLUTION SLIDER -->\n<\/div>\n\n\t\t\t\t\t\t<\/div>\n\t\t\t\t<\/div>\n\t\t\t\t<\/div>\n\t\t<div class=\"elementor-element elementor-element-d839b91 e-flex e-con-boxed e-con e-parent\" data-id=\"d839b91\" data-element_type=\"container\" data-e-type=\"container\">\n\t\t\t\t\t<div class=\"e-con-inner\">\n\t\t<div class=\"elementor-element elementor-element-320c6f80 e-con-full e-flex e-con e-child\" data-id=\"320c6f80\" data-element_type=\"container\" data-e-type=\"container\">\n\t\t\t\t<div class=\"elementor-element elementor-element-3342ac17 elementor-widget elementor-widget-text-editor\" data-id=\"3342ac17\" data-element_type=\"widget\" data-e-type=\"widget\" data-widget_type=\"text-editor.default\">\n\t\t\t\t<div class=\"elementor-widget-container\">\n\t\t\t\t\t\t\t\t\t<h4 class=\"info-box-title\">Micheline &amp; Marino<\/h4>\t\t\t\t\t\t\t\t<\/div>\n\t\t\t\t<\/div>\n\t\t\t\t<div class=\"elementor-element elementor-element-58888ad5 elementor-widget elementor-widget-text-editor\" data-id=\"58888ad5\" data-element_type=\"widget\" data-e-type=\"widget\" data-widget_type=\"text-editor.default\">\n\t\t\t\t<div class=\"elementor-widget-container\">\n\t\t\t\t\t\t\t\t\t<p>(FR en dessous &#8211; NL onderin)<\/p><p><span class=\"HwtZe\" lang=\"en\"><span class=\"jCAhz ChMk0b\"><span class=\"ryNqvb\">\ud83c\udfb5 <\/span><\/span><\/span>This exceptional duo will enchant you during an unforgettable evening, featuring the brilliant guitar of Yves Marino and the extraordinary voice of Micheline Van Hautem.<\/p><p>Enjoy a subtle and stylish blend of Anglo-Saxon classics and the great tradition of French chanson, with a touch of funk.<\/p><p>Micheline lived in New York for eight years, where she performed at Carnegie Hall. She tours internationally with various projects and has appeared at prestigious venues including the Sydney Opera House and the Concertgebouw in Amsterdam.<\/p><p>Yves Marino studied jazz in Paris, where he performed with various groups for around ten years. He later moved to Toulouse, where he further developed his career as a composer and musician. His most recent tour, with a trio, took place in Portugal.<\/p><p>In Vence, Yves founded his own recording studio, Studio4.music. There, he supports emerging artists and regularly organizes computer music workshops.<\/p><p>Watch us on Youtube:<br \/><a href=\"https:\/\/youtu.be\/_sa5866HA4g\">30 sec film<\/a><br \/>or <a href=\"https:\/\/youtu.be\/dfSF9t3mRho\">1 minute film<\/a> <br \/>Micheline on <a href=\"https:\/\/open.spotify.com\/artist\/2IFYuzGswoCAkwrxDGUh5i?\">Spotify<\/a><\/p><p><a href=\"http:\/\/www.michelinemusic.com\">www.michelinemusic.com<\/a> \u2022 <a href=\"http:\/\/www.musicstudio4.com\">www.musicstudio4.com<\/a><\/p><p>Info &amp; bookings: <br \/>+33 7 71 15 57 43<br \/><a href=\"mailto:micheline@michelinemusic.com\">micheline@michelinemusic.com<\/a><br \/>www.michelinemusic.com\/MM<\/p>\t\t\t\t\t\t\t\t<\/div>\n\t\t\t\t<\/div>\n\t\t\t\t<\/div>\n\t\t<div class=\"elementor-element elementor-element-55eaddd9 e-con-full e-flex e-con e-child\" data-id=\"55eaddd9\" data-element_type=\"container\" data-e-type=\"container\">\n\t\t\t\t<div class=\"elementor-element elementor-element-c0d9155 elementor-widget elementor-widget-text-editor\" data-id=\"c0d9155\" data-element_type=\"widget\" data-e-type=\"widget\" data-widget_type=\"text-editor.default\">\n\t\t\t\t<div class=\"elementor-widget-container\">\n\t\t\t\t\t\t\t\t\t<h4 class=\"info-box-title\">Micheline &amp; Marino<\/h4>\t\t\t\t\t\t\t\t<\/div>\n\t\t\t\t<\/div>\n\t\t\t\t<div class=\"elementor-element elementor-element-6227e49d elementor-widget elementor-widget-text-editor\" data-id=\"6227e49d\" data-element_type=\"widget\" data-e-type=\"widget\" data-widget_type=\"text-editor.default\">\n\t\t\t\t<div class=\"elementor-widget-container\">\n\t\t\t\t\t\t\t\t\t<p><span class=\"HwtZe\" lang=\"en\"><span class=\"jCAhz ChMk0b\"><span class=\"ryNqvb\">\ud83c\udfb5<\/span><\/span><\/span> Ce duo exceptionnel vous enchantera lors d\u2019une soir\u00e9e inoubliable, accompagn\u00e9e par la guitare brillante d\u2019Yves Marino et la voix extraordinaire de Micheline Van Hautem.<\/p><p>Laissez-vous s\u00e9duire par un m\u00e9lange subtil et raffin\u00e9 de classiques anglo-saxons et de la grande tradition de la chanson fran\u00e7aise, avec une touche de funk.<\/p><p>Micheline a v\u00e9cu huit ans \u00e0 New York, o\u00f9 elle s\u2019est produite au Carnegie Hall. Elle tourne \u00e0 l\u2019international avec diff\u00e9rents projets et s\u2019est produite sur des sc\u00e8nes prestigieuses telles que l\u2019Op\u00e9ra de Sydney et le Concertgebouw d\u2019Amsterdam.<\/p><p>Yves Marino a \u00e9tudi\u00e9 le jazz \u00e0 Paris, o\u00f9 il a jou\u00e9 avec divers groupes pendant une dizaine d\u2019ann\u00e9es. Il s\u2019est ensuite install\u00e9 \u00e0 Toulouse, o\u00f9 il a approfondi sa carri\u00e8re de compositeur et musicien. Sa tourn\u00e9e la plus r\u00e9cente, en trio, s\u2019est d\u00e9roul\u00e9e au Portugal.<\/p><p>\u00c0 Vence, Yves a fond\u00e9 son propre studio d\u2019enregistrement, Studio4.music. Il y accompagne de jeunes artistes et y organise r\u00e9guli\u00e8rement des ateliers de musique assist\u00e9e par ordinateur.<\/p><p>Regardez nous sur YouTube:\u00a0<br \/><a href=\"https:\/\/youtu.be\/_sa5866HA4g\">film 30 secondes<\/a><br \/><a href=\"https:\/\/youtu.be\/dfSF9t3mRho\">film une minute<\/a><br \/>Micheline sur <a href=\"https:\/\/open.spotify.com\/artist\/2IFYuzGswoCAkwrxDGUh5i?\">Spotify<\/a><\/p><p><a href=\"http:\/\/www.michelinemusic.com\">www.michelinemusic.com<\/a> \u2022 <a href=\"http:\/\/www.musicstudio4.com\">www.musicstudio4.com<\/a><\/p><p>Toutes les infos &amp; bookings: <br \/>+33 7 71 15 57 43<br \/><a href=\"mailto:micheline@michelinemusic.com\">micheline@michelinemusic.com<\/a><br \/>www.michelinemusic.com\/MM<\/p>\t\t\t\t\t\t\t\t<\/div>\n\t\t\t\t<\/div>\n\t\t\t\t<\/div>\n\t\t<div class=\"elementor-element elementor-element-9c397e2 e-con-full e-flex e-con e-child\" data-id=\"9c397e2\" data-element_type=\"container\" data-e-type=\"container\">\n\t\t\t\t<div class=\"elementor-element elementor-element-6350b872 elementor-widget elementor-widget-text-editor\" data-id=\"6350b872\" data-element_type=\"widget\" data-e-type=\"widget\" data-widget_type=\"text-editor.default\">\n\t\t\t\t<div class=\"elementor-widget-container\">\n\t\t\t\t\t\t\t\t\t<h4 class=\"info-box-title\">Micheline &amp; Marino<\/h4>\t\t\t\t\t\t\t\t<\/div>\n\t\t\t\t<\/div>\n\t\t\t\t<div class=\"elementor-element elementor-element-2374e95e elementor-widget elementor-widget-text-editor\" data-id=\"2374e95e\" data-element_type=\"widget\" data-e-type=\"widget\" data-widget_type=\"text-editor.default\">\n\t\t\t\t<div class=\"elementor-widget-container\">\n\t\t\t\t\t\t\t\t\t<p><span class=\"HwtZe\" lang=\"nl\"><span class=\"jCAhz ChMk0b\"><span class=\"ryNqvb\">\ud83c\udfb5 Dit uitzonderlijke duo zal u betoveren tijdens een onvergetelijke avond, met de briljante gitaar van Yves Marino en de buitengewone stem van Micheline Van Hautem. <\/span><\/span><\/span><\/p><p><span class=\"HwtZe\" lang=\"nl\"><span class=\"jCAhz ChMk0b\"><span class=\"ryNqvb\">Geniet van een subtiele en stijlvolle mix van Angelsaksische klassiekers en de rijke traditie van de Franse chanson, met een vleugje funk. <\/span><\/span><\/span><\/p><p>Micheline woonde acht jaar in New York, waar ze optrad in Carnegie Hall. <span class=\"jCAhz\">Ze tourt internationaal met diverse projecten en heeft opgetreden in prestigieuze zalen zoals het Sydney Opera House en het Concertgebouw in Amsterdam.<\/span><\/p><p><span class=\"HwtZe\" lang=\"nl\"><span class=\"jCAhz ChMk0b\"><span class=\"ryNqvb\">Yves Marino studeerde jazz in Parijs, waar hij ongeveer tien jaar met verschillende groepen speelde. <span class=\"jCAhz\">Later verhuisde hij naar Toulouse, waar hij zijn carri\u00e8re als componist en muzikant verder ontwikkelde.<\/span> <span class=\"jCAhz\">Zijn meest recente tournee, met een trio, vond plaats in Portugal.<\/span> <\/span><\/span><\/span><\/p><p><span class=\"HwtZe\" lang=\"nl\"><span class=\"jCAhz ChMk0b\"><span class=\"ryNqvb\"><span class=\"jCAhz\">In Vence richtte Yves zijn eigen opnamestudio op, Studio4.music.<\/span> <span class=\"jCAhz\">Daar ondersteunt hij opkomende artiesten en organiseert hij regelmatig workshops computermuziek.<\/span> <\/span><\/span><\/span><\/p><p><span class=\"HwtZe\" lang=\"nl\"><span class=\"jCAhz ChMk0b\"><span class=\"ryNqvb\">Bekijk ons op Youtube:<br \/><a href=\"https:\/\/youtu.be\/_sa5866HA4g\">30 sec film<\/a><br \/><a href=\"https:\/\/youtu.be\/dfSF9t3mRho\">1 minuut film<\/a><br \/>Micheline op <a href=\"https:\/\/open.spotify.com\/artist\/2IFYuzGswoCAkwrxDGUh5i?si=xNxjX0X3RU-WMHcwggCKkQ\">Spotify<\/a>\u00a0\u00a0<\/span><\/span><\/span><\/p><p><a href=\"http:\/\/www.michelinemusic.com\">www.michelinemusic.com<\/a> \u2022 <a href=\"http:\/\/www.musicstudio4.com\">www.musicstudio4.com<\/a><\/p><p>Info &amp; boekingen: <br \/>+33 7 71 15 57 43<br \/><a href=\"mailto:micheline@michelinemusic.com\">micheline@michelinemusic.com<\/a><br \/>www.michelinemusic.com\/MM<\/p>\t\t\t\t\t\t\t\t<\/div>\n\t\t\t\t<\/div>\n\t\t\t\t<\/div>\n\t\t\t\t\t<\/div>\n\t\t\t\t<\/div>\n\t\t<div class=\"elementor-element elementor-element-2049bc16 e-flex e-con-boxed e-con e-parent\" data-id=\"2049bc16\" data-element_type=\"container\" data-e-type=\"container\">\n\t\t\t\t\t<div class=\"e-con-inner\">\n\t\t\t\t\t<\/div>\n\t\t\t\t<\/div>\n\t\t<div class=\"elementor-element elementor-element-e2b7dee e-flex e-con-boxed e-con e-parent\" data-id=\"e2b7dee\" data-element_type=\"container\" data-e-type=\"container\">\n\t\t\t\t\t<div class=\"e-con-inner\">\n\t\t\t\t<div class=\"elementor-element elementor-element-28bfa9c elementor-widget elementor-widget-video\" data-id=\"28bfa9c\" data-element_type=\"widget\" data-e-type=\"widget\" data-settings=\"{&quot;youtube_url&quot;:&quot;https:\\\/\\\/youtu.be\\\/dfSF9t3mRho&quot;,&quot;video_type&quot;:&quot;youtube&quot;,&quot;controls&quot;:&quot;yes&quot;}\" data-widget_type=\"video.default\">\n\t\t\t\t<div class=\"elementor-widget-container\">\n\t\t\t\t\t\t\t<div class=\"elementor-wrapper elementor-open-inline\">\n\t\t\t<div class=\"elementor-video\"><\/div>\t\t<\/div>\n\t\t\t\t\t\t<\/div>\n\t\t\t\t<\/div>\n\t\t\t\t\t<\/div>\n\t\t\t\t<\/div>\n\t\t\t\t<\/div>\n\t\t","protected":false},"excerpt":{"rendered":"<p>Micheline &amp; Marino (FR en dessous &#8211; NL onderin) \ud83c\udfb5 This exceptional duo will enchant you during an unforgettable evening, featuring the brilliant guitar of Yves Marino and the extraordinary voice of Micheline Van Hautem. Enjoy a subtle and stylish&#8230;<\/p>\n","protected":false},"author":4,"featured_media":0,"parent":0,"menu_order":0,"comment_status":"closed","ping_status":"closed","template":"","meta":{"footnotes":""},"class_list":["post-5744","page","type-page","status-publish","hentry"],"_links":{"self":[{"href":"https:\/\/www.michelinemusic.com\/nl\/wp-json\/wp\/v2\/pages\/5744","targetHints":{"allow":["GET"]}}],"collection":[{"href":"https:\/\/www.michelinemusic.com\/nl\/wp-json\/wp\/v2\/pages"}],"about":[{"href":"https:\/\/www.michelinemusic.com\/nl\/wp-json\/wp\/v2\/types\/page"}],"author":[{"embeddable":true,"href":"https:\/\/www.michelinemusic.com\/nl\/wp-json\/wp\/v2\/users\/4"}],"replies":[{"embeddable":true,"href":"https:\/\/www.michelinemusic.com\/nl\/wp-json\/wp\/v2\/comments?post=5744"}],"version-history":[{"count":5,"href":"https:\/\/www.michelinemusic.com\/nl\/wp-json\/wp\/v2\/pages\/5744\/revisions"}],"predecessor-version":[{"id":5850,"href":"https:\/\/www.michelinemusic.com\/nl\/wp-json\/wp\/v2\/pages\/5744\/revisions\/5850"}],"wp:attachment":[{"href":"https:\/\/www.michelinemusic.com\/nl\/wp-json\/wp\/v2\/media?parent=5744"}],"curies":[{"name":"wp","href":"https:\/\/api.w.org\/{rel}","templated":true}]}}